{"id":4230,"date":"2024-04-10T10:46:26","date_gmt":"2024-04-10T10:46:26","guid":{"rendered":"https:\/\/luxuryinportugal.com\/pwinecastes\/product\/aldeia-de-cima-reserva-tinto-2017\/"},"modified":"2025-09-15T17:23:43","modified_gmt":"2025-09-15T17:23:43","slug":"aldeia-de-cima-reserva-tinto-2017","status":"publish","type":"product","link":"https:\/\/pwinecastes.com\/es\/product\/aldeia-de-cima-reserva-tinto-2017\/","title":{"rendered":"Aldeia de Cima Reserva Tinto 2017"},"content":{"rendered":"<p>Aldeia de Cima Reserva Tinto 2017<\/p>\n<ul>\n<li><strong>Regi\u00f3n: <\/strong>Douro<\/li>\n<li><strong>Capacidad:<\/strong> 75 cL<\/li>\n<li><strong>Variedades de uva:<\/strong>35% Trincadeira; 27% Alfrocheiro; 21% Alicante Bouschet y 17% Aragonez<\/li>\n<li><strong>Graduaci\u00f3n alcoh\u00f3lica: <\/strong>14,5%<\/li>\n<li><strong>Informaci\u00f3n adicional:<\/strong> Contiene sulfitos.<\/li>\n<\/ul>\n","protected":false},"excerpt":{"rendered":"<p>Aldeia de Cima Reserva Tinto 2017 Regi\u00f3n: Douro Capacidad: 75 cL Variedades de uva:35% Trincadeira; 27% Alfrocheiro; 21% Alicante Bouschet y 17% Aragonez Graduaci\u00f3n alcoh\u00f3lica: 14,5% Informaci\u00f3n adicional: Contiene sulfitos.<\/p>\n","protected":false},"featured_media":5067,"template":"","meta":{"_monsterinsights_skip_tracking":false,"_monsterinsights_sitenote_active":false,"_monsterinsights_sitenote_note":"","_monsterinsights_sitenote_category":0},"product_brand":[],"product_cat":[214,209,212,213,233,102],"product_tag":[],"class_list":{"0":"post-4230","1":"product","2":"type-product","3":"status-publish","4":"has-post-thumbnail","6":"product_cat-alentejo-es","7":"product_cat-pais-es-2","8":"product_cat-portugal-es-2","9":"product_cat-region-es","10":"product_cat-tinto-es-2","11":"product_cat-vinos","13":"first","14":"instock","15":"taxable","16":"shipping-taxable","17":"purchasable","18":"product-type-simple"},"aioseo_notices":[],"_links":{"self":[{"href":"https:\/\/pwinecastes.com\/es\/wp-json\/wp\/v2\/product\/4230","targetHints":{"allow":["GET"]}}],"collection":[{"href":"https:\/\/pwinecastes.com\/es\/wp-json\/wp\/v2\/product"}],"about":[{"href":"https:\/\/pwinecastes.com\/es\/wp-json\/wp\/v2\/types\/product"}],"version-history":[{"count":0,"href":"https:\/\/pwinecastes.com\/es\/wp-json\/wp\/v2\/product\/4230\/revisions"}],"wp:featuredmedia":[{"embeddable":true,"href":"https:\/\/pwinecastes.com\/es\/wp-json\/wp\/v2\/media\/5067"}],"wp:attachment":[{"href":"https:\/\/pwinecastes.com\/es\/wp-json\/wp\/v2\/media?parent=4230"}],"wp:term":[{"taxonomy":"product_brand","embeddable":true,"href":"https:\/\/pwinecastes.com\/es\/wp-json\/wp\/v2\/product_brand?post=4230"},{"taxonomy":"product_cat","embeddable":true,"href":"https:\/\/pwinecastes.com\/es\/wp-json\/wp\/v2\/product_cat?post=4230"},{"taxonomy":"product_tag","embeddable":true,"href":"https:\/\/pwinecastes.com\/es\/wp-json\/wp\/v2\/product_tag?post=4230"}],"curies":[{"name":"wp","href":"https:\/\/api.w.org\/{rel}","templated":true}]}}