{"id":4315,"date":"2024-04-10T13:15:00","date_gmt":"2024-04-10T13:15:00","guid":{"rendered":"https:\/\/luxuryinportugal.com\/pwinecastes\/product\/antao-vaz-da-peceguina-blanco-2019\/"},"modified":"2024-05-29T17:32:12","modified_gmt":"2024-05-29T17:32:12","slug":"antao-vaz-da-peceguina-blanco-2019","status":"publish","type":"product","link":"https:\/\/pwinecastes.com\/es\/product\/antao-vaz-da-peceguina-blanco-2019\/","title":{"rendered":"Ant\u00e3o Vaz da Peceguina Blanco 2019"},"content":{"rendered":"<p>Ant\u00e3o Vaz da Peceguina Blanco 2019<\/p>\n<ul>\n<li><strong>Regi\u00f3n: <\/strong>Alentejo<\/li>\n<li><strong>Capacidad:<\/strong> 75cL<\/li>\n<li><strong>Variedades de uva: <\/strong>Ant\u00e3o Vaz<\/li>\n<li><strong>Graduaci\u00f3n alcoh\u00f3lica: <\/strong>12,5<\/li>\n<li><strong>Nota de cata:<\/strong> Ant\u00e3o Vaz da Peceguina se distingue por su gran intensidad arom\u00e1tica, exuberantes notas de frutas tropicales y piel de naranja. Un vino fresco y afrutado en boca, de estructura media y buena acidez, que da como resultado un vino equilibrado, seco y con un final largo.<\/li>\n<li><strong>Armonizaci\u00f3n:<\/strong>Con pescado a la plancha<\/li>\n<li><strong>Informaci\u00f3n adicional:<\/strong> Contiene sulfitos.<\/li>\n<\/ul>\n","protected":false},"excerpt":{"rendered":"<p>Ant\u00e3o Vaz da Peceguina Blanco 2019 Regi\u00f3n: Alentejo Capacidad: 75cL Variedades de uva: Ant\u00e3o Vaz Graduaci\u00f3n alcoh\u00f3lica: 12,5 Nota de cata: Ant\u00e3o Vaz da Peceguina se distingue por su gran intensidad arom\u00e1tica, exuberantes notas de frutas tropicales y piel de naranja. Un vino fresco y afrutado en boca, de estructura media y buena acidez, que [&hellip;]<\/p>\n","protected":false},"featured_media":5158,"template":"","meta":{"_monsterinsights_skip_tracking":false,"_monsterinsights_sitenote_active":false,"_monsterinsights_sitenote_note":"","_monsterinsights_sitenote_category":0},"product_brand":[],"product_cat":[214,232,209,212,213,102],"product_tag":[],"class_list":{"0":"post-4315","1":"product","2":"type-product","3":"status-publish","4":"has-post-thumbnail","6":"product_cat-alentejo-es","7":"product_cat-blanco-es","8":"product_cat-pais-es-2","9":"product_cat-portugal-es-2","10":"product_cat-region-es","11":"product_cat-vinos","13":"first","14":"instock","15":"taxable","16":"shipping-taxable","17":"purchasable","18":"product-type-simple"},"aioseo_notices":[],"_links":{"self":[{"href":"https:\/\/pwinecastes.com\/es\/wp-json\/wp\/v2\/product\/4315","targetHints":{"allow":["GET"]}}],"collection":[{"href":"https:\/\/pwinecastes.com\/es\/wp-json\/wp\/v2\/product"}],"about":[{"href":"https:\/\/pwinecastes.com\/es\/wp-json\/wp\/v2\/types\/product"}],"version-history":[{"count":0,"href":"https:\/\/pwinecastes.com\/es\/wp-json\/wp\/v2\/product\/4315\/revisions"}],"wp:featuredmedia":[{"embeddable":true,"href":"https:\/\/pwinecastes.com\/es\/wp-json\/wp\/v2\/media\/5158"}],"wp:attachment":[{"href":"https:\/\/pwinecastes.com\/es\/wp-json\/wp\/v2\/media?parent=4315"}],"wp:term":[{"taxonomy":"product_brand","embeddable":true,"href":"https:\/\/pwinecastes.com\/es\/wp-json\/wp\/v2\/product_brand?post=4315"},{"taxonomy":"product_cat","embeddable":true,"href":"https:\/\/pwinecastes.com\/es\/wp-json\/wp\/v2\/product_cat?post=4315"},{"taxonomy":"product_tag","embeddable":true,"href":"https:\/\/pwinecastes.com\/es\/wp-json\/wp\/v2\/product_tag?post=4315"}],"curies":[{"name":"wp","href":"https:\/\/api.w.org\/{rel}","templated":true}]}}