{"id":4329,"date":"2024-04-10T13:31:16","date_gmt":"2024-04-10T13:31:16","guid":{"rendered":"https:\/\/luxuryinportugal.com\/pwinecastes\/product\/antonia-adelaide-ferreira-blanco-2015\/"},"modified":"2024-06-22T11:01:01","modified_gmt":"2024-06-22T11:01:01","slug":"antonia-adelaide-ferreira-blanco-2015","status":"publish","type":"product","link":"https:\/\/pwinecastes.com\/es\/product\/antonia-adelaide-ferreira-blanco-2015\/","title":{"rendered":"Ant\u00f3nia Adelaide Ferreira Blanco 2015"},"content":{"rendered":"<p>Ant\u00f3nia Adelaide Ferreira Blanco 2015<\/p>\n<ul>\n<li><strong>Regi\u00f3n: <\/strong>Douro<\/li>\n<li><strong>Capacidad:<\/strong> 75cL<\/li>\n<li><strong>Variedades de uva: <\/strong>Arinto y Viosinho<\/li>\n<li><strong>Graduaci\u00f3n alcoh\u00f3lica: <\/strong>13%<\/li>\n<li><strong>Nota de cata:<\/strong> Color c\u00edtrico brillante con ligeros matices dorados. Aroma intenso y complejo, con notas florales, frutas blancas de hueso, ligeros frutos secos como avellanas, pedregoso y con madera muy bien integrada. En boca tiene un volumen excelente, una acidez vibrante, presencia de frutas blancas, frutas de hueso, un sabor ligeramente arbustivo y un final extremadamente largo y elegante.<\/li>\n<li><strong>Armonizaci\u00f3n:<\/strong> Ideal con platos de pescado.<\/li>\n<li><strong>Informaci\u00f3n adicional:<\/strong> Contiene sulfitos.<\/li>\n<\/ul>\n","protected":false},"excerpt":{"rendered":"<p>Ant\u00f3nia Adelaide Ferreira Blanco 2015 Regi\u00f3n: Douro Capacidad: 75cL Variedades de uva: Arinto y Viosinho Graduaci\u00f3n alcoh\u00f3lica: 13% Nota de cata: Color c\u00edtrico brillante con ligeros matices dorados. Aroma intenso y complejo, con notas florales, frutas blancas de hueso, ligeros frutos secos como avellanas, pedregoso y con madera muy bien integrada. En boca tiene un [&hellip;]<\/p>\n","protected":false},"featured_media":5179,"template":"","meta":{"_monsterinsights_skip_tracking":false,"_monsterinsights_sitenote_active":false,"_monsterinsights_sitenote_note":"","_monsterinsights_sitenote_category":0},"product_brand":[],"product_cat":[261,217,209,212,213,102],"product_tag":[],"class_list":{"0":"post-4329","1":"product","2":"type-product","3":"status-publish","4":"has-post-thumbnail","6":"product_cat-blanco-es-4","7":"product_cat-douro-es","8":"product_cat-pais-es-2","9":"product_cat-portugal-es-2","10":"product_cat-region-es","11":"product_cat-vinos","13":"first","14":"outofstock","15":"taxable","16":"shipping-taxable","17":"purchasable","18":"product-type-simple"},"aioseo_notices":[],"_links":{"self":[{"href":"https:\/\/pwinecastes.com\/es\/wp-json\/wp\/v2\/product\/4329","targetHints":{"allow":["GET"]}}],"collection":[{"href":"https:\/\/pwinecastes.com\/es\/wp-json\/wp\/v2\/product"}],"about":[{"href":"https:\/\/pwinecastes.com\/es\/wp-json\/wp\/v2\/types\/product"}],"version-history":[{"count":0,"href":"https:\/\/pwinecastes.com\/es\/wp-json\/wp\/v2\/product\/4329\/revisions"}],"wp:featuredmedia":[{"embeddable":true,"href":"https:\/\/pwinecastes.com\/es\/wp-json\/wp\/v2\/media\/5179"}],"wp:attachment":[{"href":"https:\/\/pwinecastes.com\/es\/wp-json\/wp\/v2\/media?parent=4329"}],"wp:term":[{"taxonomy":"product_brand","embeddable":true,"href":"https:\/\/pwinecastes.com\/es\/wp-json\/wp\/v2\/product_brand?post=4329"},{"taxonomy":"product_cat","embeddable":true,"href":"https:\/\/pwinecastes.com\/es\/wp-json\/wp\/v2\/product_cat?post=4329"},{"taxonomy":"product_tag","embeddable":true,"href":"https:\/\/pwinecastes.com\/es\/wp-json\/wp\/v2\/product_tag?post=4329"}],"curies":[{"name":"wp","href":"https:\/\/api.w.org\/{rel}","templated":true}]}}