{"id":4340,"date":"2024-04-10T13:42:04","date_gmt":"2024-04-10T13:42:04","guid":{"rendered":"https:\/\/luxuryinportugal.com\/pwinecastes\/product\/antonio-adelaide-ferreira-tinto-2016\/"},"modified":"2024-04-11T15:03:30","modified_gmt":"2024-04-11T15:03:30","slug":"antonio-adelaide-ferreira-tinto-2016","status":"publish","type":"product","link":"https:\/\/pwinecastes.com\/es\/product\/antonio-adelaide-ferreira-tinto-2016\/","title":{"rendered":"Ant\u00f3nia Adelaide Ferreira Tinto 2016"},"content":{"rendered":"<p>Ant\u00f3nia Adelaide Ferreira Tinto 2016<\/p>\n<ul>\n<li><strong>Regi\u00f3n: <\/strong>Douro<\/li>\n<li><strong>Capacidad:<\/strong> 75cL<\/li>\n<li><strong>Variedades de uva: <\/strong>40% Touriga Nacional, 40% Touriga Franca, 15% Vinhas Velhas, 5% Sous\u00e3o<\/li>\n<li><strong>Graduaci\u00f3n alcoh\u00f3lica: <\/strong>13,5<\/li>\n<li><strong>Nota de cata:<\/strong> Color rub\u00ed. Aroma muy intenso y complejo, con evidentes notas especiadas, una ligera resina bals\u00e1mica, frutos rojos frescos y una madera discreta y bien integrada. En boca tiene buen volumen y acidez bien integrada. Destacan notas de fruta roja y especias, especialmente pimienta. Los taninos est\u00e1n muy presentes, pero son redondos y suaves. El final es muy elegante, persistente y armonioso.<\/li>\n<li><strong>Maridaje:<\/strong> Ideal con quesos, carnes rojas y platos de caza.<\/li>\n<li><strong>Informaci\u00f3n adicional:<\/strong> Contiene sulfitos.<\/li>\n<\/ul>\n","protected":false},"excerpt":{"rendered":"<p>Ant\u00f3nia Adelaide Ferreira Tinto 2016 Regi\u00f3n: Douro Capacidad: 75cL Variedades de uva: 40% Touriga Nacional, 40% Touriga Franca, 15% Vinhas Velhas, 5% Sous\u00e3o Graduaci\u00f3n alcoh\u00f3lica: 13,5 Nota de cata: Color rub\u00ed. Aroma muy intenso y complejo, con evidentes notas especiadas, una ligera resina bals\u00e1mica, frutos rojos frescos y una madera discreta y bien integrada. En [&hellip;]<\/p>\n","protected":false},"featured_media":5196,"template":"","meta":{"_monsterinsights_skip_tracking":false,"_monsterinsights_sitenote_active":false,"_monsterinsights_sitenote_note":"","_monsterinsights_sitenote_category":0},"product_brand":[],"product_cat":[217,209,212,213,262,102],"product_tag":[],"class_list":{"0":"post-4340","1":"product","2":"type-product","3":"status-publish","4":"has-post-thumbnail","6":"product_cat-douro-es","7":"product_cat-pais-es-2","8":"product_cat-portugal-es-2","9":"product_cat-region-es","10":"product_cat-tinto-es-5","11":"product_cat-vinos","13":"first","14":"instock","15":"taxable","16":"shipping-taxable","17":"purchasable","18":"product-type-simple"},"aioseo_notices":[],"_links":{"self":[{"href":"https:\/\/pwinecastes.com\/es\/wp-json\/wp\/v2\/product\/4340","targetHints":{"allow":["GET"]}}],"collection":[{"href":"https:\/\/pwinecastes.com\/es\/wp-json\/wp\/v2\/product"}],"about":[{"href":"https:\/\/pwinecastes.com\/es\/wp-json\/wp\/v2\/types\/product"}],"version-history":[{"count":0,"href":"https:\/\/pwinecastes.com\/es\/wp-json\/wp\/v2\/product\/4340\/revisions"}],"wp:featuredmedia":[{"embeddable":true,"href":"https:\/\/pwinecastes.com\/es\/wp-json\/wp\/v2\/media\/5196"}],"wp:attachment":[{"href":"https:\/\/pwinecastes.com\/es\/wp-json\/wp\/v2\/media?parent=4340"}],"wp:term":[{"taxonomy":"product_brand","embeddable":true,"href":"https:\/\/pwinecastes.com\/es\/wp-json\/wp\/v2\/product_brand?post=4340"},{"taxonomy":"product_cat","embeddable":true,"href":"https:\/\/pwinecastes.com\/es\/wp-json\/wp\/v2\/product_cat?post=4340"},{"taxonomy":"product_tag","embeddable":true,"href":"https:\/\/pwinecastes.com\/es\/wp-json\/wp\/v2\/product_tag?post=4340"}],"curies":[{"name":"wp","href":"https:\/\/api.w.org\/{rel}","templated":true}]}}