{"id":4394,"date":"2024-04-10T14:06:10","date_gmt":"2024-04-10T14:06:10","guid":{"rendered":"https:\/\/luxuryinportugal.com\/pwinecastes\/product\/oboe-17\/"},"modified":"2024-05-29T17:42:03","modified_gmt":"2024-05-29T17:42:03","slug":"oboe-17","status":"publish","type":"product","link":"https:\/\/pwinecastes.com\/es\/product\/oboe-17\/","title":{"rendered":"Oboe 17"},"content":{"rendered":"<p>Oboe 17<\/p>\n<ul>\n<li><strong>Regi\u00f3n: <\/strong>Douro<\/li>\n<li><strong>Capacidad:<\/strong> 75cL<\/li>\n<li><strong>Variedades de uva: <\/strong>Touriga Nacional, Tinto Roriz, Touriga Franca y Tinta Barrouca<\/li>\n<li><strong>Graduaci\u00f3n alcoh\u00f3lica: <\/strong>17%Vol.<\/li>\n<li><strong>Nota de cata:<\/strong> Color profundo y aromas densos, voluminoso en boca con un final intenso y largo.<\/li>\n<li><strong>Armonizaci\u00f3n: <\/strong>Ideal con platos elaborados, embutidos y quesos.<\/li>\n<li><strong>Informaci\u00f3n adicional:<\/strong> Contiene sulfitos.<\/li>\n<\/ul>\n","protected":false},"excerpt":{"rendered":"<p>Oboe 17 Regi\u00f3n: Douro Capacidad: 75cL Variedades de uva: Touriga Nacional, Tinto Roriz, Touriga Franca y Tinta Barrouca Graduaci\u00f3n alcoh\u00f3lica: 17%Vol. Nota de cata: Color profundo y aromas densos, voluminoso en boca con un final intenso y largo. Armonizaci\u00f3n: Ideal con platos elaborados, embutidos y quesos. Informaci\u00f3n adicional: Contiene sulfitos.<\/p>\n","protected":false},"featured_media":4379,"template":"","meta":{"_monsterinsights_skip_tracking":false,"_monsterinsights_sitenote_active":false,"_monsterinsights_sitenote_note":"","_monsterinsights_sitenote_category":0},"product_brand":[],"product_cat":[217,209,212,213,262,102],"product_tag":[],"class_list":{"0":"post-4394","1":"product","2":"type-product","3":"status-publish","4":"has-post-thumbnail","6":"product_cat-douro-es","7":"product_cat-pais-es-2","8":"product_cat-portugal-es-2","9":"product_cat-region-es","10":"product_cat-tinto-es-5","11":"product_cat-vinos","13":"first","14":"instock","15":"taxable","16":"shipping-taxable","17":"purchasable","18":"product-type-simple"},"aioseo_notices":[],"_links":{"self":[{"href":"https:\/\/pwinecastes.com\/es\/wp-json\/wp\/v2\/product\/4394","targetHints":{"allow":["GET"]}}],"collection":[{"href":"https:\/\/pwinecastes.com\/es\/wp-json\/wp\/v2\/product"}],"about":[{"href":"https:\/\/pwinecastes.com\/es\/wp-json\/wp\/v2\/types\/product"}],"version-history":[{"count":0,"href":"https:\/\/pwinecastes.com\/es\/wp-json\/wp\/v2\/product\/4394\/revisions"}],"wp:featuredmedia":[{"embeddable":true,"href":"https:\/\/pwinecastes.com\/es\/wp-json\/wp\/v2\/media\/4379"}],"wp:attachment":[{"href":"https:\/\/pwinecastes.com\/es\/wp-json\/wp\/v2\/media?parent=4394"}],"wp:term":[{"taxonomy":"product_brand","embeddable":true,"href":"https:\/\/pwinecastes.com\/es\/wp-json\/wp\/v2\/product_brand?post=4394"},{"taxonomy":"product_cat","embeddable":true,"href":"https:\/\/pwinecastes.com\/es\/wp-json\/wp\/v2\/product_cat?post=4394"},{"taxonomy":"product_tag","embeddable":true,"href":"https:\/\/pwinecastes.com\/es\/wp-json\/wp\/v2\/product_tag?post=4394"}],"curies":[{"name":"wp","href":"https:\/\/api.w.org\/{rel}","templated":true}]}}