{"id":4554,"date":"2024-04-10T15:15:33","date_gmt":"2024-04-10T15:15:33","guid":{"rendered":"https:\/\/luxuryinportugal.com\/pwinecastes\/product\/palacio-dos-tavoras-grande-reserva-vinhas-velhas-2016\/"},"modified":"2025-07-12T13:12:43","modified_gmt":"2025-07-12T13:12:43","slug":"palacio-dos-tavoras-grande-reserva-vinhas-velhas-2016","status":"publish","type":"product","link":"https:\/\/pwinecastes.com\/es\/product\/palacio-dos-tavoras-grande-reserva-vinhas-velhas-2016\/","title":{"rendered":"Pal\u00e1cio dos T\u00e1voras Grande Reserva Vinhas Velhas 2020"},"content":{"rendered":"<p>Pal\u00e1cio dos T\u00e1voras Grande Reserva Vinhas Velhas 2020<\/p>\n<ul>\n<li><strong>Regi\u00f3n: <\/strong>Tr\u00e1s-os-Montes.<\/li>\n<li><strong>Capacidad:<\/strong> 75 cL<\/li>\n<li><strong>Cepas: <\/strong>Vinhas Velhas.<\/li>\n<li><strong>Graduaci\u00f3n alcoh\u00f3lica: <\/strong>14,5% vol.<\/li>\n<li><strong>Informaci\u00f3n adicional:<\/strong> Contiene sulfitos.<\/li>\n<\/ul>\n","protected":false},"excerpt":{"rendered":"<p>Pal\u00e1cio dos T\u00e1voras Grande Reserva Vinhas Velhas 2020 Regi\u00f3n: Tr\u00e1s-os-Montes. Capacidad: 75 cL Cepas: Vinhas Velhas. Graduaci\u00f3n alcoh\u00f3lica: 14,5% vol. Informaci\u00f3n adicional: Contiene sulfitos.<\/p>\n","protected":false},"featured_media":19031,"template":"","meta":{"_monsterinsights_skip_tracking":false,"_monsterinsights_sitenote_active":false,"_monsterinsights_sitenote_note":"","_monsterinsights_sitenote_category":0},"product_brand":[],"product_cat":[217,209,212,213,262,376,102],"product_tag":[],"class_list":{"0":"post-4554","1":"product","2":"type-product","3":"status-publish","4":"has-post-thumbnail","6":"product_cat-douro-es","7":"product_cat-pais-es-2","8":"product_cat-portugal-es-2","9":"product_cat-region-es","10":"product_cat-tinto-es-5","11":"product_cat-tras-os-montes-es","12":"product_cat-vinos","14":"first","15":"instock","16":"taxable","17":"shipping-taxable","18":"purchasable","19":"product-type-simple"},"aioseo_notices":[],"_links":{"self":[{"href":"https:\/\/pwinecastes.com\/es\/wp-json\/wp\/v2\/product\/4554","targetHints":{"allow":["GET"]}}],"collection":[{"href":"https:\/\/pwinecastes.com\/es\/wp-json\/wp\/v2\/product"}],"about":[{"href":"https:\/\/pwinecastes.com\/es\/wp-json\/wp\/v2\/types\/product"}],"version-history":[{"count":0,"href":"https:\/\/pwinecastes.com\/es\/wp-json\/wp\/v2\/product\/4554\/revisions"}],"wp:featuredmedia":[{"embeddable":true,"href":"https:\/\/pwinecastes.com\/es\/wp-json\/wp\/v2\/media\/19031"}],"wp:attachment":[{"href":"https:\/\/pwinecastes.com\/es\/wp-json\/wp\/v2\/media?parent=4554"}],"wp:term":[{"taxonomy":"product_brand","embeddable":true,"href":"https:\/\/pwinecastes.com\/es\/wp-json\/wp\/v2\/product_brand?post=4554"},{"taxonomy":"product_cat","embeddable":true,"href":"https:\/\/pwinecastes.com\/es\/wp-json\/wp\/v2\/product_cat?post=4554"},{"taxonomy":"product_tag","embeddable":true,"href":"https:\/\/pwinecastes.com\/es\/wp-json\/wp\/v2\/product_tag?post=4554"}],"curies":[{"name":"wp","href":"https:\/\/api.w.org\/{rel}","templated":true}]}}