{"id":4579,"date":"2024-04-10T15:40:28","date_gmt":"2024-04-10T15:40:28","guid":{"rendered":"https:\/\/luxuryinportugal.com\/pwinecastes\/product\/pera-grave-blanco-2020\/"},"modified":"2024-04-10T15:40:28","modified_gmt":"2024-04-10T15:40:28","slug":"pera-grave-blanco-2020","status":"publish","type":"product","link":"https:\/\/pwinecastes.com\/es\/product\/pera-grave-blanco-2020\/","title":{"rendered":"P\u00eara-Grave Blanco 2020"},"content":{"rendered":"<p>P\u00eara-Grave Blanco 2020<\/p>\n<ul>\n<li><strong>Regi\u00f3n: <\/strong>Alentejo<\/li>\n<li><strong>Capacidad:<\/strong> 75cL<\/li>\n<li><strong>Variedades de uva: <\/strong>Arinto, Alvarinho y Verdelho.<\/li>\n<li><strong>Graduaci\u00f3n alcoh\u00f3lica: <\/strong>13%<\/li>\n<li><strong>Nota de cata:<\/strong> Color y aroma c\u00edtricos. Las frutas blancas y tropicales est\u00e1n muy bien combinadas con un sutil toque de vainilla procedente de la crianza en madera. En boca se caracteriza por una acidez equilibrada y la frescura de las frutas blancas y tropicales. Este vino es muy mineral y tiene un buen volumen en boca debido al batonage.<\/li>\n<li><strong>Maridaje: <\/strong>Combina bien con pescados grasos, asados y a la parrilla.<\/li>\n<li><strong>Informaci\u00f3n adicional:<\/strong> Contiene sulfitos.<\/li>\n<\/ul>\n","protected":false},"excerpt":{"rendered":"<p>P\u00eara-Grave Blanco 2020 Regi\u00f3n: Alentejo Capacidad: 75cL Variedades de uva: Arinto, Alvarinho y Verdelho. Graduaci\u00f3n alcoh\u00f3lica: 13% Nota de cata: Color y aroma c\u00edtricos. Las frutas blancas y tropicales est\u00e1n muy bien combinadas con un sutil toque de vainilla procedente de la crianza en madera. En boca se caracteriza por una acidez equilibrada y la [&hellip;]<\/p>\n","protected":false},"featured_media":4576,"template":"","meta":{"_monsterinsights_skip_tracking":false,"_monsterinsights_sitenote_active":false,"_monsterinsights_sitenote_note":"","_monsterinsights_sitenote_category":0},"product_brand":[],"product_cat":[214,232,209,212,213,102],"product_tag":[],"class_list":{"0":"post-4579","1":"product","2":"type-product","3":"status-publish","4":"has-post-thumbnail","6":"product_cat-alentejo-es","7":"product_cat-blanco-es","8":"product_cat-pais-es-2","9":"product_cat-portugal-es-2","10":"product_cat-region-es","11":"product_cat-vinos","13":"first","14":"instock","15":"taxable","16":"shipping-taxable","17":"purchasable","18":"product-type-simple"},"aioseo_notices":[],"_links":{"self":[{"href":"https:\/\/pwinecastes.com\/es\/wp-json\/wp\/v2\/product\/4579","targetHints":{"allow":["GET"]}}],"collection":[{"href":"https:\/\/pwinecastes.com\/es\/wp-json\/wp\/v2\/product"}],"about":[{"href":"https:\/\/pwinecastes.com\/es\/wp-json\/wp\/v2\/types\/product"}],"version-history":[{"count":0,"href":"https:\/\/pwinecastes.com\/es\/wp-json\/wp\/v2\/product\/4579\/revisions"}],"wp:featuredmedia":[{"embeddable":true,"href":"https:\/\/pwinecastes.com\/es\/wp-json\/wp\/v2\/media\/4576"}],"wp:attachment":[{"href":"https:\/\/pwinecastes.com\/es\/wp-json\/wp\/v2\/media?parent=4579"}],"wp:term":[{"taxonomy":"product_brand","embeddable":true,"href":"https:\/\/pwinecastes.com\/es\/wp-json\/wp\/v2\/product_brand?post=4579"},{"taxonomy":"product_cat","embeddable":true,"href":"https:\/\/pwinecastes.com\/es\/wp-json\/wp\/v2\/product_cat?post=4579"},{"taxonomy":"product_tag","embeddable":true,"href":"https:\/\/pwinecastes.com\/es\/wp-json\/wp\/v2\/product_tag?post=4579"}],"curies":[{"name":"wp","href":"https:\/\/api.w.org\/{rel}","templated":true}]}}