{"id":4597,"date":"2024-04-10T16:08:00","date_gmt":"2024-04-10T16:08:00","guid":{"rendered":"https:\/\/luxuryinportugal.com\/pwinecastes\/product\/bella-elegance-sauvignon-blanc-2022\/"},"modified":"2025-08-04T14:04:26","modified_gmt":"2025-08-04T14:04:26","slug":"bella-elegance-sauvignon-blanc-2022","status":"publish","type":"product","link":"https:\/\/pwinecastes.com\/es\/product\/bella-elegance-sauvignon-blanc-2022\/","title":{"rendered":"Bella El\u00e9gance Sauvignon Blanc 2023"},"content":{"rendered":"<p>Bella El\u00e9gance Sauvignon Blanc 2023<\/p>\n<ul>\n<li><strong>Regi\u00f3n: <\/strong>D\u00e3o<\/li>\n<li><strong>Capacidad:<\/strong> 75 cL<\/li>\n<li><strong>Variedades:<\/strong> Sauvignon Blanc<\/li>\n<li><strong>Graduaci\u00f3n alcoh\u00f3lica: <\/strong>14%<\/li>\n<li><strong>Nota de cata:<\/strong> Con una densidad de 7000 cepas por hect\u00e1rea y, en consecuencia, una baja producci\u00f3n, no es de extra\u00f1ar que se trate de un vino concentrado e intenso. Con sabores c\u00edtricos y varietales por excelencia. Es un vino cremoso con una textura fuerte.<\/li>\n<li><strong>Maridaje: <\/strong>Excelente con platos de pescado.<\/li>\n<li><strong>Informaci\u00f3n adicional:<\/strong> Contiene sulfitos.<\/li>\n<\/ul>\n","protected":false},"excerpt":{"rendered":"<p>Bella El\u00e9gance Sauvignon Blanc 2023 Regi\u00f3n: D\u00e3o Capacidad: 75 cL Variedades: Sauvignon Blanc Graduaci\u00f3n alcoh\u00f3lica: 14% Nota de cata: Con una densidad de 7000 cepas por hect\u00e1rea y, en consecuencia, una baja producci\u00f3n, no es de extra\u00f1ar que se trate de un vino concentrado e intenso. Con sabores c\u00edtricos y varietales por excelencia. Es un [&hellip;]<\/p>\n","protected":false},"featured_media":19165,"template":"","meta":{"_monsterinsights_skip_tracking":false,"_monsterinsights_sitenote_active":false,"_monsterinsights_sitenote_note":"","_monsterinsights_sitenote_category":0},"product_brand":[],"product_cat":[250,216,209,212,213,102],"product_tag":[],"class_list":{"0":"post-4597","1":"product","2":"type-product","3":"status-publish","4":"has-post-thumbnail","6":"product_cat-blanco-es-3","7":"product_cat-dao-es","8":"product_cat-pais-es-2","9":"product_cat-portugal-es-2","10":"product_cat-region-es","11":"product_cat-vinos","13":"first","14":"instock","15":"taxable","16":"shipping-taxable","17":"purchasable","18":"product-type-simple"},"aioseo_notices":[],"_links":{"self":[{"href":"https:\/\/pwinecastes.com\/es\/wp-json\/wp\/v2\/product\/4597","targetHints":{"allow":["GET"]}}],"collection":[{"href":"https:\/\/pwinecastes.com\/es\/wp-json\/wp\/v2\/product"}],"about":[{"href":"https:\/\/pwinecastes.com\/es\/wp-json\/wp\/v2\/types\/product"}],"version-history":[{"count":0,"href":"https:\/\/pwinecastes.com\/es\/wp-json\/wp\/v2\/product\/4597\/revisions"}],"wp:featuredmedia":[{"embeddable":true,"href":"https:\/\/pwinecastes.com\/es\/wp-json\/wp\/v2\/media\/19165"}],"wp:attachment":[{"href":"https:\/\/pwinecastes.com\/es\/wp-json\/wp\/v2\/media?parent=4597"}],"wp:term":[{"taxonomy":"product_brand","embeddable":true,"href":"https:\/\/pwinecastes.com\/es\/wp-json\/wp\/v2\/product_brand?post=4597"},{"taxonomy":"product_cat","embeddable":true,"href":"https:\/\/pwinecastes.com\/es\/wp-json\/wp\/v2\/product_cat?post=4597"},{"taxonomy":"product_tag","embeddable":true,"href":"https:\/\/pwinecastes.com\/es\/wp-json\/wp\/v2\/product_tag?post=4597"}],"curies":[{"name":"wp","href":"https:\/\/api.w.org\/{rel}","templated":true}]}}