{"id":4628,"date":"2024-04-10T16:51:47","date_gmt":"2024-04-10T16:51:47","guid":{"rendered":"https:\/\/luxuryinportugal.com\/pwinecastes\/product\/bella-superior-tinto-touriga-nacional-2017\/"},"modified":"2024-09-11T16:28:22","modified_gmt":"2024-09-11T16:28:22","slug":"bella-superior-tinto-touriga-nacional-2017","status":"publish","type":"product","link":"https:\/\/pwinecastes.com\/es\/product\/bella-superior-tinto-touriga-nacional-2017\/","title":{"rendered":"Bella Elegance Touriga Nacional 2019"},"content":{"rendered":"<p>Bella Elegance Touriga Nacional 2019<\/p>\n<ul>\n<li><strong>Regi\u00f3n:<\/strong> D\u00e3o.<\/li>\n<li><strong>Capacidad:<\/strong> 75cL<\/li>\n<li><strong>Cepas: <\/strong>Touriga Nacional.<\/li>\n<li><strong>Graduaci\u00f3n alcoh\u00f3lica: <\/strong>14%vol.<\/li>\n<li><strong>Nota de cata: <\/strong>Aromas intensos de frutos negros con tonos viol\u00e1ceos. Es joven, fresco, con taninos armoniosos y persistentes. Su acidez es perfecta con platos de carne y quesos curados.<\/li>\n<li><strong>Maridaje: <\/strong>Platos de carne.<\/li>\n<li><strong>Informaci\u00f3n adicional:<\/strong> Contiene sulfitos.<\/li>\n<\/ul>\n","protected":false},"excerpt":{"rendered":"<p>Bella Elegance Touriga Nacional 2019 Regi\u00f3n: D\u00e3o. Capacidad: 75cL Cepas: Touriga Nacional. Graduaci\u00f3n alcoh\u00f3lica: 14%vol. Nota de cata: Aromas intensos de frutos negros con tonos viol\u00e1ceos. Es joven, fresco, con taninos armoniosos y persistentes. Su acidez es perfecta con platos de carne y quesos curados. Maridaje: Platos de carne. Informaci\u00f3n adicional: Contiene sulfitos.<\/p>\n","protected":false},"featured_media":14576,"template":"","meta":{"_monsterinsights_skip_tracking":false,"_monsterinsights_sitenote_active":false,"_monsterinsights_sitenote_note":"","_monsterinsights_sitenote_category":0},"product_brand":[],"product_cat":[216,209,212,213,249,102],"product_tag":[],"class_list":{"0":"post-4628","1":"product","2":"type-product","3":"status-publish","4":"has-post-thumbnail","6":"product_cat-dao-es","7":"product_cat-pais-es-2","8":"product_cat-portugal-es-2","9":"product_cat-region-es","10":"product_cat-tinto-es-4","11":"product_cat-vinos","13":"first","14":"instock","15":"taxable","16":"shipping-taxable","17":"purchasable","18":"product-type-simple"},"aioseo_notices":[],"_links":{"self":[{"href":"https:\/\/pwinecastes.com\/es\/wp-json\/wp\/v2\/product\/4628","targetHints":{"allow":["GET"]}}],"collection":[{"href":"https:\/\/pwinecastes.com\/es\/wp-json\/wp\/v2\/product"}],"about":[{"href":"https:\/\/pwinecastes.com\/es\/wp-json\/wp\/v2\/types\/product"}],"version-history":[{"count":0,"href":"https:\/\/pwinecastes.com\/es\/wp-json\/wp\/v2\/product\/4628\/revisions"}],"wp:featuredmedia":[{"embeddable":true,"href":"https:\/\/pwinecastes.com\/es\/wp-json\/wp\/v2\/media\/14576"}],"wp:attachment":[{"href":"https:\/\/pwinecastes.com\/es\/wp-json\/wp\/v2\/media?parent=4628"}],"wp:term":[{"taxonomy":"product_brand","embeddable":true,"href":"https:\/\/pwinecastes.com\/es\/wp-json\/wp\/v2\/product_brand?post=4628"},{"taxonomy":"product_cat","embeddable":true,"href":"https:\/\/pwinecastes.com\/es\/wp-json\/wp\/v2\/product_cat?post=4628"},{"taxonomy":"product_tag","embeddable":true,"href":"https:\/\/pwinecastes.com\/es\/wp-json\/wp\/v2\/product_tag?post=4628"}],"curies":[{"name":"wp","href":"https:\/\/api.w.org\/{rel}","templated":true}]}}