{"id":4639,"date":"2024-04-10T17:04:21","date_gmt":"2024-04-10T17:04:21","guid":{"rendered":"https:\/\/luxuryinportugal.com\/pwinecastes\/product\/boa-vista-reserva-tinto-2016\/"},"modified":"2024-04-10T17:04:21","modified_gmt":"2024-04-10T17:04:21","slug":"boa-vista-reserva-tinto-2016","status":"publish","type":"product","link":"https:\/\/pwinecastes.com\/es\/product\/boa-vista-reserva-tinto-2016\/","title":{"rendered":"Boa Vista Reserva Tinto 2016"},"content":{"rendered":"<p>Boa Vista Reserva Tinto 2016<\/p>\n<ul>\n<li><strong>Regi\u00f3n: <\/strong>Pinh\u00e3o, Douro, Portugal<\/li>\n<li><strong>Capacidad:<\/strong> 75cL<\/li>\n<li><strong>Variedades de uva: <\/strong>cepas viejas<\/li>\n<li><strong>Graduaci\u00f3n alcoh\u00f3lica: <\/strong>14%<\/li>\n<li><strong>Nota de cata:<\/strong> Color rojo brillante con buena intensidad. En nariz, con un aroma muy joven, destacan las notas de fruta roja, armonizando con recuerdos florales &#8211; jara, iris &#8211; y especiados &#8211; an\u00eds, hinojo. Fresco, complejo, con notas tostadas. En boca es elegante y compacto, con un final largo y muy arom\u00e1tico.<\/li>\n<li><strong>Maridaje<\/strong>: Carnes rojas, caza y quesos.<\/li>\n<li><strong>Informaci\u00f3n adicional:<\/strong> Contiene sulfitos.<\/li>\n<\/ul>\n","protected":false},"excerpt":{"rendered":"<p>Boa Vista Reserva Tinto 2016 Regi\u00f3n: Pinh\u00e3o, Douro, Portugal Capacidad: 75cL Variedades de uva: cepas viejas Graduaci\u00f3n alcoh\u00f3lica: 14% Nota de cata: Color rojo brillante con buena intensidad. En nariz, con un aroma muy joven, destacan las notas de fruta roja, armonizando con recuerdos florales &#8211; jara, iris &#8211; y especiados &#8211; an\u00eds, hinojo. Fresco, [&hellip;]<\/p>\n","protected":false},"featured_media":5410,"template":"","meta":{"_monsterinsights_skip_tracking":false,"_monsterinsights_sitenote_active":false,"_monsterinsights_sitenote_note":"","_monsterinsights_sitenote_category":0},"product_brand":[],"product_cat":[217,209,212,213,262,102],"product_tag":[],"class_list":{"0":"post-4639","1":"product","2":"type-product","3":"status-publish","4":"has-post-thumbnail","6":"product_cat-douro-es","7":"product_cat-pais-es-2","8":"product_cat-portugal-es-2","9":"product_cat-region-es","10":"product_cat-tinto-es-5","11":"product_cat-vinos","13":"first","14":"instock","15":"taxable","16":"shipping-taxable","17":"purchasable","18":"product-type-simple"},"aioseo_notices":[],"_links":{"self":[{"href":"https:\/\/pwinecastes.com\/es\/wp-json\/wp\/v2\/product\/4639","targetHints":{"allow":["GET"]}}],"collection":[{"href":"https:\/\/pwinecastes.com\/es\/wp-json\/wp\/v2\/product"}],"about":[{"href":"https:\/\/pwinecastes.com\/es\/wp-json\/wp\/v2\/types\/product"}],"version-history":[{"count":0,"href":"https:\/\/pwinecastes.com\/es\/wp-json\/wp\/v2\/product\/4639\/revisions"}],"wp:featuredmedia":[{"embeddable":true,"href":"https:\/\/pwinecastes.com\/es\/wp-json\/wp\/v2\/media\/5410"}],"wp:attachment":[{"href":"https:\/\/pwinecastes.com\/es\/wp-json\/wp\/v2\/media?parent=4639"}],"wp:term":[{"taxonomy":"product_brand","embeddable":true,"href":"https:\/\/pwinecastes.com\/es\/wp-json\/wp\/v2\/product_brand?post=4639"},{"taxonomy":"product_cat","embeddable":true,"href":"https:\/\/pwinecastes.com\/es\/wp-json\/wp\/v2\/product_cat?post=4639"},{"taxonomy":"product_tag","embeddable":true,"href":"https:\/\/pwinecastes.com\/es\/wp-json\/wp\/v2\/product_tag?post=4639"}],"curies":[{"name":"wp","href":"https:\/\/api.w.org\/{rel}","templated":true}]}}