{"id":4823,"date":"2024-04-11T10:35:06","date_gmt":"2024-04-11T10:35:06","guid":{"rendered":"https:\/\/luxuryinportugal.com\/pwinecastes\/product\/campolargo-cc-tinto-2012\/"},"modified":"2024-04-11T10:35:06","modified_gmt":"2024-04-11T10:35:06","slug":"campolargo-cc-tinto-2012","status":"publish","type":"product","link":"https:\/\/pwinecastes.com\/es\/product\/campolargo-cc-tinto-2012\/","title":{"rendered":"Campolargo CC Tinto 2012"},"content":{"rendered":"<p>Campolargo CC Tinto 2012<\/p>\n<ul>\n<li><strong>Regi\u00f3n: <\/strong>Bairrada<\/li>\n<li><strong>Capacidad:<\/strong> 75cL<strong> <\/strong><\/li>\n<li><strong>Variedades de<\/strong> uva<strong>:<\/strong> Castel\u00e3o Nacional, Cabernet Sauvignon.<\/li>\n<li><strong>Graduaci\u00f3n alcoh\u00f3lica: <\/strong>13%<\/li>\n<li><strong>Nota de cata: <\/strong>Color granate. Aromas de fruta madura, con un toque bals\u00e1mico, toques de regaliz y especias dulces. Potente y fresco en boca, con un estilo muy particular, con car\u00e1cter y buenos taninos. Final persistente y bals\u00e1mico, con un suave sabor vegetal.<\/li>\n<li><strong>Maridaje:<\/strong> Ideal con carnes rojas y quesos.<\/li>\n<li><strong>Informaci\u00f3n adicional:<\/strong> Contiene sulfitos.<\/li>\n<\/ul>\n","protected":false},"excerpt":{"rendered":"<p>Campolargo CC Tinto 2012 Regi\u00f3n: Bairrada Capacidad: 75cL Variedades de uva: Castel\u00e3o Nacional, Cabernet Sauvignon. Graduaci\u00f3n alcoh\u00f3lica: 13% Nota de cata: Color granate. Aromas de fruta madura, con un toque bals\u00e1mico, toques de regaliz y especias dulces. Potente y fresco en boca, con un estilo muy particular, con car\u00e1cter y buenos taninos. Final persistente y [&hellip;]<\/p>\n","protected":false},"featured_media":5493,"template":"","meta":{"_monsterinsights_skip_tracking":false,"_monsterinsights_sitenote_active":false,"_monsterinsights_sitenote_note":"","_monsterinsights_sitenote_category":0},"product_brand":[],"product_cat":[215,209,212,213,245,102],"product_tag":[],"class_list":{"0":"post-4823","1":"product","2":"type-product","3":"status-publish","4":"has-post-thumbnail","6":"product_cat-bairrada-es","7":"product_cat-pais-es-2","8":"product_cat-portugal-es-2","9":"product_cat-region-es","10":"product_cat-tinto-es-3","11":"product_cat-vinos","13":"first","14":"instock","15":"taxable","16":"shipping-taxable","17":"purchasable","18":"product-type-simple"},"aioseo_notices":[],"_links":{"self":[{"href":"https:\/\/pwinecastes.com\/es\/wp-json\/wp\/v2\/product\/4823","targetHints":{"allow":["GET"]}}],"collection":[{"href":"https:\/\/pwinecastes.com\/es\/wp-json\/wp\/v2\/product"}],"about":[{"href":"https:\/\/pwinecastes.com\/es\/wp-json\/wp\/v2\/types\/product"}],"version-history":[{"count":0,"href":"https:\/\/pwinecastes.com\/es\/wp-json\/wp\/v2\/product\/4823\/revisions"}],"wp:featuredmedia":[{"embeddable":true,"href":"https:\/\/pwinecastes.com\/es\/wp-json\/wp\/v2\/media\/5493"}],"wp:attachment":[{"href":"https:\/\/pwinecastes.com\/es\/wp-json\/wp\/v2\/media?parent=4823"}],"wp:term":[{"taxonomy":"product_brand","embeddable":true,"href":"https:\/\/pwinecastes.com\/es\/wp-json\/wp\/v2\/product_brand?post=4823"},{"taxonomy":"product_cat","embeddable":true,"href":"https:\/\/pwinecastes.com\/es\/wp-json\/wp\/v2\/product_cat?post=4823"},{"taxonomy":"product_tag","embeddable":true,"href":"https:\/\/pwinecastes.com\/es\/wp-json\/wp\/v2\/product_tag?post=4823"}],"curies":[{"name":"wp","href":"https:\/\/api.w.org\/{rel}","templated":true}]}}