{"id":4865,"date":"2024-04-11T10:52:06","date_gmt":"2024-04-11T10:52:06","guid":{"rendered":"https:\/\/luxuryinportugal.com\/pwinecastes\/product\/casa-amarela-laura-2015\/"},"modified":"2024-04-11T10:52:06","modified_gmt":"2024-04-11T10:52:06","slug":"casa-amarela-laura-2015","status":"publish","type":"product","link":"https:\/\/pwinecastes.com\/es\/product\/casa-amarela-laura-2015\/","title":{"rendered":"Casa Amarela Laura 2015"},"content":{"rendered":"<p>Casa Amarela Laura 2015<\/p>\n<ul>\n<li><strong>Regi\u00f3n: <\/strong>Douro<\/li>\n<li><strong>Capacidad:<\/strong> 75cL<\/li>\n<li><strong>Variedades de uva: <\/strong>Touriga Franca, Touriga Nacional, Tinta Roriz.<\/li>\n<li><strong>Graduaci\u00f3n alcoh\u00f3lica: <\/strong>14%<\/li>\n<li><strong>Nota de cata<\/strong>: Color rub\u00ed intenso. Elegante con un final muy concentrado y estructurado. Equilibrado por la acidez final, largo con taninos suaves.<\/li>\n<li><strong>Maridaje: <\/strong>Ideal con guisos de caza, alubias y embutidos y carnes rojas a la parrilla.<\/li>\n<li><strong>Informaci\u00f3n adicional:<\/strong> Contiene sulfitos.<\/li>\n<\/ul>\n","protected":false},"excerpt":{"rendered":"<p>Casa Amarela Laura 2015 Regi\u00f3n: Douro Capacidad: 75cL Variedades de uva: Touriga Franca, Touriga Nacional, Tinta Roriz. Graduaci\u00f3n alcoh\u00f3lica: 14% Nota de cata: Color rub\u00ed intenso. Elegante con un final muy concentrado y estructurado. Equilibrado por la acidez final, largo con taninos suaves. Maridaje: Ideal con guisos de caza, alubias y embutidos y carnes rojas [&hellip;]<\/p>\n","protected":false},"featured_media":17558,"template":"","meta":{"_monsterinsights_skip_tracking":false,"_monsterinsights_sitenote_active":false,"_monsterinsights_sitenote_note":"","_monsterinsights_sitenote_category":0},"product_brand":[],"product_cat":[217,209,212,213,262,102],"product_tag":[],"class_list":{"0":"post-4865","1":"product","2":"type-product","3":"status-publish","4":"has-post-thumbnail","6":"product_cat-douro-es","7":"product_cat-pais-es-2","8":"product_cat-portugal-es-2","9":"product_cat-region-es","10":"product_cat-tinto-es-5","11":"product_cat-vinos","13":"first","14":"instock","15":"taxable","16":"shipping-taxable","17":"purchasable","18":"product-type-simple"},"aioseo_notices":[],"_links":{"self":[{"href":"https:\/\/pwinecastes.com\/es\/wp-json\/wp\/v2\/product\/4865","targetHints":{"allow":["GET"]}}],"collection":[{"href":"https:\/\/pwinecastes.com\/es\/wp-json\/wp\/v2\/product"}],"about":[{"href":"https:\/\/pwinecastes.com\/es\/wp-json\/wp\/v2\/types\/product"}],"version-history":[{"count":0,"href":"https:\/\/pwinecastes.com\/es\/wp-json\/wp\/v2\/product\/4865\/revisions"}],"wp:featuredmedia":[{"embeddable":true,"href":"https:\/\/pwinecastes.com\/es\/wp-json\/wp\/v2\/media\/17558"}],"wp:attachment":[{"href":"https:\/\/pwinecastes.com\/es\/wp-json\/wp\/v2\/media?parent=4865"}],"wp:term":[{"taxonomy":"product_brand","embeddable":true,"href":"https:\/\/pwinecastes.com\/es\/wp-json\/wp\/v2\/product_brand?post=4865"},{"taxonomy":"product_cat","embeddable":true,"href":"https:\/\/pwinecastes.com\/es\/wp-json\/wp\/v2\/product_cat?post=4865"},{"taxonomy":"product_tag","embeddable":true,"href":"https:\/\/pwinecastes.com\/es\/wp-json\/wp\/v2\/product_tag?post=4865"}],"curies":[{"name":"wp","href":"https:\/\/api.w.org\/{rel}","templated":true}]}}