{"id":4897,"date":"2024-04-11T11:13:53","date_gmt":"2024-04-11T11:13:53","guid":{"rendered":"https:\/\/luxuryinportugal.com\/pwinecastes\/product\/casa-de-santar-vinha-dos-amores-encruzado-2019\/"},"modified":"2024-11-21T10:40:51","modified_gmt":"2024-11-21T10:40:51","slug":"casa-de-santar-vinha-dos-amores-encruzado-2019","status":"publish","type":"product","link":"https:\/\/pwinecastes.com\/es\/product\/casa-de-santar-vinha-dos-amores-encruzado-2019\/","title":{"rendered":"Casa de Santar Vinha dos Amores Encruzado 2020"},"content":{"rendered":"<p>Casa de Santar Vinha dos Amores Encruzado 2020<\/p>\n<ul>\n<li><strong>Regi\u00f3n:<\/strong> D\u00e3o<\/li>\n<li><strong>Capacidad:<\/strong> 75cL<\/li>\n<li><strong>Cepas: <\/strong>Encruzado<\/li>\n<li><strong>Graduaci\u00f3n alcoh\u00f3lica: <\/strong>13,5%<\/li>\n<li><strong>Nota de cata:<\/strong> Color c\u00edtrico intenso con abundantes tonos verdosos. Aroma de albaricoque seco, maderas ex\u00f3ticas, cereal tostado, granos tostados y vainilla. En boca es complejo, elegante, armonioso y duradero.<\/li>\n<li><strong>Maridaje: <\/strong>Es ideal con pescados y carnes de la cocina mediterr\u00e1nea, china, india y africana.<\/li>\n<li><strong>Informaci\u00f3n adicional:<\/strong> Contiene sulfitos.<\/li>\n<\/ul>\n","protected":false},"excerpt":{"rendered":"<p>Casa de Santar Vinha dos Amores Encruzado 2020 Regi\u00f3n: D\u00e3o Capacidad: 75cL Cepas: Encruzado Graduaci\u00f3n alcoh\u00f3lica: 13,5% Nota de cata: Color c\u00edtrico intenso con abundantes tonos verdosos. Aroma de albaricoque seco, maderas ex\u00f3ticas, cereal tostado, granos tostados y vainilla. En boca es complejo, elegante, armonioso y duradero. Maridaje: Es ideal con pescados y carnes de [&hellip;]<\/p>\n","protected":false},"featured_media":4938,"template":"","meta":{"_monsterinsights_skip_tracking":false,"_monsterinsights_sitenote_active":false,"_monsterinsights_sitenote_note":"","_monsterinsights_sitenote_category":0},"product_brand":[],"product_cat":[250,216,209,212,213,102],"product_tag":[],"class_list":{"0":"post-4897","1":"product","2":"type-product","3":"status-publish","4":"has-post-thumbnail","6":"product_cat-blanco-es-3","7":"product_cat-dao-es","8":"product_cat-pais-es-2","9":"product_cat-portugal-es-2","10":"product_cat-region-es","11":"product_cat-vinos","13":"first","14":"instock","15":"taxable","16":"shipping-taxable","17":"purchasable","18":"product-type-simple"},"aioseo_notices":[],"_links":{"self":[{"href":"https:\/\/pwinecastes.com\/es\/wp-json\/wp\/v2\/product\/4897","targetHints":{"allow":["GET"]}}],"collection":[{"href":"https:\/\/pwinecastes.com\/es\/wp-json\/wp\/v2\/product"}],"about":[{"href":"https:\/\/pwinecastes.com\/es\/wp-json\/wp\/v2\/types\/product"}],"version-history":[{"count":0,"href":"https:\/\/pwinecastes.com\/es\/wp-json\/wp\/v2\/product\/4897\/revisions"}],"wp:featuredmedia":[{"embeddable":true,"href":"https:\/\/pwinecastes.com\/es\/wp-json\/wp\/v2\/media\/4938"}],"wp:attachment":[{"href":"https:\/\/pwinecastes.com\/es\/wp-json\/wp\/v2\/media?parent=4897"}],"wp:term":[{"taxonomy":"product_brand","embeddable":true,"href":"https:\/\/pwinecastes.com\/es\/wp-json\/wp\/v2\/product_brand?post=4897"},{"taxonomy":"product_cat","embeddable":true,"href":"https:\/\/pwinecastes.com\/es\/wp-json\/wp\/v2\/product_cat?post=4897"},{"taxonomy":"product_tag","embeddable":true,"href":"https:\/\/pwinecastes.com\/es\/wp-json\/wp\/v2\/product_tag?post=4897"}],"curies":[{"name":"wp","href":"https:\/\/api.w.org\/{rel}","templated":true}]}}