{"id":5045,"date":"2024-04-11T14:05:18","date_gmt":"2024-04-11T14:05:18","guid":{"rendered":"https:\/\/luxuryinportugal.com\/pwinecastes\/product\/casa-do-canto-grande-reserva-blanco-2019\/"},"modified":"2024-04-11T14:05:18","modified_gmt":"2024-04-11T14:05:18","slug":"casa-do-canto-grande-reserva-blanco-2019","status":"publish","type":"product","link":"https:\/\/pwinecastes.com\/es\/product\/casa-do-canto-grande-reserva-blanco-2019\/","title":{"rendered":"Casa do Canto Grande Reserva Blanco 2019"},"content":{"rendered":"<p>Casa do Canto Grande Reserva Blanco 2019<\/p>\n<ul>\n<li><strong>Regi\u00f3n: <\/strong>Bairrada<\/li>\n<li><strong>Capacidad:<\/strong> 75cL<\/li>\n<li><strong>Variedades de uva: <\/strong>80% Arinto + 20% Bical.<\/li>\n<li><strong>Graduaci\u00f3n alcoh\u00f3lica: <\/strong>13,5%<\/li>\n<li><strong>Nota de cata:<\/strong> Complejo con una excelente sensaci\u00f3n en boca y una marcada persistencia.<\/li>\n<li><strong>Maridaje:<\/strong> Combina bien con embutidos, carnes y pescados asados y quesos de estructura media.<\/li>\n<li><strong>Informaci\u00f3n adicional:<\/strong> Contiene sulfitos.<\/li>\n<\/ul>\n","protected":false},"excerpt":{"rendered":"<p>Casa do Canto Grande Reserva Blanco 2019 Regi\u00f3n: Bairrada Capacidad: 75cL Variedades de uva: 80% Arinto + 20% Bical. Graduaci\u00f3n alcoh\u00f3lica: 13,5% Nota de cata: Complejo con una excelente sensaci\u00f3n en boca y una marcada persistencia. Maridaje: Combina bien con embutidos, carnes y pescados asados y quesos de estructura media. Informaci\u00f3n adicional: Contiene sulfitos.<\/p>\n","protected":false},"featured_media":5039,"template":"","meta":{"_monsterinsights_skip_tracking":false,"_monsterinsights_sitenote_active":false,"_monsterinsights_sitenote_note":"","_monsterinsights_sitenote_category":0},"product_brand":[],"product_cat":[215,243,209,212,213,102],"product_tag":[],"class_list":{"0":"post-5045","1":"product","2":"type-product","3":"status-publish","4":"has-post-thumbnail","6":"product_cat-bairrada-es","7":"product_cat-blanco-es-2","8":"product_cat-pais-es-2","9":"product_cat-portugal-es-2","10":"product_cat-region-es","11":"product_cat-vinos","13":"first","14":"instock","15":"taxable","16":"shipping-taxable","17":"purchasable","18":"product-type-simple"},"aioseo_notices":[],"_links":{"self":[{"href":"https:\/\/pwinecastes.com\/es\/wp-json\/wp\/v2\/product\/5045","targetHints":{"allow":["GET"]}}],"collection":[{"href":"https:\/\/pwinecastes.com\/es\/wp-json\/wp\/v2\/product"}],"about":[{"href":"https:\/\/pwinecastes.com\/es\/wp-json\/wp\/v2\/types\/product"}],"version-history":[{"count":0,"href":"https:\/\/pwinecastes.com\/es\/wp-json\/wp\/v2\/product\/5045\/revisions"}],"wp:featuredmedia":[{"embeddable":true,"href":"https:\/\/pwinecastes.com\/es\/wp-json\/wp\/v2\/media\/5039"}],"wp:attachment":[{"href":"https:\/\/pwinecastes.com\/es\/wp-json\/wp\/v2\/media?parent=5045"}],"wp:term":[{"taxonomy":"product_brand","embeddable":true,"href":"https:\/\/pwinecastes.com\/es\/wp-json\/wp\/v2\/product_brand?post=5045"},{"taxonomy":"product_cat","embeddable":true,"href":"https:\/\/pwinecastes.com\/es\/wp-json\/wp\/v2\/product_cat?post=5045"},{"taxonomy":"product_tag","embeddable":true,"href":"https:\/\/pwinecastes.com\/es\/wp-json\/wp\/v2\/product_tag?post=5045"}],"curies":[{"name":"wp","href":"https:\/\/api.w.org\/{rel}","templated":true}]}}