{"id":5103,"date":"2024-04-11T14:24:20","date_gmt":"2024-04-11T14:24:20","guid":{"rendered":"https:\/\/luxuryinportugal.com\/pwinecastes\/product\/casa-do-canto-grande-reserva-tinto-2015\/"},"modified":"2024-04-11T14:24:20","modified_gmt":"2024-04-11T14:24:20","slug":"casa-do-canto-grande-reserva-tinto-2015","status":"publish","type":"product","link":"https:\/\/pwinecastes.com\/es\/product\/casa-do-canto-grande-reserva-tinto-2015\/","title":{"rendered":"Casa do Canto Grande Reserva Tinto 2015"},"content":{"rendered":"<p>Casa do Canto Grande Reserva Tinto 2015<\/p>\n<ul>\n<li><strong>Regi\u00f3n: <\/strong>Bairrada<\/li>\n<li><strong>Capacidad:<\/strong> 75cL<\/li>\n<li><strong>Variedades de uva: <\/strong>80% Baga + 20% Touriga Nacional.<\/li>\n<li><strong>Graduaci\u00f3n alcoh\u00f3lica: <\/strong>14%<\/li>\n<li><strong>Nota de cata:<\/strong> Afrutado, elegante y excelente en el paladar con una marcada persistencia en el final. Complejo y elegante, muestra nobleza, fruto de largos meses de maduraci\u00f3n en barrica y botella.<\/li>\n<li>Maridaje<strong>: <\/strong>Combina bien con carnes rojas a la parrilla o guisadas, caza de pelo o pluma y quesos curados.<\/li>\n<li><strong>Informaci\u00f3n adicional:<\/strong> Contiene sulfitos.<\/li>\n<\/ul>\n","protected":false},"excerpt":{"rendered":"<p>Casa do Canto Grande Reserva Tinto 2015 Regi\u00f3n: Bairrada Capacidad: 75cL Variedades de uva: 80% Baga + 20% Touriga Nacional. Graduaci\u00f3n alcoh\u00f3lica: 14% Nota de cata: Afrutado, elegante y excelente en el paladar con una marcada persistencia en el final. Complejo y elegante, muestra nobleza, fruto de largos meses de maduraci\u00f3n en barrica y botella. [&hellip;]<\/p>\n","protected":false},"featured_media":5123,"template":"","meta":{"_monsterinsights_skip_tracking":false,"_monsterinsights_sitenote_active":false,"_monsterinsights_sitenote_note":"","_monsterinsights_sitenote_category":0},"product_brand":[],"product_cat":[215,209,212,213,245,102],"product_tag":[],"class_list":{"0":"post-5103","1":"product","2":"type-product","3":"status-publish","4":"has-post-thumbnail","6":"product_cat-bairrada-es","7":"product_cat-pais-es-2","8":"product_cat-portugal-es-2","9":"product_cat-region-es","10":"product_cat-tinto-es-3","11":"product_cat-vinos","13":"first","14":"instock","15":"taxable","16":"shipping-taxable","17":"purchasable","18":"product-type-simple"},"aioseo_notices":[],"_links":{"self":[{"href":"https:\/\/pwinecastes.com\/es\/wp-json\/wp\/v2\/product\/5103","targetHints":{"allow":["GET"]}}],"collection":[{"href":"https:\/\/pwinecastes.com\/es\/wp-json\/wp\/v2\/product"}],"about":[{"href":"https:\/\/pwinecastes.com\/es\/wp-json\/wp\/v2\/types\/product"}],"version-history":[{"count":0,"href":"https:\/\/pwinecastes.com\/es\/wp-json\/wp\/v2\/product\/5103\/revisions"}],"wp:featuredmedia":[{"embeddable":true,"href":"https:\/\/pwinecastes.com\/es\/wp-json\/wp\/v2\/media\/5123"}],"wp:attachment":[{"href":"https:\/\/pwinecastes.com\/es\/wp-json\/wp\/v2\/media?parent=5103"}],"wp:term":[{"taxonomy":"product_brand","embeddable":true,"href":"https:\/\/pwinecastes.com\/es\/wp-json\/wp\/v2\/product_brand?post=5103"},{"taxonomy":"product_cat","embeddable":true,"href":"https:\/\/pwinecastes.com\/es\/wp-json\/wp\/v2\/product_cat?post=5103"},{"taxonomy":"product_tag","embeddable":true,"href":"https:\/\/pwinecastes.com\/es\/wp-json\/wp\/v2\/product_tag?post=5103"}],"curies":[{"name":"wp","href":"https:\/\/api.w.org\/{rel}","templated":true}]}}