{"id":5273,"date":"2024-04-11T15:39:47","date_gmt":"2024-04-11T15:39:47","guid":{"rendered":"https:\/\/luxuryinportugal.com\/pwinecastes\/?post_type=product&#038;p=5273"},"modified":"2024-04-11T15:39:48","modified_gmt":"2024-04-11T15:39:48","slug":"casa-ferreirinha-reserva-especial-2014","status":"publish","type":"product","link":"https:\/\/pwinecastes.com\/es\/product\/casa-ferreirinha-reserva-especial-2014\/","title":{"rendered":"Casa Ferreirinha Reserva Especial 2014"},"content":{"rendered":"<p>Casa Ferreirinha Reserva Especial 2014<\/p>\n<ul>\n<li><strong>Regi\u00f3n: <\/strong>Douro<\/li>\n<li><strong>Capacidad:<\/strong> 75cL<\/li>\n<li><strong>Variedades de uva: <\/strong>Touriga Franca, Touriga Nacional, Tinta Roriz y Tinto C\u00e3o<\/li>\n<li><strong>Graduaci\u00f3n alcoh\u00f3lica: <\/strong>14%<\/li>\n<li><strong>Nota de cata:<\/strong> Es un vino que destaca por su elegancia, fruto de un a\u00f1o templado con buena madurez, y tambi\u00e9n por su excelente volumen, viva acidez, taninos firmes y final extremadamente largo y complejo.<\/li>\n<li><strong>Informaci\u00f3n adicional:<\/strong> Contiene sulfitos.<\/li>\n<\/ul>\n","protected":false},"excerpt":{"rendered":"<p>Casa Ferreirinha Reserva Especial 2014 Regi\u00f3n: Douro Capacidad: 75cL Variedades de uva: Touriga Franca, Touriga Nacional, Tinta Roriz y Tinto C\u00e3o Graduaci\u00f3n alcoh\u00f3lica: 14% Nota de cata: Es un vino que destaca por su elegancia, fruto de un a\u00f1o templado con buena madurez, y tambi\u00e9n por su excelente volumen, viva acidez, taninos firmes y final [&hellip;]<\/p>\n","protected":false},"featured_media":14613,"template":"","meta":{"_monsterinsights_skip_tracking":false,"_monsterinsights_sitenote_active":false,"_monsterinsights_sitenote_note":"","_monsterinsights_sitenote_category":0},"product_brand":[],"product_cat":[217,209,212,213,262,102],"product_tag":[],"class_list":{"0":"post-5273","1":"product","2":"type-product","3":"status-publish","4":"has-post-thumbnail","6":"product_cat-douro-es","7":"product_cat-pais-es-2","8":"product_cat-portugal-es-2","9":"product_cat-region-es","10":"product_cat-tinto-es-5","11":"product_cat-vinos","13":"first","14":"outofstock","15":"taxable","16":"shipping-taxable","17":"purchasable","18":"product-type-simple"},"aioseo_notices":[],"_links":{"self":[{"href":"https:\/\/pwinecastes.com\/es\/wp-json\/wp\/v2\/product\/5273","targetHints":{"allow":["GET"]}}],"collection":[{"href":"https:\/\/pwinecastes.com\/es\/wp-json\/wp\/v2\/product"}],"about":[{"href":"https:\/\/pwinecastes.com\/es\/wp-json\/wp\/v2\/types\/product"}],"version-history":[{"count":0,"href":"https:\/\/pwinecastes.com\/es\/wp-json\/wp\/v2\/product\/5273\/revisions"}],"wp:featuredmedia":[{"embeddable":true,"href":"https:\/\/pwinecastes.com\/es\/wp-json\/wp\/v2\/media\/14613"}],"wp:attachment":[{"href":"https:\/\/pwinecastes.com\/es\/wp-json\/wp\/v2\/media?parent=5273"}],"wp:term":[{"taxonomy":"product_brand","embeddable":true,"href":"https:\/\/pwinecastes.com\/es\/wp-json\/wp\/v2\/product_brand?post=5273"},{"taxonomy":"product_cat","embeddable":true,"href":"https:\/\/pwinecastes.com\/es\/wp-json\/wp\/v2\/product_cat?post=5273"},{"taxonomy":"product_tag","embeddable":true,"href":"https:\/\/pwinecastes.com\/es\/wp-json\/wp\/v2\/product_tag?post=5273"}],"curies":[{"name":"wp","href":"https:\/\/api.w.org\/{rel}","templated":true}]}}