{"id":5675,"date":"2024-04-12T13:28:33","date_gmt":"2024-04-12T13:28:33","guid":{"rendered":"https:\/\/luxuryinportugal.com\/pwinecastes\/product\/principal-grande-reserva-blanco-2015\/"},"modified":"2024-04-12T13:28:33","modified_gmt":"2024-04-12T13:28:33","slug":"principal-grande-reserva-blanco-2015","status":"publish","type":"product","link":"https:\/\/pwinecastes.com\/es\/product\/principal-grande-reserva-blanco-2015\/","title":{"rendered":"Principal Grande Reserva Blanco 2015"},"content":{"rendered":"<p>Principal Grande Reserva Blanco 2015<\/p>\n<ul>\n<li><strong>Regi\u00f3n: <\/strong>Bairrada<\/li>\n<li><strong>Capacidad:<\/strong> 75cL<\/li>\n<li><strong>Variedades de uva: <\/strong>Chardonnay, Sauvignon Blanc.<\/li>\n<li><strong>Graduaci\u00f3n alcoh\u00f3lica: <\/strong>13%<\/li>\n<li><strong>Nota de cata:<\/strong> En boca revela complejidad, estructura y un car\u00e1cter mineral. Con notas florales y tostadas, combinadas con una mineralidad c\u00edtrica, forman un aroma vigoroso y complejo. La persistencia de la fruta, el car\u00e1cter y la estructura le confieren longevidad.<\/li>\n<li><strong>Informaci\u00f3n adicional:<\/strong> Contiene sulfitos.<\/li>\n<\/ul>\n","protected":false},"excerpt":{"rendered":"<p>Principal Grande Reserva Blanco 2015 Regi\u00f3n: Bairrada Capacidad: 75cL Variedades de uva: Chardonnay, Sauvignon Blanc. Graduaci\u00f3n alcoh\u00f3lica: 13% Nota de cata: En boca revela complejidad, estructura y un car\u00e1cter mineral. Con notas florales y tostadas, combinadas con una mineralidad c\u00edtrica, forman un aroma vigoroso y complejo. La persistencia de la fruta, el car\u00e1cter y la [&hellip;]<\/p>\n","protected":false},"featured_media":5669,"template":"","meta":{"_monsterinsights_skip_tracking":false,"_monsterinsights_sitenote_active":false,"_monsterinsights_sitenote_note":"","_monsterinsights_sitenote_category":0},"product_brand":[],"product_cat":[215,243,209,212,213,102],"product_tag":[],"class_list":{"0":"post-5675","1":"product","2":"type-product","3":"status-publish","4":"has-post-thumbnail","6":"product_cat-bairrada-es","7":"product_cat-blanco-es-2","8":"product_cat-pais-es-2","9":"product_cat-portugal-es-2","10":"product_cat-region-es","11":"product_cat-vinos","13":"first","14":"instock","15":"featured","16":"taxable","17":"shipping-taxable","18":"purchasable","19":"product-type-simple"},"aioseo_notices":[],"_links":{"self":[{"href":"https:\/\/pwinecastes.com\/es\/wp-json\/wp\/v2\/product\/5675","targetHints":{"allow":["GET"]}}],"collection":[{"href":"https:\/\/pwinecastes.com\/es\/wp-json\/wp\/v2\/product"}],"about":[{"href":"https:\/\/pwinecastes.com\/es\/wp-json\/wp\/v2\/types\/product"}],"version-history":[{"count":0,"href":"https:\/\/pwinecastes.com\/es\/wp-json\/wp\/v2\/product\/5675\/revisions"}],"wp:featuredmedia":[{"embeddable":true,"href":"https:\/\/pwinecastes.com\/es\/wp-json\/wp\/v2\/media\/5669"}],"wp:attachment":[{"href":"https:\/\/pwinecastes.com\/es\/wp-json\/wp\/v2\/media?parent=5675"}],"wp:term":[{"taxonomy":"product_brand","embeddable":true,"href":"https:\/\/pwinecastes.com\/es\/wp-json\/wp\/v2\/product_brand?post=5675"},{"taxonomy":"product_cat","embeddable":true,"href":"https:\/\/pwinecastes.com\/es\/wp-json\/wp\/v2\/product_cat?post=5675"},{"taxonomy":"product_tag","embeddable":true,"href":"https:\/\/pwinecastes.com\/es\/wp-json\/wp\/v2\/product_tag?post=5675"}],"curies":[{"name":"wp","href":"https:\/\/api.w.org\/{rel}","templated":true}]}}