{"id":5709,"date":"2024-04-12T13:39:27","date_gmt":"2024-04-12T13:39:27","guid":{"rendered":"https:\/\/luxuryinportugal.com\/pwinecastes\/product\/principal-rose-tete-de-cuvee-pinot-noir-2019\/"},"modified":"2024-04-12T13:39:27","modified_gmt":"2024-04-12T13:39:27","slug":"principal-rose-tete-de-cuvee-pinot-noir-2019","status":"publish","type":"product","link":"https:\/\/pwinecastes.com\/es\/product\/principal-rose-tete-de-cuvee-pinot-noir-2019\/","title":{"rendered":"Principal Ros\u00e9 T\u00eate de Cuv\u00e9e Pinot Noir 2019"},"content":{"rendered":"<p>Principal Ros\u00e9 T\u00eate de Cuv\u00e9e Pinot Noir 2019<\/p>\n<ul>\n<li><strong>Regi\u00f3n: <\/strong>Bairrada<\/li>\n<li><strong>Capacidad:<\/strong> 75cL<\/li>\n<li><strong>Variedades: <\/strong>Pinot Noir<\/li>\n<li><strong>Graduaci\u00f3n alcoh\u00f3lica: <\/strong>13%<\/li>\n<li><strong>Nota de cata:<\/strong> Excelente impacto arom\u00e1tico, con notable elegancia y complejidad, matices de frambuesas. Muy delicado en boca, vibrante de frescura, es un rosado con clase, lleno de car\u00e1cter.<\/li>\n<li><strong>Informaci\u00f3n adicional:<\/strong> Contiene sulfitos.<\/li>\n<\/ul>\n","protected":false},"excerpt":{"rendered":"<p>Principal Ros\u00e9 T\u00eate de Cuv\u00e9e Pinot Noir 2019 Regi\u00f3n: Bairrada Capacidad: 75cL Variedades: Pinot Noir Graduaci\u00f3n alcoh\u00f3lica: 13% Nota de cata: Excelente impacto arom\u00e1tico, con notable elegancia y complejidad, matices de frambuesas. Muy delicado en boca, vibrante de frescura, es un rosado con clase, lleno de car\u00e1cter. Informaci\u00f3n adicional: Contiene sulfitos.<\/p>\n","protected":false},"featured_media":5691,"template":"","meta":{"_monsterinsights_skip_tracking":false,"_monsterinsights_sitenote_active":false,"_monsterinsights_sitenote_note":"","_monsterinsights_sitenote_category":0},"product_brand":[],"product_cat":[215,209,212,213,244,102],"product_tag":[],"class_list":{"0":"post-5709","1":"product","2":"type-product","3":"status-publish","4":"has-post-thumbnail","6":"product_cat-bairrada-es","7":"product_cat-pais-es-2","8":"product_cat-portugal-es-2","9":"product_cat-region-es","10":"product_cat-rosado-es-2","11":"product_cat-vinos","13":"first","14":"instock","15":"taxable","16":"shipping-taxable","17":"purchasable","18":"product-type-simple"},"aioseo_notices":[],"_links":{"self":[{"href":"https:\/\/pwinecastes.com\/es\/wp-json\/wp\/v2\/product\/5709","targetHints":{"allow":["GET"]}}],"collection":[{"href":"https:\/\/pwinecastes.com\/es\/wp-json\/wp\/v2\/product"}],"about":[{"href":"https:\/\/pwinecastes.com\/es\/wp-json\/wp\/v2\/types\/product"}],"version-history":[{"count":0,"href":"https:\/\/pwinecastes.com\/es\/wp-json\/wp\/v2\/product\/5709\/revisions"}],"wp:featuredmedia":[{"embeddable":true,"href":"https:\/\/pwinecastes.com\/es\/wp-json\/wp\/v2\/media\/5691"}],"wp:attachment":[{"href":"https:\/\/pwinecastes.com\/es\/wp-json\/wp\/v2\/media?parent=5709"}],"wp:term":[{"taxonomy":"product_brand","embeddable":true,"href":"https:\/\/pwinecastes.com\/es\/wp-json\/wp\/v2\/product_brand?post=5709"},{"taxonomy":"product_cat","embeddable":true,"href":"https:\/\/pwinecastes.com\/es\/wp-json\/wp\/v2\/product_cat?post=5709"},{"taxonomy":"product_tag","embeddable":true,"href":"https:\/\/pwinecastes.com\/es\/wp-json\/wp\/v2\/product_tag?post=5709"}],"curies":[{"name":"wp","href":"https:\/\/api.w.org\/{rel}","templated":true}]}}