{"id":5736,"date":"2024-04-12T13:49:36","date_gmt":"2024-04-12T13:49:36","guid":{"rendered":"https:\/\/luxuryinportugal.com\/pwinecastes\/product\/crasto-rosado-2021\/"},"modified":"2024-04-12T13:49:36","modified_gmt":"2024-04-12T13:49:36","slug":"crasto-rosado-2021","status":"publish","type":"product","link":"https:\/\/pwinecastes.com\/es\/product\/crasto-rosado-2021\/","title":{"rendered":"Crasto Rosado 2021"},"content":{"rendered":"<p>Crasto Rosado 2021<\/p>\n<ul>\n<li><strong>Regi\u00f3n: <\/strong>Douro<\/li>\n<li><strong>Capacidad:<\/strong> 75cL<\/li>\n<li><strong>Variedades de uva: <\/strong>85% Touriga Nacional. 15% Tinta Roriz.<\/li>\n<li><strong>Graduaci\u00f3n alcoh\u00f3lica: <\/strong>12,5%<\/li>\n<li><strong>Nota de cata: <\/strong>De color salm\u00f3n p\u00e1lido brillante, presenta una excelente frescura arom\u00e1tica, con notas frescas de bayas del Duero en perfecta armon\u00eda con elegantes notas florales. En boca comienza de forma cautivadora, evolucionando hacia un vino muy equilibrado con taninos ligeros, una textura suave y una excelente mineralidad. Un vino muy seductor que termina muy fresco y con buena persistencia.<\/li>\n<li><strong>Armonizaci\u00f3n: <\/strong>Carnes asadas con especias, guisos y feijoadas.<\/li>\n<li><strong>Informaci\u00f3n adicional:<\/strong> Contiene sulfitos.<\/li>\n<\/ul>\n","protected":false},"excerpt":{"rendered":"<p>Crasto Rosado 2021 Regi\u00f3n: Douro Capacidad: 75cL Variedades de uva: 85% Touriga Nacional. 15% Tinta Roriz. Graduaci\u00f3n alcoh\u00f3lica: 12,5% Nota de cata: De color salm\u00f3n p\u00e1lido brillante, presenta una excelente frescura arom\u00e1tica, con notas frescas de bayas del Duero en perfecta armon\u00eda con elegantes notas florales. En boca comienza de forma cautivadora, evolucionando hacia un [&hellip;]<\/p>\n","protected":false},"featured_media":7067,"template":"","meta":{"_monsterinsights_skip_tracking":false,"_monsterinsights_sitenote_active":false,"_monsterinsights_sitenote_note":"","_monsterinsights_sitenote_category":0},"product_brand":[],"product_cat":[217,209,212,213,263,102],"product_tag":[],"class_list":{"0":"post-5736","1":"product","2":"type-product","3":"status-publish","4":"has-post-thumbnail","6":"product_cat-douro-es","7":"product_cat-pais-es-2","8":"product_cat-portugal-es-2","9":"product_cat-region-es","10":"product_cat-rosado-es-4","11":"product_cat-vinos","13":"first","14":"outofstock","15":"taxable","16":"shipping-taxable","17":"purchasable","18":"product-type-simple"},"aioseo_notices":[],"_links":{"self":[{"href":"https:\/\/pwinecastes.com\/es\/wp-json\/wp\/v2\/product\/5736","targetHints":{"allow":["GET"]}}],"collection":[{"href":"https:\/\/pwinecastes.com\/es\/wp-json\/wp\/v2\/product"}],"about":[{"href":"https:\/\/pwinecastes.com\/es\/wp-json\/wp\/v2\/types\/product"}],"version-history":[{"count":0,"href":"https:\/\/pwinecastes.com\/es\/wp-json\/wp\/v2\/product\/5736\/revisions"}],"wp:featuredmedia":[{"embeddable":true,"href":"https:\/\/pwinecastes.com\/es\/wp-json\/wp\/v2\/media\/7067"}],"wp:attachment":[{"href":"https:\/\/pwinecastes.com\/es\/wp-json\/wp\/v2\/media?parent=5736"}],"wp:term":[{"taxonomy":"product_brand","embeddable":true,"href":"https:\/\/pwinecastes.com\/es\/wp-json\/wp\/v2\/product_brand?post=5736"},{"taxonomy":"product_cat","embeddable":true,"href":"https:\/\/pwinecastes.com\/es\/wp-json\/wp\/v2\/product_cat?post=5736"},{"taxonomy":"product_tag","embeddable":true,"href":"https:\/\/pwinecastes.com\/es\/wp-json\/wp\/v2\/product_tag?post=5736"}],"curies":[{"name":"wp","href":"https:\/\/api.w.org\/{rel}","templated":true}]}}