{"id":5841,"date":"2024-04-12T15:18:00","date_gmt":"2024-04-12T15:18:00","guid":{"rendered":"https:\/\/luxuryinportugal.com\/pwinecastes\/product\/quinta-da-vegia-vinha-de-santa-ana-2017\/"},"modified":"2024-04-12T15:18:00","modified_gmt":"2024-04-12T15:18:00","slug":"quinta-da-vegia-vinha-de-santa-ana-2017","status":"publish","type":"product","link":"https:\/\/pwinecastes.com\/es\/product\/quinta-da-vegia-vinha-de-santa-ana-2017\/","title":{"rendered":"Quinta da Vegia Vinha de Santa Ana 2017"},"content":{"rendered":"<p>Quinta da Vegia Vinha de Santa Ana 2017<\/p>\n<ul>\n<li><strong>Regi\u00f3n:<\/strong> D\u00e3o<\/li>\n<li><strong>Capacidad:<\/strong> 75cL<\/li>\n<li><strong>Variedades de uva: <\/strong>Encruzado, Bical.<\/li>\n<li><strong>Graduaci\u00f3n alcoh\u00f3lica: <\/strong>13,5%<\/li>\n<li><strong>Informaci\u00f3n adicional:<\/strong> Contiene sulfitos.<\/li>\n<\/ul>\n","protected":false},"excerpt":{"rendered":"<p>Quinta da Vegia Vinha de Santa Ana 2017 Regi\u00f3n: D\u00e3o Capacidad: 75cL Variedades de uva: Encruzado, Bical. Graduaci\u00f3n alcoh\u00f3lica: 13,5% Informaci\u00f3n adicional: Contiene sulfitos.<\/p>\n","protected":false},"featured_media":5839,"template":"","meta":{"_monsterinsights_skip_tracking":false,"_monsterinsights_sitenote_active":false,"_monsterinsights_sitenote_note":"","_monsterinsights_sitenote_category":0},"product_brand":[],"product_cat":[250,216,209,212,213,102],"product_tag":[],"class_list":{"0":"post-5841","1":"product","2":"type-product","3":"status-publish","4":"has-post-thumbnail","6":"product_cat-blanco-es-3","7":"product_cat-dao-es","8":"product_cat-pais-es-2","9":"product_cat-portugal-es-2","10":"product_cat-region-es","11":"product_cat-vinos","13":"first","14":"outofstock","15":"taxable","16":"shipping-taxable","17":"purchasable","18":"product-type-simple"},"aioseo_notices":[],"_links":{"self":[{"href":"https:\/\/pwinecastes.com\/es\/wp-json\/wp\/v2\/product\/5841","targetHints":{"allow":["GET"]}}],"collection":[{"href":"https:\/\/pwinecastes.com\/es\/wp-json\/wp\/v2\/product"}],"about":[{"href":"https:\/\/pwinecastes.com\/es\/wp-json\/wp\/v2\/types\/product"}],"version-history":[{"count":0,"href":"https:\/\/pwinecastes.com\/es\/wp-json\/wp\/v2\/product\/5841\/revisions"}],"wp:featuredmedia":[{"embeddable":true,"href":"https:\/\/pwinecastes.com\/es\/wp-json\/wp\/v2\/media\/5839"}],"wp:attachment":[{"href":"https:\/\/pwinecastes.com\/es\/wp-json\/wp\/v2\/media?parent=5841"}],"wp:term":[{"taxonomy":"product_brand","embeddable":true,"href":"https:\/\/pwinecastes.com\/es\/wp-json\/wp\/v2\/product_brand?post=5841"},{"taxonomy":"product_cat","embeddable":true,"href":"https:\/\/pwinecastes.com\/es\/wp-json\/wp\/v2\/product_cat?post=5841"},{"taxonomy":"product_tag","embeddable":true,"href":"https:\/\/pwinecastes.com\/es\/wp-json\/wp\/v2\/product_tag?post=5841"}],"curies":[{"name":"wp","href":"https:\/\/api.w.org\/{rel}","templated":true}]}}