{"id":5904,"date":"2024-04-13T11:22:11","date_gmt":"2024-04-13T11:22:11","guid":{"rendered":"https:\/\/luxuryinportugal.com\/pwinecastes\/product\/druida-encruzado-vinha-da-pedra-azul-2022\/"},"modified":"2024-09-11T17:46:20","modified_gmt":"2024-09-11T17:46:20","slug":"druida-encruzado-vinha-da-pedra-azul-2022","status":"publish","type":"product","link":"https:\/\/pwinecastes.com\/es\/product\/druida-encruzado-vinha-da-pedra-azul-2022\/","title":{"rendered":"Druida Encruzado Vinha da Pedra Azul 2022"},"content":{"rendered":"<p>Druida Encruzado Vinha da Pedra Azul 2022<\/p>\n<ul>\n<li><strong>Regi\u00f3n:<\/strong> D\u00e3o<\/li>\n<li><strong>Capacidad:<\/strong> 75cL<\/li>\n<li><strong>Cepas: Encruzado<\/strong><\/li>\n<li><strong>Graduaci\u00f3n alcoh\u00f3lica: <\/strong>12,5%<\/li>\n<li><strong>Nota de cata:<\/strong> Vino procedente de una parcela con lecho de roca gran\u00edtica azul. Fermentaci\u00f3n alcoh\u00f3lica y malol\u00e1ctica en huevos de hormig\u00f3n crudo y crianza de 9 meses sobre l\u00edas. <\/li>\n<li><strong>Armonizaci\u00f3n: <\/strong>Risottos cremosos, preparaciones ligeras de vieiras, gambas y pescados con m\u00e1s textura, como la lubina chilena o el rape<strong>.<\/strong><\/li>\n<li><strong>Informaci\u00f3n adicional<\/strong> Contiene sulfitos<\/li>\n<\/ul>\n","protected":false},"excerpt":{"rendered":"<p>Druida Encruzado Vinha da Pedra Azul 2022 Regi\u00f3n: D\u00e3o Capacidad: 75cL Cepas: Encruzado Graduaci\u00f3n alcoh\u00f3lica: 12,5% Nota de cata: Vino procedente de una parcela con lecho de roca gran\u00edtica azul. Fermentaci\u00f3n alcoh\u00f3lica y malol\u00e1ctica en huevos de hormig\u00f3n crudo y crianza de 9 meses sobre l\u00edas. Armonizaci\u00f3n: Risottos cremosos, preparaciones ligeras de vieiras, gambas y [&hellip;]<\/p>\n","protected":false},"featured_media":6650,"template":"","meta":{"_monsterinsights_skip_tracking":false,"_monsterinsights_sitenote_active":false,"_monsterinsights_sitenote_note":"","_monsterinsights_sitenote_category":0},"product_brand":[],"product_cat":[223,250,307,216,209,212,213,221,102],"product_tag":[],"class_list":{"0":"post-5904","1":"product","2":"type-product","3":"status-publish","4":"has-post-thumbnail","6":"product_cat-blanco","7":"product_cat-blanco-es-3","8":"product_cat-dao-es-2","9":"product_cat-dao-es","10":"product_cat-pais-es-2","11":"product_cat-portugal-es-2","12":"product_cat-region-es","13":"product_cat-tipo-es-4","14":"product_cat-vinos","16":"first","17":"outofstock","18":"taxable","19":"shipping-taxable","20":"purchasable","21":"product-type-simple"},"aioseo_notices":[],"_links":{"self":[{"href":"https:\/\/pwinecastes.com\/es\/wp-json\/wp\/v2\/product\/5904","targetHints":{"allow":["GET"]}}],"collection":[{"href":"https:\/\/pwinecastes.com\/es\/wp-json\/wp\/v2\/product"}],"about":[{"href":"https:\/\/pwinecastes.com\/es\/wp-json\/wp\/v2\/types\/product"}],"version-history":[{"count":0,"href":"https:\/\/pwinecastes.com\/es\/wp-json\/wp\/v2\/product\/5904\/revisions"}],"wp:featuredmedia":[{"embeddable":true,"href":"https:\/\/pwinecastes.com\/es\/wp-json\/wp\/v2\/media\/6650"}],"wp:attachment":[{"href":"https:\/\/pwinecastes.com\/es\/wp-json\/wp\/v2\/media?parent=5904"}],"wp:term":[{"taxonomy":"product_brand","embeddable":true,"href":"https:\/\/pwinecastes.com\/es\/wp-json\/wp\/v2\/product_brand?post=5904"},{"taxonomy":"product_cat","embeddable":true,"href":"https:\/\/pwinecastes.com\/es\/wp-json\/wp\/v2\/product_cat?post=5904"},{"taxonomy":"product_tag","embeddable":true,"href":"https:\/\/pwinecastes.com\/es\/wp-json\/wp\/v2\/product_tag?post=5904"}],"curies":[{"name":"wp","href":"https:\/\/api.w.org\/{rel}","templated":true}]}}