{"id":5949,"date":"2024-04-13T13:37:20","date_gmt":"2024-04-13T13:37:20","guid":{"rendered":"https:\/\/luxuryinportugal.com\/pwinecastes\/product\/folha-do-meio-blanco-2020\/"},"modified":"2024-04-13T13:37:20","modified_gmt":"2024-04-13T13:37:20","slug":"folha-do-meio-blanco-2020","status":"publish","type":"product","link":"https:\/\/pwinecastes.com\/es\/product\/folha-do-meio-blanco-2020\/","title":{"rendered":"Folha do Meio Blanco 2020"},"content":{"rendered":"<p>Folha do Meio Vino Blanco 2020<\/p>\n<ul>\n<li><strong>Regi\u00f3n:<\/strong> D\u00e3o<\/li>\n<li><strong>Capacidad:<\/strong> 75cL<\/li>\n<li><strong>Cepas:<\/strong> Arinto, Fern\u00e3o Pires<\/li>\n<li><strong>Graduaci\u00f3n alcoh\u00f3lica: <\/strong>12,5%<\/li>\n<li><strong>Nota de cata: <\/strong>Color c\u00edtrico. Aroma con buen equilibrio arom\u00e1tico con notas de fruta madura y una ligera sensaci\u00f3n tropical. En boca es redondo, con una acidez bien proporcionada y un sabor envolvente.  <\/li>\n<li><strong>Informaci\u00f3n adicional<\/strong> Contiene sulfitos<\/li>\n<\/ul>\n","protected":false},"excerpt":{"rendered":"<p>Folha do Meio Vino Blanco 2020 Regi\u00f3n: D\u00e3o Capacidad: 75cL Cepas: Arinto, Fern\u00e3o Pires Graduaci\u00f3n alcoh\u00f3lica: 12,5% Nota de cata: Color c\u00edtrico. Aroma con buen equilibrio arom\u00e1tico con notas de fruta madura y una ligera sensaci\u00f3n tropical. En boca es redondo, con una acidez bien proporcionada y un sabor envolvente. Informaci\u00f3n adicional Contiene sulfitos<\/p>\n","protected":false},"featured_media":6656,"template":"","meta":{"_monsterinsights_skip_tracking":false,"_monsterinsights_sitenote_active":false,"_monsterinsights_sitenote_note":"","_monsterinsights_sitenote_category":0},"product_brand":[],"product_cat":[305,214,232,223,209,212,213,221,102],"product_tag":[],"class_list":{"0":"post-5949","1":"product","2":"type-product","3":"status-publish","4":"has-post-thumbnail","6":"product_cat-alentejo-es-2","7":"product_cat-alentejo-es","8":"product_cat-blanco-es","9":"product_cat-blanco","10":"product_cat-pais-es-2","11":"product_cat-portugal-es-2","12":"product_cat-region-es","13":"product_cat-tipo-es-4","14":"product_cat-vinos","16":"first","17":"instock","18":"taxable","19":"shipping-taxable","20":"purchasable","21":"product-type-simple"},"aioseo_notices":[],"_links":{"self":[{"href":"https:\/\/pwinecastes.com\/es\/wp-json\/wp\/v2\/product\/5949","targetHints":{"allow":["GET"]}}],"collection":[{"href":"https:\/\/pwinecastes.com\/es\/wp-json\/wp\/v2\/product"}],"about":[{"href":"https:\/\/pwinecastes.com\/es\/wp-json\/wp\/v2\/types\/product"}],"version-history":[{"count":0,"href":"https:\/\/pwinecastes.com\/es\/wp-json\/wp\/v2\/product\/5949\/revisions"}],"wp:featuredmedia":[{"embeddable":true,"href":"https:\/\/pwinecastes.com\/es\/wp-json\/wp\/v2\/media\/6656"}],"wp:attachment":[{"href":"https:\/\/pwinecastes.com\/es\/wp-json\/wp\/v2\/media?parent=5949"}],"wp:term":[{"taxonomy":"product_brand","embeddable":true,"href":"https:\/\/pwinecastes.com\/es\/wp-json\/wp\/v2\/product_brand?post=5949"},{"taxonomy":"product_cat","embeddable":true,"href":"https:\/\/pwinecastes.com\/es\/wp-json\/wp\/v2\/product_cat?post=5949"},{"taxonomy":"product_tag","embeddable":true,"href":"https:\/\/pwinecastes.com\/es\/wp-json\/wp\/v2\/product_tag?post=5949"}],"curies":[{"name":"wp","href":"https:\/\/api.w.org\/{rel}","templated":true}]}}