{"id":5964,"date":"2024-04-13T15:04:44","date_gmt":"2024-04-13T15:04:44","guid":{"rendered":"https:\/\/luxuryinportugal.com\/pwinecastes\/product\/folha-do-meio-tinto-2018\/"},"modified":"2024-04-13T15:04:44","modified_gmt":"2024-04-13T15:04:44","slug":"folha-do-meio-tinto-2018","status":"publish","type":"product","link":"https:\/\/pwinecastes.com\/es\/product\/folha-do-meio-tinto-2018\/","title":{"rendered":"Folha do Meio Tinto 2018"},"content":{"rendered":"<p>Folha do Meio Vino tinto 2018<\/p>\n<ul>\n<li><strong>Regi\u00f3n: <\/strong>Alentejo<\/li>\n<li><strong>Capacidad:<\/strong> 75cL<\/li>\n<li><strong>Cepas:<\/strong> Trincadeira, Alicante Bouschet, Aragonez<\/li>\n<li><strong>Graduaci\u00f3n alcoh\u00f3lica: <\/strong>15%.<\/li>\n<li><strong><strong><strong>Nota de cata:<\/strong><\/strong><\/strong> Color rub\u00ed con aroma a frutos rojos con matices de car\u00e1cter vegetal combinados con notas de vainilla, especias y un toque tostado. Tiene un paladar equilibrado, con taninos amables, mostrando un sabor fresco y suave. <\/li>\n<li><strong>Informaci\u00f3n adicional<\/strong> Contiene sulfitos<\/li>\n<\/ul>\n","protected":false},"excerpt":{"rendered":"<p>Folha do Meio Vino tinto 2018 Regi\u00f3n: Alentejo Capacidad: 75cL Cepas: Trincadeira, Alicante Bouschet, Aragonez Graduaci\u00f3n alcoh\u00f3lica: 15%. Nota de cata: Color rub\u00ed con aroma a frutos rojos con matices de car\u00e1cter vegetal combinados con notas de vainilla, especias y un toque tostado. Tiene un paladar equilibrado, con taninos amables, mostrando un sabor fresco y [&hellip;]<\/p>\n","protected":false},"featured_media":6662,"template":"","meta":{"_monsterinsights_skip_tracking":false,"_monsterinsights_sitenote_active":false,"_monsterinsights_sitenote_note":"","_monsterinsights_sitenote_category":0},"product_brand":[],"product_cat":[326,214,209,212,213,222,233,221,102],"product_tag":[],"class_list":{"0":"post-5964","1":"product","2":"type-product","3":"status-publish","4":"has-post-thumbnail","6":"product_cat-alentejo-es-3","7":"product_cat-alentejo-es","8":"product_cat-pais-es-2","9":"product_cat-portugal-es-2","10":"product_cat-region-es","11":"product_cat-tinto-es","12":"product_cat-tinto-es-2","13":"product_cat-tipo-es-4","14":"product_cat-vinos","16":"first","17":"instock","18":"taxable","19":"shipping-taxable","20":"purchasable","21":"product-type-simple"},"aioseo_notices":[],"_links":{"self":[{"href":"https:\/\/pwinecastes.com\/es\/wp-json\/wp\/v2\/product\/5964","targetHints":{"allow":["GET"]}}],"collection":[{"href":"https:\/\/pwinecastes.com\/es\/wp-json\/wp\/v2\/product"}],"about":[{"href":"https:\/\/pwinecastes.com\/es\/wp-json\/wp\/v2\/types\/product"}],"version-history":[{"count":0,"href":"https:\/\/pwinecastes.com\/es\/wp-json\/wp\/v2\/product\/5964\/revisions"}],"wp:featuredmedia":[{"embeddable":true,"href":"https:\/\/pwinecastes.com\/es\/wp-json\/wp\/v2\/media\/6662"}],"wp:attachment":[{"href":"https:\/\/pwinecastes.com\/es\/wp-json\/wp\/v2\/media?parent=5964"}],"wp:term":[{"taxonomy":"product_brand","embeddable":true,"href":"https:\/\/pwinecastes.com\/es\/wp-json\/wp\/v2\/product_brand?post=5964"},{"taxonomy":"product_cat","embeddable":true,"href":"https:\/\/pwinecastes.com\/es\/wp-json\/wp\/v2\/product_cat?post=5964"},{"taxonomy":"product_tag","embeddable":true,"href":"https:\/\/pwinecastes.com\/es\/wp-json\/wp\/v2\/product_tag?post=5964"}],"curies":[{"name":"wp","href":"https:\/\/api.w.org\/{rel}","templated":true}]}}