{"id":5994,"date":"2024-04-15T11:02:17","date_gmt":"2024-04-15T11:02:17","guid":{"rendered":"https:\/\/luxuryinportugal.com\/pwinecastes\/product\/dom-bella-rojo-2017\/"},"modified":"2024-04-15T11:02:17","modified_gmt":"2024-04-15T11:02:17","slug":"dom-bella-rojo-2017","status":"publish","type":"product","link":"https:\/\/pwinecastes.com\/es\/product\/dom-bella-rojo-2017\/","title":{"rendered":"Dom Bella Rojo 2017"},"content":{"rendered":"<p>Dom Bella Rojo 2017<\/p>\n<ul>\n<li><strong>Regi\u00f3n:<\/strong> D\u00e3o<\/li>\n<li><strong>Capacidad:<\/strong> 75cL<\/li>\n<li><strong>Cepas<\/strong>Touriga Nacional<\/li>\n<li><strong>Graduaci\u00f3n alcoh\u00f3lica: <\/strong>13,5%<\/li>\n<li><strong>Nota de cata:<\/strong> Los tonos viol\u00e1ceos despiertan los sentidos a los aromas de excelencia t\u00edpicos de la variedad de uva Touriga Nacional en el D\u00e3o. En boca tiene cuerpo y es fresco, revelando una delicada elegancia que conduce a un largo final. Excelente con platos de caza.<\/li>\n<li><strong>Informaci\u00f3n adicional:<\/strong> Contiene sulfitos.<\/li>\n<\/ul>\n","protected":false},"excerpt":{"rendered":"<p>Dom Bella Rojo 2017 Regi\u00f3n: D\u00e3o Capacidad: 75cL CepasTouriga Nacional Graduaci\u00f3n alcoh\u00f3lica: 13,5% Nota de cata: Los tonos viol\u00e1ceos despiertan los sentidos a los aromas de excelencia t\u00edpicos de la variedad de uva Touriga Nacional en el D\u00e3o. En boca tiene cuerpo y es fresco, revelando una delicada elegancia que conduce a un largo final. [&hellip;]<\/p>\n","protected":false},"featured_media":6638,"template":"","meta":{"_monsterinsights_skip_tracking":false,"_monsterinsights_sitenote_active":false,"_monsterinsights_sitenote_note":"","_monsterinsights_sitenote_category":0},"product_brand":[],"product_cat":[216,209,212,213,249,102],"product_tag":[],"class_list":{"0":"post-5994","1":"product","2":"type-product","3":"status-publish","4":"has-post-thumbnail","6":"product_cat-dao-es","7":"product_cat-pais-es-2","8":"product_cat-portugal-es-2","9":"product_cat-region-es","10":"product_cat-tinto-es-4","11":"product_cat-vinos","13":"first","14":"outofstock","15":"taxable","16":"shipping-taxable","17":"purchasable","18":"product-type-simple"},"aioseo_notices":[],"_links":{"self":[{"href":"https:\/\/pwinecastes.com\/es\/wp-json\/wp\/v2\/product\/5994","targetHints":{"allow":["GET"]}}],"collection":[{"href":"https:\/\/pwinecastes.com\/es\/wp-json\/wp\/v2\/product"}],"about":[{"href":"https:\/\/pwinecastes.com\/es\/wp-json\/wp\/v2\/types\/product"}],"version-history":[{"count":0,"href":"https:\/\/pwinecastes.com\/es\/wp-json\/wp\/v2\/product\/5994\/revisions"}],"wp:featuredmedia":[{"embeddable":true,"href":"https:\/\/pwinecastes.com\/es\/wp-json\/wp\/v2\/media\/6638"}],"wp:attachment":[{"href":"https:\/\/pwinecastes.com\/es\/wp-json\/wp\/v2\/media?parent=5994"}],"wp:term":[{"taxonomy":"product_brand","embeddable":true,"href":"https:\/\/pwinecastes.com\/es\/wp-json\/wp\/v2\/product_brand?post=5994"},{"taxonomy":"product_cat","embeddable":true,"href":"https:\/\/pwinecastes.com\/es\/wp-json\/wp\/v2\/product_cat?post=5994"},{"taxonomy":"product_tag","embeddable":true,"href":"https:\/\/pwinecastes.com\/es\/wp-json\/wp\/v2\/product_tag?post=5994"}],"curies":[{"name":"wp","href":"https:\/\/api.w.org\/{rel}","templated":true}]}}