{"id":6013,"date":"2024-04-15T14:20:08","date_gmt":"2024-04-15T14:20:08","guid":{"rendered":"https:\/\/luxuryinportugal.com\/pwinecastes\/product\/malhadinha-tinto-2013\/"},"modified":"2024-04-15T14:20:08","modified_gmt":"2024-04-15T14:20:08","slug":"malhadinha-tinto-2013","status":"publish","type":"product","link":"https:\/\/pwinecastes.com\/es\/product\/malhadinha-tinto-2013\/","title":{"rendered":"Malhadinha Tinto 2013"},"content":{"rendered":"<p>Malhadinha Tinto 2013<\/p>\n<ul>\n<li><strong>Regi\u00f3n: <\/strong>Alentejo<\/li>\n<li><strong>Capacidad:<\/strong> 75cL<\/li>\n<li><strong>Variedades de <\/strong>uva<strong>: <\/strong>Tinta Mi\u00fada, Trincadeira, Touriga Nacional, Cabernet Sauvignon, Syrah, Alicante Bouschet y Aragonez.<\/li>\n<li><strong>Graduaci\u00f3n alcoh\u00f3lica: <\/strong>14%<\/li>\n<li><strong>Nota de cata:<\/strong> Color rojo con matices viol\u00e1ceos. Notas de fruta roja fresca y algunos aromas florales destacan sobre un fondo especiado y tostado. Buena presencia en boca, sin ser demasiado pesado. Un equilibrio de fruta y madera en una mezcla fresca y compleja que requiere algo de tiempo en botella.<\/li>\n<li><strong>Maridaje: <\/strong>Va bien con platos asados, quesos duros y platos bien condimentados.<\/li>\n<li><strong>Informaci\u00f3n adicional:<\/strong> Contiene sulfitos.<\/li>\n<\/ul>\n","protected":false},"excerpt":{"rendered":"<p>Malhadinha Tinto 2013 Regi\u00f3n: Alentejo Capacidad: 75cL Variedades de uva: Tinta Mi\u00fada, Trincadeira, Touriga Nacional, Cabernet Sauvignon, Syrah, Alicante Bouschet y Aragonez. Graduaci\u00f3n alcoh\u00f3lica: 14% Nota de cata: Color rojo con matices viol\u00e1ceos. Notas de fruta roja fresca y algunos aromas florales destacan sobre un fondo especiado y tostado. Buena presencia en boca, sin ser [&hellip;]<\/p>\n","protected":false},"featured_media":6670,"template":"","meta":{"_monsterinsights_skip_tracking":false,"_monsterinsights_sitenote_active":false,"_monsterinsights_sitenote_note":"","_monsterinsights_sitenote_category":0},"product_brand":[],"product_cat":[214,209,212,213,233,102],"product_tag":[],"class_list":{"0":"post-6013","1":"product","2":"type-product","3":"status-publish","4":"has-post-thumbnail","6":"product_cat-alentejo-es","7":"product_cat-pais-es-2","8":"product_cat-portugal-es-2","9":"product_cat-region-es","10":"product_cat-tinto-es-2","11":"product_cat-vinos","13":"first","14":"instock","15":"taxable","16":"shipping-taxable","17":"purchasable","18":"product-type-simple"},"aioseo_notices":[],"_links":{"self":[{"href":"https:\/\/pwinecastes.com\/es\/wp-json\/wp\/v2\/product\/6013","targetHints":{"allow":["GET"]}}],"collection":[{"href":"https:\/\/pwinecastes.com\/es\/wp-json\/wp\/v2\/product"}],"about":[{"href":"https:\/\/pwinecastes.com\/es\/wp-json\/wp\/v2\/types\/product"}],"version-history":[{"count":0,"href":"https:\/\/pwinecastes.com\/es\/wp-json\/wp\/v2\/product\/6013\/revisions"}],"wp:featuredmedia":[{"embeddable":true,"href":"https:\/\/pwinecastes.com\/es\/wp-json\/wp\/v2\/media\/6670"}],"wp:attachment":[{"href":"https:\/\/pwinecastes.com\/es\/wp-json\/wp\/v2\/media?parent=6013"}],"wp:term":[{"taxonomy":"product_brand","embeddable":true,"href":"https:\/\/pwinecastes.com\/es\/wp-json\/wp\/v2\/product_brand?post=6013"},{"taxonomy":"product_cat","embeddable":true,"href":"https:\/\/pwinecastes.com\/es\/wp-json\/wp\/v2\/product_cat?post=6013"},{"taxonomy":"product_tag","embeddable":true,"href":"https:\/\/pwinecastes.com\/es\/wp-json\/wp\/v2\/product_tag?post=6013"}],"curies":[{"name":"wp","href":"https:\/\/api.w.org\/{rel}","templated":true}]}}