{"id":6040,"date":"2024-04-15T14:51:54","date_gmt":"2024-04-15T14:51:54","guid":{"rendered":"https:\/\/luxuryinportugal.com\/pwinecastes\/product\/meandro-do-vale-meao-tinto-2019\/"},"modified":"2024-04-15T14:51:54","modified_gmt":"2024-04-15T14:51:54","slug":"meandro-do-vale-meao-tinto-2019","status":"publish","type":"product","link":"https:\/\/pwinecastes.com\/es\/product\/meandro-do-vale-meao-tinto-2019\/","title":{"rendered":"Meandro do Vale Me\u00e3o Tinto 2019"},"content":{"rendered":"<p>Meandro do Vale Me\u00e3o Tinto 2019<\/p>\n<ul>\n<li><strong>Regi\u00f3n: <\/strong>Douro<\/li>\n<li><strong>Capacidad:<\/strong> 75cL<\/li>\n<li><strong>Variedades de uva: <\/strong>Touriga Nacional, Touriga Franca, Tinta Roriz, Sous\u00e3o, Tinta Barroca y Tinto C\u00e3o.<\/li>\n<li><strong>Graduaci\u00f3n alcoh\u00f3lica: <\/strong>14%<\/li>\n<li><strong>Nota de cata:<\/strong> Excelente color, muy vivo. Aromas florales combinados con bayas negras y silvestres. Llena la boca con intensas notas de fruta, con un retrogusto fresco y complejo.<\/li>\n<li><strong>Informaci\u00f3n adicional:<\/strong> Contiene sulfitos.<\/li>\n<\/ul>\n","protected":false},"excerpt":{"rendered":"<p>Meandro do Vale Me\u00e3o Tinto 2019 Regi\u00f3n: Douro Capacidad: 75cL Variedades de uva: Touriga Nacional, Touriga Franca, Tinta Roriz, Sous\u00e3o, Tinta Barroca y Tinto C\u00e3o. Graduaci\u00f3n alcoh\u00f3lica: 14% Nota de cata: Excelente color, muy vivo. Aromas florales combinados con bayas negras y silvestres. Llena la boca con intensas notas de fruta, con un retrogusto fresco [&hellip;]<\/p>\n","protected":false},"featured_media":6685,"template":"","meta":{"_monsterinsights_skip_tracking":false,"_monsterinsights_sitenote_active":false,"_monsterinsights_sitenote_note":"","_monsterinsights_sitenote_category":0},"product_brand":[],"product_cat":[217,209,212,213,262,102],"product_tag":[],"class_list":{"0":"post-6040","1":"product","2":"type-product","3":"status-publish","4":"has-post-thumbnail","6":"product_cat-douro-es","7":"product_cat-pais-es-2","8":"product_cat-portugal-es-2","9":"product_cat-region-es","10":"product_cat-tinto-es-5","11":"product_cat-vinos","13":"first","14":"instock","15":"taxable","16":"shipping-taxable","17":"purchasable","18":"product-type-simple"},"aioseo_notices":[],"_links":{"self":[{"href":"https:\/\/pwinecastes.com\/es\/wp-json\/wp\/v2\/product\/6040","targetHints":{"allow":["GET"]}}],"collection":[{"href":"https:\/\/pwinecastes.com\/es\/wp-json\/wp\/v2\/product"}],"about":[{"href":"https:\/\/pwinecastes.com\/es\/wp-json\/wp\/v2\/types\/product"}],"version-history":[{"count":0,"href":"https:\/\/pwinecastes.com\/es\/wp-json\/wp\/v2\/product\/6040\/revisions"}],"wp:featuredmedia":[{"embeddable":true,"href":"https:\/\/pwinecastes.com\/es\/wp-json\/wp\/v2\/media\/6685"}],"wp:attachment":[{"href":"https:\/\/pwinecastes.com\/es\/wp-json\/wp\/v2\/media?parent=6040"}],"wp:term":[{"taxonomy":"product_brand","embeddable":true,"href":"https:\/\/pwinecastes.com\/es\/wp-json\/wp\/v2\/product_brand?post=6040"},{"taxonomy":"product_cat","embeddable":true,"href":"https:\/\/pwinecastes.com\/es\/wp-json\/wp\/v2\/product_cat?post=6040"},{"taxonomy":"product_tag","embeddable":true,"href":"https:\/\/pwinecastes.com\/es\/wp-json\/wp\/v2\/product_tag?post=6040"}],"curies":[{"name":"wp","href":"https:\/\/api.w.org\/{rel}","templated":true}]}}