{"id":6059,"date":"2024-04-15T15:17:39","date_gmt":"2024-04-15T15:17:39","guid":{"rendered":"https:\/\/luxuryinportugal.com\/pwinecastes\/product\/mirabilis-grande-reserva-tinto-2019\/"},"modified":"2024-04-15T15:17:39","modified_gmt":"2024-04-15T15:17:39","slug":"mirabilis-grande-reserva-tinto-2019","status":"publish","type":"product","link":"https:\/\/pwinecastes.com\/es\/product\/mirabilis-grande-reserva-tinto-2019\/","title":{"rendered":"Mirabilis Grande Reserva Tinto 2019"},"content":{"rendered":"<p>Mirabilis Grande Reserva Tinto 2019<\/p>\n<ul>\n<li><strong>Regi\u00f3n: <\/strong>Douro<\/li>\n<li><strong>Capacidad:<\/strong> 75cL<\/li>\n<li><strong>Variedades de <\/strong>uva<strong>: <\/strong>Tinta Amarela y cepas centenarias; selecci\u00f3n de barricas.<\/li>\n<li><strong>Graduaci\u00f3n alcoh\u00f3lica: <\/strong>14,5%<\/li>\n<li><strong>Nota de cata: <\/strong>Mirabilis refleja los a\u00f1os vit\u00edcolas m\u00e1s profundos de Quinta Nova de Nossa Senhora do Carmo, reflejados en un vino denso, intenso en sabor, tridimensional, de enorme persistencia f\u00edsica, profundo y muy preciso.<\/li>\n<li><strong>Informaci\u00f3n adicional:<\/strong> Contiene sulfitos.<\/li>\n<\/ul>\n","protected":false},"excerpt":{"rendered":"<p>Mirabilis Grande Reserva Tinto 2019 Regi\u00f3n: Douro Capacidad: 75cL Variedades de uva: Tinta Amarela y cepas centenarias; selecci\u00f3n de barricas. Graduaci\u00f3n alcoh\u00f3lica: 14,5% Nota de cata: Mirabilis refleja los a\u00f1os vit\u00edcolas m\u00e1s profundos de Quinta Nova de Nossa Senhora do Carmo, reflejados en un vino denso, intenso en sabor, tridimensional, de enorme persistencia f\u00edsica, profundo [&hellip;]<\/p>\n","protected":false},"featured_media":6705,"template":"","meta":{"_monsterinsights_skip_tracking":false,"_monsterinsights_sitenote_active":false,"_monsterinsights_sitenote_note":"","_monsterinsights_sitenote_category":0},"product_brand":[],"product_cat":[217,209,212,213,262,102],"product_tag":[425],"class_list":{"0":"post-6059","1":"product","2":"type-product","3":"status-publish","4":"has-post-thumbnail","6":"product_cat-douro-es","7":"product_cat-pais-es-2","8":"product_cat-portugal-es-2","9":"product_cat-region-es","10":"product_cat-tinto-es-5","11":"product_cat-vinos","12":"product_tag-destaque_pagina","14":"first","15":"instock","16":"taxable","17":"shipping-taxable","18":"purchasable","19":"product-type-simple"},"aioseo_notices":[],"_links":{"self":[{"href":"https:\/\/pwinecastes.com\/es\/wp-json\/wp\/v2\/product\/6059","targetHints":{"allow":["GET"]}}],"collection":[{"href":"https:\/\/pwinecastes.com\/es\/wp-json\/wp\/v2\/product"}],"about":[{"href":"https:\/\/pwinecastes.com\/es\/wp-json\/wp\/v2\/types\/product"}],"version-history":[{"count":0,"href":"https:\/\/pwinecastes.com\/es\/wp-json\/wp\/v2\/product\/6059\/revisions"}],"wp:featuredmedia":[{"embeddable":true,"href":"https:\/\/pwinecastes.com\/es\/wp-json\/wp\/v2\/media\/6705"}],"wp:attachment":[{"href":"https:\/\/pwinecastes.com\/es\/wp-json\/wp\/v2\/media?parent=6059"}],"wp:term":[{"taxonomy":"product_brand","embeddable":true,"href":"https:\/\/pwinecastes.com\/es\/wp-json\/wp\/v2\/product_brand?post=6059"},{"taxonomy":"product_cat","embeddable":true,"href":"https:\/\/pwinecastes.com\/es\/wp-json\/wp\/v2\/product_cat?post=6059"},{"taxonomy":"product_tag","embeddable":true,"href":"https:\/\/pwinecastes.com\/es\/wp-json\/wp\/v2\/product_tag?post=6059"}],"curies":[{"name":"wp","href":"https:\/\/api.w.org\/{rel}","templated":true}]}}