{"id":6075,"date":"2024-04-15T15:46:31","date_gmt":"2024-04-15T15:46:31","guid":{"rendered":"https:\/\/luxuryinportugal.com\/pwinecastes\/product\/mob-tinto-gauve-2015\/"},"modified":"2024-04-15T15:46:31","modified_gmt":"2024-04-15T15:46:31","slug":"mob-tinto-gauve-2015","status":"publish","type":"product","link":"https:\/\/pwinecastes.com\/es\/product\/mob-tinto-gauve-2015\/","title":{"rendered":"MOB Tinto Gauv\u00e9 2015"},"content":{"rendered":"<p>MOB Tinto Gauv\u00e9 2015<\/p>\n<ul>\n<li><strong>Regi\u00f3n:<\/strong> D\u00e3o<\/li>\n<li><strong>Capacidad:<\/strong> 75cL<\/li>\n<li>Variedades de uva<strong>:<\/strong> Mezcla de variedades de uva procedentes de un vi\u00f1edo centenario.<\/li>\n<li><strong>Graduaci\u00f3n alcoh\u00f3lica: <\/strong>14%<\/li>\n<li><strong>Nota de cata:<\/strong> En nariz muestra intensos aromas de frutos rojos silvestres, as\u00ed como sabores bals\u00e1micos. En boca, presenta taninos sedosos y jugosos, que expresan una gran elegancia y acidez.<\/li>\n<li><strong>Maridaje:<\/strong> Este vino combina bien con carnes rojas, asados y carnes a la parrilla.<\/li>\n<li><strong>Informaci\u00f3n adicional:<\/strong> Contiene sulfitos.<\/li>\n<\/ul>\n","protected":false},"excerpt":{"rendered":"<p>MOB Tinto Gauv\u00e9 2015 Regi\u00f3n: D\u00e3o Capacidad: 75cL Variedades de uva: Mezcla de variedades de uva procedentes de un vi\u00f1edo centenario. Graduaci\u00f3n alcoh\u00f3lica: 14% Nota de cata: En nariz muestra intensos aromas de frutos rojos silvestres, as\u00ed como sabores bals\u00e1micos. En boca, presenta taninos sedosos y jugosos, que expresan una gran elegancia y acidez. Maridaje: [&hellip;]<\/p>\n","protected":false},"featured_media":6719,"template":"","meta":{"_monsterinsights_skip_tracking":false,"_monsterinsights_sitenote_active":false,"_monsterinsights_sitenote_note":"","_monsterinsights_sitenote_category":0},"product_brand":[],"product_cat":[216,209,212,213,249,102],"product_tag":[],"class_list":{"0":"post-6075","1":"product","2":"type-product","3":"status-publish","4":"has-post-thumbnail","6":"product_cat-dao-es","7":"product_cat-pais-es-2","8":"product_cat-portugal-es-2","9":"product_cat-region-es","10":"product_cat-tinto-es-4","11":"product_cat-vinos","13":"first","14":"outofstock","15":"taxable","16":"shipping-taxable","17":"purchasable","18":"product-type-simple"},"aioseo_notices":[],"_links":{"self":[{"href":"https:\/\/pwinecastes.com\/es\/wp-json\/wp\/v2\/product\/6075","targetHints":{"allow":["GET"]}}],"collection":[{"href":"https:\/\/pwinecastes.com\/es\/wp-json\/wp\/v2\/product"}],"about":[{"href":"https:\/\/pwinecastes.com\/es\/wp-json\/wp\/v2\/types\/product"}],"version-history":[{"count":0,"href":"https:\/\/pwinecastes.com\/es\/wp-json\/wp\/v2\/product\/6075\/revisions"}],"wp:featuredmedia":[{"embeddable":true,"href":"https:\/\/pwinecastes.com\/es\/wp-json\/wp\/v2\/media\/6719"}],"wp:attachment":[{"href":"https:\/\/pwinecastes.com\/es\/wp-json\/wp\/v2\/media?parent=6075"}],"wp:term":[{"taxonomy":"product_brand","embeddable":true,"href":"https:\/\/pwinecastes.com\/es\/wp-json\/wp\/v2\/product_brand?post=6075"},{"taxonomy":"product_cat","embeddable":true,"href":"https:\/\/pwinecastes.com\/es\/wp-json\/wp\/v2\/product_cat?post=6075"},{"taxonomy":"product_tag","embeddable":true,"href":"https:\/\/pwinecastes.com\/es\/wp-json\/wp\/v2\/product_tag?post=6075"}],"curies":[{"name":"wp","href":"https:\/\/api.w.org\/{rel}","templated":true}]}}