{"id":6106,"date":"2024-04-17T10:21:15","date_gmt":"2024-04-17T10:21:15","guid":{"rendered":"https:\/\/luxuryinportugal.com\/pwinecastes\/product\/quinta-das-marias-touriga-nacional-reserva-tinto-2015\/"},"modified":"2024-09-03T10:53:13","modified_gmt":"2024-09-03T10:53:13","slug":"quinta-das-marias-touriga-nacional-reserva-tinto-2015","status":"publish","type":"product","link":"https:\/\/pwinecastes.com\/es\/product\/quinta-das-marias-touriga-nacional-reserva-tinto-2015\/","title":{"rendered":"Quinta das Marias Touriga Nacional Reserva Tinto 2019"},"content":{"rendered":"<p>Quinta das Marias Touriga Nacional Reserva Tinto 2019<\/p>\n<ul>\n<li><strong>Regi\u00f3n:<\/strong> D\u00e3o<\/li>\n<li><strong>Capacidad:<\/strong> 75cL<\/li>\n<li><strong>Cepas<\/strong>Touriga Nacional<\/li>\n<li><strong>Graduaci\u00f3n alcoh\u00f3lica: <\/strong>14%<\/li>\n<li><strong>Nota de cata:<\/strong> Excelente sensaci\u00f3n en boca, rica sin ser aplastante, plena y con taninos muy finos pero muy presentes. Este vino nunca pasar\u00e1 desapercibido.<\/li>\n<li><strong>Informaci\u00f3n adicional:<\/strong> Contiene sulfitos.<\/li>\n<\/ul>\n","protected":false},"excerpt":{"rendered":"<p>Quinta das Marias Touriga Nacional Reserva Tinto 2019 Regi\u00f3n: D\u00e3o Capacidad: 75cL CepasTouriga Nacional Graduaci\u00f3n alcoh\u00f3lica: 14% Nota de cata: Excelente sensaci\u00f3n en boca, rica sin ser aplastante, plena y con taninos muy finos pero muy presentes. Este vino nunca pasar\u00e1 desapercibido. Informaci\u00f3n adicional: Contiene sulfitos.<\/p>\n","protected":false},"featured_media":6784,"template":"","meta":{"_monsterinsights_skip_tracking":false,"_monsterinsights_sitenote_active":false,"_monsterinsights_sitenote_note":"","_monsterinsights_sitenote_category":0},"product_brand":[],"product_cat":[216,209,212,213,249,102],"product_tag":[],"class_list":{"0":"post-6106","1":"product","2":"type-product","3":"status-publish","4":"has-post-thumbnail","6":"product_cat-dao-es","7":"product_cat-pais-es-2","8":"product_cat-portugal-es-2","9":"product_cat-region-es","10":"product_cat-tinto-es-4","11":"product_cat-vinos","13":"first","14":"instock","15":"taxable","16":"shipping-taxable","17":"purchasable","18":"product-type-simple"},"aioseo_notices":[],"_links":{"self":[{"href":"https:\/\/pwinecastes.com\/es\/wp-json\/wp\/v2\/product\/6106","targetHints":{"allow":["GET"]}}],"collection":[{"href":"https:\/\/pwinecastes.com\/es\/wp-json\/wp\/v2\/product"}],"about":[{"href":"https:\/\/pwinecastes.com\/es\/wp-json\/wp\/v2\/types\/product"}],"version-history":[{"count":0,"href":"https:\/\/pwinecastes.com\/es\/wp-json\/wp\/v2\/product\/6106\/revisions"}],"wp:featuredmedia":[{"embeddable":true,"href":"https:\/\/pwinecastes.com\/es\/wp-json\/wp\/v2\/media\/6784"}],"wp:attachment":[{"href":"https:\/\/pwinecastes.com\/es\/wp-json\/wp\/v2\/media?parent=6106"}],"wp:term":[{"taxonomy":"product_brand","embeddable":true,"href":"https:\/\/pwinecastes.com\/es\/wp-json\/wp\/v2\/product_brand?post=6106"},{"taxonomy":"product_cat","embeddable":true,"href":"https:\/\/pwinecastes.com\/es\/wp-json\/wp\/v2\/product_cat?post=6106"},{"taxonomy":"product_tag","embeddable":true,"href":"https:\/\/pwinecastes.com\/es\/wp-json\/wp\/v2\/product_tag?post=6106"}],"curies":[{"name":"wp","href":"https:\/\/api.w.org\/{rel}","templated":true}]}}