{"id":6145,"date":"2024-04-17T16:55:28","date_gmt":"2024-04-17T16:55:28","guid":{"rendered":"https:\/\/luxuryinportugal.com\/pwinecastes\/product\/quinta-de-lemos-dona-santana-2015\/"},"modified":"2025-04-27T16:31:47","modified_gmt":"2025-04-27T16:31:47","slug":"quinta-de-lemos-dona-santana-2015","status":"publish","type":"product","link":"https:\/\/pwinecastes.com\/es\/product\/quinta-de-lemos-dona-santana-2015\/","title":{"rendered":"Quinta de Lemos Dona Santana 2015"},"content":{"rendered":"<p>Quinta de Lemos Dona Santana 2015<\/p>\n<ul>\n<li><strong>Regi\u00f3n: <\/strong>D\u00e2o<\/li>\n<li><strong>Capacidad:<\/strong> 75cL<\/li>\n<li><strong>Variedades de uva: <\/strong>Touriga Nacional, Tinta Roriz, Ja\u00e9n y Alfrocheiro.<\/li>\n<li><strong>Graduaci\u00f3n alcoh\u00f3lica: <\/strong>14,5%<\/li>\n<li><strong>Nota de cata:<\/strong> Muy fragante, con fruta madura dulce y atractiva, goloso y pleno en boca, con taninos bien medidos. Sabor final con especias dulces, que lo convierten en un vino apetecible y atractivo.<\/li>\n<li><strong>Informaci\u00f3n adicional:<\/strong> Contiene sulfitos.<\/li>\n<\/ul>\n","protected":false},"excerpt":{"rendered":"<p>Quinta de Lemos Dona Santana 2015 Regi\u00f3n: D\u00e2o Capacidad: 75cL Variedades de uva: Touriga Nacional, Tinta Roriz, Ja\u00e9n y Alfrocheiro. Graduaci\u00f3n alcoh\u00f3lica: 14,5% Nota de cata: Muy fragante, con fruta madura dulce y atractiva, goloso y pleno en boca, con taninos bien medidos. Sabor final con especias dulces, que lo convierten en un vino apetecible [&hellip;]<\/p>\n","protected":false},"featured_media":6802,"template":"","meta":{"_monsterinsights_skip_tracking":false,"_monsterinsights_sitenote_active":false,"_monsterinsights_sitenote_note":"","_monsterinsights_sitenote_category":0},"product_brand":[],"product_cat":[216,209,212,213,249,102],"product_tag":[],"class_list":{"0":"post-6145","1":"product","2":"type-product","3":"status-publish","4":"has-post-thumbnail","6":"product_cat-dao-es","7":"product_cat-pais-es-2","8":"product_cat-portugal-es-2","9":"product_cat-region-es","10":"product_cat-tinto-es-4","11":"product_cat-vinos","13":"first","14":"instock","15":"taxable","16":"shipping-taxable","17":"purchasable","18":"product-type-simple"},"aioseo_notices":[],"_links":{"self":[{"href":"https:\/\/pwinecastes.com\/es\/wp-json\/wp\/v2\/product\/6145","targetHints":{"allow":["GET"]}}],"collection":[{"href":"https:\/\/pwinecastes.com\/es\/wp-json\/wp\/v2\/product"}],"about":[{"href":"https:\/\/pwinecastes.com\/es\/wp-json\/wp\/v2\/types\/product"}],"version-history":[{"count":0,"href":"https:\/\/pwinecastes.com\/es\/wp-json\/wp\/v2\/product\/6145\/revisions"}],"wp:featuredmedia":[{"embeddable":true,"href":"https:\/\/pwinecastes.com\/es\/wp-json\/wp\/v2\/media\/6802"}],"wp:attachment":[{"href":"https:\/\/pwinecastes.com\/es\/wp-json\/wp\/v2\/media?parent=6145"}],"wp:term":[{"taxonomy":"product_brand","embeddable":true,"href":"https:\/\/pwinecastes.com\/es\/wp-json\/wp\/v2\/product_brand?post=6145"},{"taxonomy":"product_cat","embeddable":true,"href":"https:\/\/pwinecastes.com\/es\/wp-json\/wp\/v2\/product_cat?post=6145"},{"taxonomy":"product_tag","embeddable":true,"href":"https:\/\/pwinecastes.com\/es\/wp-json\/wp\/v2\/product_tag?post=6145"}],"curies":[{"name":"wp","href":"https:\/\/api.w.org\/{rel}","templated":true}]}}