{"id":6166,"date":"2024-04-17T17:29:25","date_gmt":"2024-04-17T17:29:25","guid":{"rendered":"https:\/\/luxuryinportugal.com\/pwinecastes\/product\/quinta-de-lemos-nelita-2016\/"},"modified":"2024-04-17T17:29:25","modified_gmt":"2024-04-17T17:29:25","slug":"quinta-de-lemos-nelita-2016","status":"publish","type":"product","link":"https:\/\/pwinecastes.com\/es\/product\/quinta-de-lemos-nelita-2016\/","title":{"rendered":"Quinta de Lemos Nelita 2016"},"content":{"rendered":"<p>Quinta de Lemos N\u00e9lita 2016<\/p>\n<ul>\n<li><strong>Regi\u00f3n:<\/strong> D\u00e3o<\/li>\n<li><strong>Capacidad:<\/strong> 75cL<\/li>\n<li><strong>Cepas<\/strong>Touriga Nacional<\/li>\n<li><strong>Graduaci\u00f3n alcoh\u00f3lica: <\/strong>12,5%<\/li>\n<li><strong>Nota de cata:<\/strong> Color de la piel de la cebolla. Un aroma sobrio y elegante con un perfil complejo, notas de especias suaves y frutos secos. Con cuerpo y una agradable y firme acidez, muy s\u00f3lido y lleno de sabor.<\/li>\n<li><strong>Maridaje: <\/strong>Perfecto con carnes blancas, comidas picantes y pasta italiana.<\/li>\n<li><strong>Informaci\u00f3n adicional:<\/strong> Contiene sulfitos.<\/li>\n<\/ul>\n","protected":false},"excerpt":{"rendered":"<p>Quinta de Lemos N\u00e9lita 2016 Regi\u00f3n: D\u00e3o Capacidad: 75cL CepasTouriga Nacional Graduaci\u00f3n alcoh\u00f3lica: 12,5% Nota de cata: Color de la piel de la cebolla. Un aroma sobrio y elegante con un perfil complejo, notas de especias suaves y frutos secos. Con cuerpo y una agradable y firme acidez, muy s\u00f3lido y lleno de sabor. Maridaje: [&hellip;]<\/p>\n","protected":false},"featured_media":6822,"template":"","meta":{"_monsterinsights_skip_tracking":false,"_monsterinsights_sitenote_active":false,"_monsterinsights_sitenote_note":"","_monsterinsights_sitenote_category":0},"product_brand":[],"product_cat":[216,209,212,213,251,102],"product_tag":[],"class_list":{"0":"post-6166","1":"product","2":"type-product","3":"status-publish","4":"has-post-thumbnail","6":"product_cat-dao-es","7":"product_cat-pais-es-2","8":"product_cat-portugal-es-2","9":"product_cat-region-es","10":"product_cat-rosado-es-3","11":"product_cat-vinos","13":"first","14":"instock","15":"taxable","16":"shipping-taxable","17":"purchasable","18":"product-type-simple"},"aioseo_notices":[],"_links":{"self":[{"href":"https:\/\/pwinecastes.com\/es\/wp-json\/wp\/v2\/product\/6166","targetHints":{"allow":["GET"]}}],"collection":[{"href":"https:\/\/pwinecastes.com\/es\/wp-json\/wp\/v2\/product"}],"about":[{"href":"https:\/\/pwinecastes.com\/es\/wp-json\/wp\/v2\/types\/product"}],"version-history":[{"count":0,"href":"https:\/\/pwinecastes.com\/es\/wp-json\/wp\/v2\/product\/6166\/revisions"}],"wp:featuredmedia":[{"embeddable":true,"href":"https:\/\/pwinecastes.com\/es\/wp-json\/wp\/v2\/media\/6822"}],"wp:attachment":[{"href":"https:\/\/pwinecastes.com\/es\/wp-json\/wp\/v2\/media?parent=6166"}],"wp:term":[{"taxonomy":"product_brand","embeddable":true,"href":"https:\/\/pwinecastes.com\/es\/wp-json\/wp\/v2\/product_brand?post=6166"},{"taxonomy":"product_cat","embeddable":true,"href":"https:\/\/pwinecastes.com\/es\/wp-json\/wp\/v2\/product_cat?post=6166"},{"taxonomy":"product_tag","embeddable":true,"href":"https:\/\/pwinecastes.com\/es\/wp-json\/wp\/v2\/product_tag?post=6166"}],"curies":[{"name":"wp","href":"https:\/\/api.w.org\/{rel}","templated":true}]}}