{"id":6189,"date":"2024-04-18T10:00:09","date_gmt":"2024-04-18T10:00:09","guid":{"rendered":"https:\/\/luxuryinportugal.com\/pwinecastes\/product\/quinta-de-lemos-paulette2018\/"},"modified":"2024-04-18T10:00:09","modified_gmt":"2024-04-18T10:00:09","slug":"quinta-de-lemos-paulette2018","status":"publish","type":"product","link":"https:\/\/pwinecastes.com\/es\/product\/quinta-de-lemos-paulette2018\/","title":{"rendered":"Quinta de Lemos Paulette2018"},"content":{"rendered":"<p>Quinta de Lemos Paulette2018<\/p>\n<ul>\n<li><strong>Regi\u00f3n:<\/strong> D\u00e3o<\/li>\n<li><strong>Capacidad:<\/strong> 75cL<\/li>\n<li><strong>Variedades de uva: <\/strong>Encruzado.<\/li>\n<li><strong>Graduaci\u00f3n alcoh\u00f3lica: <\/strong>13,5%<\/li>\n<li><strong>Nota de cata:<\/strong> La mineralidad y la madera a\u00f1aden cierta complejidad. Matices vegetales resinosos, eucalipto, menta, tamarillo y avellana. Fresco, con una acidez bien integrada en un cuerpo estructurado de volumen medio.<\/li>\n<li><strong>Informaci\u00f3n adicional:<\/strong> Contiene sulfitos.<\/li>\n<\/ul>\n","protected":false},"excerpt":{"rendered":"<p>Quinta de Lemos Paulette2018 Regi\u00f3n: D\u00e3o Capacidad: 75cL Variedades de uva: Encruzado. Graduaci\u00f3n alcoh\u00f3lica: 13,5% Nota de cata: La mineralidad y la madera a\u00f1aden cierta complejidad. Matices vegetales resinosos, eucalipto, menta, tamarillo y avellana. Fresco, con una acidez bien integrada en un cuerpo estructurado de volumen medio. Informaci\u00f3n adicional: Contiene sulfitos.<\/p>\n","protected":false},"featured_media":6838,"template":"","meta":{"_monsterinsights_skip_tracking":false,"_monsterinsights_sitenote_active":false,"_monsterinsights_sitenote_note":"","_monsterinsights_sitenote_category":0},"product_brand":[],"product_cat":[250,216,209,212,213,102],"product_tag":[],"class_list":{"0":"post-6189","1":"product","2":"type-product","3":"status-publish","4":"has-post-thumbnail","6":"product_cat-blanco-es-3","7":"product_cat-dao-es","8":"product_cat-pais-es-2","9":"product_cat-portugal-es-2","10":"product_cat-region-es","11":"product_cat-vinos","13":"first","14":"instock","15":"taxable","16":"shipping-taxable","17":"purchasable","18":"product-type-simple"},"aioseo_notices":[],"_links":{"self":[{"href":"https:\/\/pwinecastes.com\/es\/wp-json\/wp\/v2\/product\/6189","targetHints":{"allow":["GET"]}}],"collection":[{"href":"https:\/\/pwinecastes.com\/es\/wp-json\/wp\/v2\/product"}],"about":[{"href":"https:\/\/pwinecastes.com\/es\/wp-json\/wp\/v2\/types\/product"}],"version-history":[{"count":0,"href":"https:\/\/pwinecastes.com\/es\/wp-json\/wp\/v2\/product\/6189\/revisions"}],"wp:featuredmedia":[{"embeddable":true,"href":"https:\/\/pwinecastes.com\/es\/wp-json\/wp\/v2\/media\/6838"}],"wp:attachment":[{"href":"https:\/\/pwinecastes.com\/es\/wp-json\/wp\/v2\/media?parent=6189"}],"wp:term":[{"taxonomy":"product_brand","embeddable":true,"href":"https:\/\/pwinecastes.com\/es\/wp-json\/wp\/v2\/product_brand?post=6189"},{"taxonomy":"product_cat","embeddable":true,"href":"https:\/\/pwinecastes.com\/es\/wp-json\/wp\/v2\/product_cat?post=6189"},{"taxonomy":"product_tag","embeddable":true,"href":"https:\/\/pwinecastes.com\/es\/wp-json\/wp\/v2\/product_tag?post=6189"}],"curies":[{"name":"wp","href":"https:\/\/api.w.org\/{rel}","templated":true}]}}