{"id":6198,"date":"2024-04-18T10:22:30","date_gmt":"2024-04-18T10:22:30","guid":{"rendered":"https:\/\/luxuryinportugal.com\/pwinecastes\/product\/quinta-de-santiago-alvarinho-reserva-2018\/"},"modified":"2024-04-18T10:22:30","modified_gmt":"2024-04-18T10:22:30","slug":"quinta-de-santiago-alvarinho-reserva-2018","status":"publish","type":"product","link":"https:\/\/pwinecastes.com\/es\/product\/quinta-de-santiago-alvarinho-reserva-2018\/","title":{"rendered":"Quinta de Santiago Alvarinho Reserva 2018"},"content":{"rendered":"<p>Quinta de Santiago Alvarinho Reserva 2018<\/p>\n<ul>\n<li><strong>Regi\u00f3n: <\/strong>Subregi\u00f3n de Mon\u00e7\u00e3o y Melga\u00e7o.<\/li>\n<li><strong>Capacidad:<\/strong> 75cL<\/li>\n<li><strong>Variedades de uva: <\/strong>Alvarinho<\/li>\n<li><strong>Graduaci\u00f3n alcoh\u00f3lica: <\/strong>13,5%<\/li>\n<li><strong>Nota de cata:<\/strong> Color c\u00edtrico. El aroma es elegante y complejo, con notas de menta, fruta y flor de c\u00edtrico rodeadas de madera suave. Equilibrado, con cuerpo y persistente, con una frescura e intensidad de fruta \u00fanicas.<\/li>\n<li><strong>Maridaje: <\/strong>La elegancia y el equilibrio de este vino lo convierten en el compa\u00f1ero ideal del marisco, el pescado, la cocina asi\u00e1tica, los quesos, la caza y las carnes blancas, especialmente las de ave.<\/li>\n<li><strong>Informaci\u00f3n adicional:<\/strong> Contiene sulfitos.<\/li>\n<\/ul>\n","protected":false},"excerpt":{"rendered":"<p>Quinta de Santiago Alvarinho Reserva 2018 Regi\u00f3n: Subregi\u00f3n de Mon\u00e7\u00e3o y Melga\u00e7o. Capacidad: 75cL Variedades de uva: Alvarinho Graduaci\u00f3n alcoh\u00f3lica: 13,5% Nota de cata: Color c\u00edtrico. El aroma es elegante y complejo, con notas de menta, fruta y flor de c\u00edtrico rodeadas de madera suave. Equilibrado, con cuerpo y persistente, con una frescura e intensidad [&hellip;]<\/p>\n","protected":false},"featured_media":6847,"template":"","meta":{"_monsterinsights_skip_tracking":false,"_monsterinsights_sitenote_active":false,"_monsterinsights_sitenote_note":"","_monsterinsights_sitenote_category":0},"product_brand":[],"product_cat":[288,209,213,219,102],"product_tag":[],"class_list":{"0":"post-6198","1":"product","2":"type-product","3":"status-publish","4":"has-post-thumbnail","6":"product_cat-blanco-es-7","7":"product_cat-pais-es-2","8":"product_cat-region-es","9":"product_cat-vinho-verde-es","10":"product_cat-vinos","12":"first","13":"instock","14":"taxable","15":"shipping-taxable","16":"purchasable","17":"product-type-simple"},"aioseo_notices":[],"_links":{"self":[{"href":"https:\/\/pwinecastes.com\/es\/wp-json\/wp\/v2\/product\/6198","targetHints":{"allow":["GET"]}}],"collection":[{"href":"https:\/\/pwinecastes.com\/es\/wp-json\/wp\/v2\/product"}],"about":[{"href":"https:\/\/pwinecastes.com\/es\/wp-json\/wp\/v2\/types\/product"}],"version-history":[{"count":0,"href":"https:\/\/pwinecastes.com\/es\/wp-json\/wp\/v2\/product\/6198\/revisions"}],"wp:featuredmedia":[{"embeddable":true,"href":"https:\/\/pwinecastes.com\/es\/wp-json\/wp\/v2\/media\/6847"}],"wp:attachment":[{"href":"https:\/\/pwinecastes.com\/es\/wp-json\/wp\/v2\/media?parent=6198"}],"wp:term":[{"taxonomy":"product_brand","embeddable":true,"href":"https:\/\/pwinecastes.com\/es\/wp-json\/wp\/v2\/product_brand?post=6198"},{"taxonomy":"product_cat","embeddable":true,"href":"https:\/\/pwinecastes.com\/es\/wp-json\/wp\/v2\/product_cat?post=6198"},{"taxonomy":"product_tag","embeddable":true,"href":"https:\/\/pwinecastes.com\/es\/wp-json\/wp\/v2\/product_tag?post=6198"}],"curies":[{"name":"wp","href":"https:\/\/api.w.org\/{rel}","templated":true}]}}