{"id":6210,"date":"2024-04-18T13:39:41","date_gmt":"2024-04-18T13:39:41","guid":{"rendered":"https:\/\/luxuryinportugal.com\/pwinecastes\/product\/quinta-de-santiago-alvarinho-loureiro-2019\/"},"modified":"2024-04-18T13:39:41","modified_gmt":"2024-04-18T13:39:41","slug":"quinta-de-santiago-alvarinho-loureiro-2019","status":"publish","type":"product","link":"https:\/\/pwinecastes.com\/es\/product\/quinta-de-santiago-alvarinho-loureiro-2019\/","title":{"rendered":"Quinta de Santiago Alvarinho Loureiro 2019"},"content":{"rendered":"<p>Quinta de Santiago Alvarinho Loureiro 2019<\/p>\n<ul>\n<li><strong>Regi\u00f3n: <\/strong>Subregi\u00f3n de Mon\u00e7\u00e3o y Melga\u00e7o.<\/li>\n<li><strong>Capacidad:<\/strong> 75cL<\/li>\n<li><strong>Variedades de uva: <\/strong>Alvarinho y Loureiro.<\/li>\n<li><strong>Graduaci\u00f3n alcoh\u00f3lica: <\/strong>12<\/li>\n<li><strong>Nota de cata:<\/strong> Revela un color c\u00edtrico. El aroma es fresco y floral, con notas bals\u00e1micas y mentoladas, flores blancas y c\u00edtricos. Tiene un cuerpo elegante, fresco y mineral, y una acidez equilibrada.<\/li>\n<li><strong>Maridaje: <\/strong>La elegancia de este vino lo convierte en la elecci\u00f3n ideal para entrantes, ostras, mejillones, vieiras y otros mariscos, pescados y cocina asi\u00e1tica. Debe servirse a una temperatura de entre 10\u00baC y 12\u00baC.<\/li>\n<li><strong>Informaci\u00f3n adicional:<\/strong> Contiene sulfitos.<\/li>\n<\/ul>\n","protected":false},"excerpt":{"rendered":"<p>Quinta de Santiago Alvarinho Loureiro 2019 Regi\u00f3n: Subregi\u00f3n de Mon\u00e7\u00e3o y Melga\u00e7o. Capacidad: 75cL Variedades de uva: Alvarinho y Loureiro. Graduaci\u00f3n alcoh\u00f3lica: 12 Nota de cata: Revela un color c\u00edtrico. El aroma es fresco y floral, con notas bals\u00e1micas y mentoladas, flores blancas y c\u00edtricos. Tiene un cuerpo elegante, fresco y mineral, y una acidez [&hellip;]<\/p>\n","protected":false},"featured_media":6866,"template":"","meta":{"_monsterinsights_skip_tracking":false,"_monsterinsights_sitenote_active":false,"_monsterinsights_sitenote_note":"","_monsterinsights_sitenote_category":0},"product_brand":[],"product_cat":[288,209,212,213,219,102],"product_tag":[],"class_list":{"0":"post-6210","1":"product","2":"type-product","3":"status-publish","4":"has-post-thumbnail","6":"product_cat-blanco-es-7","7":"product_cat-pais-es-2","8":"product_cat-portugal-es-2","9":"product_cat-region-es","10":"product_cat-vinho-verde-es","11":"product_cat-vinos","13":"first","14":"instock","15":"taxable","16":"shipping-taxable","17":"purchasable","18":"product-type-simple"},"aioseo_notices":[],"_links":{"self":[{"href":"https:\/\/pwinecastes.com\/es\/wp-json\/wp\/v2\/product\/6210","targetHints":{"allow":["GET"]}}],"collection":[{"href":"https:\/\/pwinecastes.com\/es\/wp-json\/wp\/v2\/product"}],"about":[{"href":"https:\/\/pwinecastes.com\/es\/wp-json\/wp\/v2\/types\/product"}],"version-history":[{"count":0,"href":"https:\/\/pwinecastes.com\/es\/wp-json\/wp\/v2\/product\/6210\/revisions"}],"wp:featuredmedia":[{"embeddable":true,"href":"https:\/\/pwinecastes.com\/es\/wp-json\/wp\/v2\/media\/6866"}],"wp:attachment":[{"href":"https:\/\/pwinecastes.com\/es\/wp-json\/wp\/v2\/media?parent=6210"}],"wp:term":[{"taxonomy":"product_brand","embeddable":true,"href":"https:\/\/pwinecastes.com\/es\/wp-json\/wp\/v2\/product_brand?post=6210"},{"taxonomy":"product_cat","embeddable":true,"href":"https:\/\/pwinecastes.com\/es\/wp-json\/wp\/v2\/product_cat?post=6210"},{"taxonomy":"product_tag","embeddable":true,"href":"https:\/\/pwinecastes.com\/es\/wp-json\/wp\/v2\/product_tag?post=6210"}],"curies":[{"name":"wp","href":"https:\/\/api.w.org\/{rel}","templated":true}]}}