{"id":6396,"date":"2024-04-19T16:50:53","date_gmt":"2024-04-19T16:50:53","guid":{"rendered":"https:\/\/luxuryinportugal.com\/pwinecastes\/product\/quinta-do-vale-meao-2014\/"},"modified":"2024-04-19T16:50:53","modified_gmt":"2024-04-19T16:50:53","slug":"quinta-do-vale-meao-2014","status":"publish","type":"product","link":"https:\/\/pwinecastes.com\/es\/product\/quinta-do-vale-meao-2014\/","title":{"rendered":"Quinta do Vale Me\u00e3o 2014"},"content":{"rendered":"<p>Quinta do Vale Me\u00e3o 2014<\/p>\n<ul>\n<li><strong>Regi\u00f3n: <\/strong>Douro<\/li>\n<li><strong>Capacidad:<\/strong> 75cL<\/li>\n<li><strong>Variedades de uva: <\/strong>55% Touriga Nacional, 35% Touriga Franca, 5% Tinta Barroca y 5% Tinta Roriz.<\/li>\n<li><strong>Graduaci\u00f3n alcoh\u00f3lica: <\/strong>14,5%<\/li>\n<li><strong>Nota de cata:<\/strong> Color muy concentrado. Una nariz profunda y compleja, con muchos matices arom\u00e1ticos, sin que ning\u00fan sabor domine sobre otro. En la cata es vibrante, en un conjunto de gran elegancia, excelente integraci\u00f3n de la madera, sorprendente con una gran variedad de sabores y un final muy largo.<\/li>\n<li><strong>Informaci\u00f3n adicional:<\/strong> Contiene sulfitos.<\/li>\n<\/ul>\n","protected":false},"excerpt":{"rendered":"<p>Quinta do Vale Me\u00e3o 2014 Regi\u00f3n: Douro Capacidad: 75cL Variedades de uva: 55% Touriga Nacional, 35% Touriga Franca, 5% Tinta Barroca y 5% Tinta Roriz. Graduaci\u00f3n alcoh\u00f3lica: 14,5% Nota de cata: Color muy concentrado. Una nariz profunda y compleja, con muchos matices arom\u00e1ticos, sin que ning\u00fan sabor domine sobre otro. En la cata es vibrante, [&hellip;]<\/p>\n","protected":false},"featured_media":6973,"template":"","meta":{"_monsterinsights_skip_tracking":false,"_monsterinsights_sitenote_active":false,"_monsterinsights_sitenote_note":"","_monsterinsights_sitenote_category":0},"product_brand":[],"product_cat":[217,209,212,213,262,102],"product_tag":[],"class_list":{"0":"post-6396","1":"product","2":"type-product","3":"status-publish","4":"has-post-thumbnail","6":"product_cat-douro-es","7":"product_cat-pais-es-2","8":"product_cat-portugal-es-2","9":"product_cat-region-es","10":"product_cat-tinto-es-5","11":"product_cat-vinos","13":"first","14":"instock","15":"taxable","16":"shipping-taxable","17":"purchasable","18":"product-type-simple"},"aioseo_notices":[],"_links":{"self":[{"href":"https:\/\/pwinecastes.com\/es\/wp-json\/wp\/v2\/product\/6396","targetHints":{"allow":["GET"]}}],"collection":[{"href":"https:\/\/pwinecastes.com\/es\/wp-json\/wp\/v2\/product"}],"about":[{"href":"https:\/\/pwinecastes.com\/es\/wp-json\/wp\/v2\/types\/product"}],"version-history":[{"count":0,"href":"https:\/\/pwinecastes.com\/es\/wp-json\/wp\/v2\/product\/6396\/revisions"}],"wp:featuredmedia":[{"embeddable":true,"href":"https:\/\/pwinecastes.com\/es\/wp-json\/wp\/v2\/media\/6973"}],"wp:attachment":[{"href":"https:\/\/pwinecastes.com\/es\/wp-json\/wp\/v2\/media?parent=6396"}],"wp:term":[{"taxonomy":"product_brand","embeddable":true,"href":"https:\/\/pwinecastes.com\/es\/wp-json\/wp\/v2\/product_brand?post=6396"},{"taxonomy":"product_cat","embeddable":true,"href":"https:\/\/pwinecastes.com\/es\/wp-json\/wp\/v2\/product_cat?post=6396"},{"taxonomy":"product_tag","embeddable":true,"href":"https:\/\/pwinecastes.com\/es\/wp-json\/wp\/v2\/product_tag?post=6396"}],"curies":[{"name":"wp","href":"https:\/\/api.w.org\/{rel}","templated":true}]}}