{"id":6502,"date":"2024-04-20T13:24:47","date_gmt":"2024-04-20T13:24:47","guid":{"rendered":"https:\/\/luxuryinportugal.com\/pwinecastes\/product\/quinta-dos-carvalhais-encruzado\/"},"modified":"2024-04-20T13:24:47","modified_gmt":"2024-04-20T13:24:47","slug":"quinta-dos-carvalhais-encruzado","status":"publish","type":"product","link":"https:\/\/pwinecastes.com\/es\/product\/quinta-dos-carvalhais-encruzado\/","title":{"rendered":"Quinta dos Carvalhais Encruzado"},"content":{"rendered":"<p>Quinta dos Carvalhais Encruzado<\/p>\n<ul>\n<li><strong>Regi\u00f3n: <\/strong>D\u00e3o.<\/li>\n<li><strong>Capacidad:<\/strong> 75cL<\/li>\n<li><strong>Variedades de uva: <\/strong>Encruzado.<\/li>\n<li><strong>Graduaci\u00f3n alcoh\u00f3lica: <\/strong>13% vol.<\/li>\n<li><strong>Nota de cata:<\/strong> Vino amarillo c\u00edtrico brillante. En nariz muestra el sutil aroma t\u00edpico de la variedad de uva cruzado: notas minerales, frutas blancas como el mel\u00f3n y la pera, matices florales y un toque vegetal que aporta frescor.<\/li>\n<li><strong>Informaci\u00f3n adicional:<\/strong> Contiene sulfitos.<\/li>\n<\/ul>\n","protected":false},"excerpt":{"rendered":"<p>Quinta dos Carvalhais Encruzado Regi\u00f3n: D\u00e3o. Capacidad: 75cL Variedades de uva: Encruzado. Graduaci\u00f3n alcoh\u00f3lica: 13% vol. Nota de cata: Vino amarillo c\u00edtrico brillante. En nariz muestra el sutil aroma t\u00edpico de la variedad de uva cruzado: notas minerales, frutas blancas como el mel\u00f3n y la pera, matices florales y un toque vegetal que aporta frescor. [&hellip;]<\/p>\n","protected":false},"featured_media":7037,"template":"","meta":{"_monsterinsights_skip_tracking":false,"_monsterinsights_sitenote_active":false,"_monsterinsights_sitenote_note":"","_monsterinsights_sitenote_category":0},"product_brand":[],"product_cat":[250,216,209,212,213,102],"product_tag":[],"class_list":{"0":"post-6502","1":"product","2":"type-product","3":"status-publish","4":"has-post-thumbnail","6":"product_cat-blanco-es-3","7":"product_cat-dao-es","8":"product_cat-pais-es-2","9":"product_cat-portugal-es-2","10":"product_cat-region-es","11":"product_cat-vinos","13":"first","14":"instock","15":"taxable","16":"shipping-taxable","17":"purchasable","18":"product-type-simple"},"aioseo_notices":[],"_links":{"self":[{"href":"https:\/\/pwinecastes.com\/es\/wp-json\/wp\/v2\/product\/6502","targetHints":{"allow":["GET"]}}],"collection":[{"href":"https:\/\/pwinecastes.com\/es\/wp-json\/wp\/v2\/product"}],"about":[{"href":"https:\/\/pwinecastes.com\/es\/wp-json\/wp\/v2\/types\/product"}],"version-history":[{"count":0,"href":"https:\/\/pwinecastes.com\/es\/wp-json\/wp\/v2\/product\/6502\/revisions"}],"wp:featuredmedia":[{"embeddable":true,"href":"https:\/\/pwinecastes.com\/es\/wp-json\/wp\/v2\/media\/7037"}],"wp:attachment":[{"href":"https:\/\/pwinecastes.com\/es\/wp-json\/wp\/v2\/media?parent=6502"}],"wp:term":[{"taxonomy":"product_brand","embeddable":true,"href":"https:\/\/pwinecastes.com\/es\/wp-json\/wp\/v2\/product_brand?post=6502"},{"taxonomy":"product_cat","embeddable":true,"href":"https:\/\/pwinecastes.com\/es\/wp-json\/wp\/v2\/product_cat?post=6502"},{"taxonomy":"product_tag","embeddable":true,"href":"https:\/\/pwinecastes.com\/es\/wp-json\/wp\/v2\/product_tag?post=6502"}],"curies":[{"name":"wp","href":"https:\/\/api.w.org\/{rel}","templated":true}]}}