{"id":6544,"date":"2024-04-20T14:10:18","date_gmt":"2024-04-20T14:10:18","guid":{"rendered":"https:\/\/luxuryinportugal.com\/pwinecastes\/product\/quinta-dos-roques-touriga-nacional-2017\/"},"modified":"2024-04-20T14:10:18","modified_gmt":"2024-04-20T14:10:18","slug":"quinta-dos-roques-touriga-nacional-2017","status":"publish","type":"product","link":"https:\/\/pwinecastes.com\/es\/product\/quinta-dos-roques-touriga-nacional-2017\/","title":{"rendered":"Quinta dos Roques Touriga Nacional 2017"},"content":{"rendered":"<p>Quinta dos Roques Touriga Nacional 2017<\/p>\n<ul>\n<li><strong>Regi\u00f3n: <\/strong>D\u00e3o.<\/li>\n<li><strong>Capacidad:<\/strong> 75cL<\/li>\n<li><strong>Variedades de uva: <\/strong>Touriga Nacional.<\/li>\n<li><strong>Graduaci\u00f3n alcoh\u00f3lica: <\/strong>14% vol.<\/li>\n<li><strong>Nota de cata:<\/strong> De color oscuro y brillante, el aroma, caracter\u00edstico de esta variedad, tiene notas de violetas, agujas de pino y frutos rojos. Las notas de roble y chocolate del roble est\u00e1n presentes y bien equilibradas con la fruta. En boca es muy generoso y concentrado, con la astringencia y los taninos firmes caracter\u00edsticos de su juventud, lo que augura un notable envejecimiento prolongado.<\/li>\n<li><strong>Informaci\u00f3n adicional:<\/strong> Contiene sulfitos.<\/li>\n<\/ul>\n","protected":false},"excerpt":{"rendered":"<p>Quinta dos Roques Touriga Nacional 2017 Regi\u00f3n: D\u00e3o. Capacidad: 75cL Variedades de uva: Touriga Nacional. Graduaci\u00f3n alcoh\u00f3lica: 14% vol. Nota de cata: De color oscuro y brillante, el aroma, caracter\u00edstico de esta variedad, tiene notas de violetas, agujas de pino y frutos rojos. Las notas de roble y chocolate del roble est\u00e1n presentes y bien [&hellip;]<\/p>\n","protected":false},"featured_media":7061,"template":"","meta":{"_monsterinsights_skip_tracking":false,"_monsterinsights_sitenote_active":false,"_monsterinsights_sitenote_note":"","_monsterinsights_sitenote_category":0},"product_brand":[],"product_cat":[216,209,212,213,249],"product_tag":[],"class_list":{"0":"post-6544","1":"product","2":"type-product","3":"status-publish","4":"has-post-thumbnail","6":"product_cat-dao-es","7":"product_cat-pais-es-2","8":"product_cat-portugal-es-2","9":"product_cat-region-es","10":"product_cat-tinto-es-4","12":"first","13":"instock","14":"taxable","15":"shipping-taxable","16":"purchasable","17":"product-type-simple"},"aioseo_notices":[],"_links":{"self":[{"href":"https:\/\/pwinecastes.com\/es\/wp-json\/wp\/v2\/product\/6544","targetHints":{"allow":["GET"]}}],"collection":[{"href":"https:\/\/pwinecastes.com\/es\/wp-json\/wp\/v2\/product"}],"about":[{"href":"https:\/\/pwinecastes.com\/es\/wp-json\/wp\/v2\/types\/product"}],"version-history":[{"count":0,"href":"https:\/\/pwinecastes.com\/es\/wp-json\/wp\/v2\/product\/6544\/revisions"}],"wp:featuredmedia":[{"embeddable":true,"href":"https:\/\/pwinecastes.com\/es\/wp-json\/wp\/v2\/media\/7061"}],"wp:attachment":[{"href":"https:\/\/pwinecastes.com\/es\/wp-json\/wp\/v2\/media?parent=6544"}],"wp:term":[{"taxonomy":"product_brand","embeddable":true,"href":"https:\/\/pwinecastes.com\/es\/wp-json\/wp\/v2\/product_brand?post=6544"},{"taxonomy":"product_cat","embeddable":true,"href":"https:\/\/pwinecastes.com\/es\/wp-json\/wp\/v2\/product_cat?post=6544"},{"taxonomy":"product_tag","embeddable":true,"href":"https:\/\/pwinecastes.com\/es\/wp-json\/wp\/v2\/product_tag?post=6544"}],"curies":[{"name":"wp","href":"https:\/\/api.w.org\/{rel}","templated":true}]}}