{"id":6575,"date":"2024-04-20T14:50:35","date_gmt":"2024-04-20T14:50:35","guid":{"rendered":"https:\/\/luxuryinportugal.com\/pwinecastes\/product\/quinta-nova-referencia-tinto-2016\/"},"modified":"2024-04-20T14:50:35","modified_gmt":"2024-04-20T14:50:35","slug":"quinta-nova-referencia-tinto-2016","status":"publish","type":"product","link":"https:\/\/pwinecastes.com\/es\/product\/quinta-nova-referencia-tinto-2016\/","title":{"rendered":"Quinta Nova Refer\u00eancia Tinto 2016"},"content":{"rendered":"<p>Quinta Nova Refer\u00eancia Tinto 2016<\/p>\n<ul>\n<li><strong>Regi\u00f3n: <\/strong>Douro.<\/li>\n<li><strong>Capacidad:<\/strong> 75cL<\/li>\n<li><strong>Variedades de uva:<\/strong> Tinta Roriz, Vinhas Velhas Blend.<\/li>\n<li><strong>Graduaci\u00f3n alcoh\u00f3lica: <\/strong>14% vol.<\/li>\n<li><strong>Nota de cata:<\/strong> Su color rub\u00ed y su aroma juvenil, exuberante y mineral, un magn\u00edfico equilibrio entre fruta, estructura densa y alcohol.<\/li>\n<li><strong>Informaci\u00f3n adicional:<\/strong> Contiene sulfitos.<\/li>\n<\/ul>\n","protected":false},"excerpt":{"rendered":"<p>Quinta Nova Refer\u00eancia Tinto 2016 Regi\u00f3n: Douro. Capacidad: 75cL Variedades de uva: Tinta Roriz, Vinhas Velhas Blend. Graduaci\u00f3n alcoh\u00f3lica: 14% vol. Nota de cata: Su color rub\u00ed y su aroma juvenil, exuberante y mineral, un magn\u00edfico equilibrio entre fruta, estructura densa y alcohol. Informaci\u00f3n adicional: Contiene sulfitos.<\/p>\n","protected":false},"featured_media":7085,"template":"","meta":{"_monsterinsights_skip_tracking":false,"_monsterinsights_sitenote_active":false,"_monsterinsights_sitenote_note":"","_monsterinsights_sitenote_category":0},"product_brand":[],"product_cat":[217,209,212,213,262,102],"product_tag":[],"class_list":{"0":"post-6575","1":"product","2":"type-product","3":"status-publish","4":"has-post-thumbnail","6":"product_cat-douro-es","7":"product_cat-pais-es-2","8":"product_cat-portugal-es-2","9":"product_cat-region-es","10":"product_cat-tinto-es-5","11":"product_cat-vinos","13":"first","14":"instock","15":"taxable","16":"shipping-taxable","17":"purchasable","18":"product-type-simple"},"aioseo_notices":[],"_links":{"self":[{"href":"https:\/\/pwinecastes.com\/es\/wp-json\/wp\/v2\/product\/6575","targetHints":{"allow":["GET"]}}],"collection":[{"href":"https:\/\/pwinecastes.com\/es\/wp-json\/wp\/v2\/product"}],"about":[{"href":"https:\/\/pwinecastes.com\/es\/wp-json\/wp\/v2\/types\/product"}],"version-history":[{"count":0,"href":"https:\/\/pwinecastes.com\/es\/wp-json\/wp\/v2\/product\/6575\/revisions"}],"wp:featuredmedia":[{"embeddable":true,"href":"https:\/\/pwinecastes.com\/es\/wp-json\/wp\/v2\/media\/7085"}],"wp:attachment":[{"href":"https:\/\/pwinecastes.com\/es\/wp-json\/wp\/v2\/media?parent=6575"}],"wp:term":[{"taxonomy":"product_brand","embeddable":true,"href":"https:\/\/pwinecastes.com\/es\/wp-json\/wp\/v2\/product_brand?post=6575"},{"taxonomy":"product_cat","embeddable":true,"href":"https:\/\/pwinecastes.com\/es\/wp-json\/wp\/v2\/product_cat?post=6575"},{"taxonomy":"product_tag","embeddable":true,"href":"https:\/\/pwinecastes.com\/es\/wp-json\/wp\/v2\/product_tag?post=6575"}],"curies":[{"name":"wp","href":"https:\/\/api.w.org\/{rel}","templated":true}]}}