{"id":6584,"date":"2024-04-20T15:34:16","date_gmt":"2024-04-20T15:34:16","guid":{"rendered":"https:\/\/luxuryinportugal.com\/pwinecastes\/product\/quinta-nova-rosado-2022\/"},"modified":"2025-01-14T15:08:10","modified_gmt":"2025-01-14T15:08:10","slug":"quinta-nova-rosado-2022","status":"publish","type":"product","link":"https:\/\/pwinecastes.com\/es\/product\/quinta-nova-rosado-2022\/","title":{"rendered":"Quinta Nova Rosado 2023"},"content":{"rendered":"<p>Quinta Nova Rosado 2023<\/p>\n<ul>\n<li><strong>Regi\u00f3n: <\/strong>Douro<\/li>\n<li><strong>Capacidad:<\/strong> 75 cL<\/li>\n<li><strong>Variedades de uva: <\/strong>Bivarietal<\/li>\n<li><strong>Graduaci\u00f3n alcoh\u00f3lica: <\/strong>13% vol.<\/li>\n<li><strong>Nota de cata: <\/strong>Aromas intensos y brillantes de frambuesa y grosella combinados con menta silvestre. En boca tiene una estructura delicada, textura sedosa, buena complejidad y equilibrio. Final largo y preciso.<\/li>\n<li><strong>Informaci\u00f3n adicional:<\/strong> Contiene sulfitos.<\/li>\n<\/ul>\n","protected":false},"excerpt":{"rendered":"<p>Quinta Nova Rosado 2023 Regi\u00f3n: Douro Capacidad: 75 cL Variedades de uva: Bivarietal Graduaci\u00f3n alcoh\u00f3lica: 13% vol. Nota de cata: Aromas intensos y brillantes de frambuesa y grosella combinados con menta silvestre. En boca tiene una estructura delicada, textura sedosa, buena complejidad y equilibrio. Final largo y preciso. Informaci\u00f3n adicional: Contiene sulfitos.<\/p>\n","protected":false},"featured_media":7104,"template":"","meta":{"_monsterinsights_skip_tracking":false,"_monsterinsights_sitenote_active":false,"_monsterinsights_sitenote_note":"","_monsterinsights_sitenote_category":0},"product_brand":[],"product_cat":[217,209,212,213,263,102],"product_tag":[],"class_list":{"0":"post-6584","1":"product","2":"type-product","3":"status-publish","4":"has-post-thumbnail","6":"product_cat-douro-es","7":"product_cat-pais-es-2","8":"product_cat-portugal-es-2","9":"product_cat-region-es","10":"product_cat-rosado-es-4","11":"product_cat-vinos","13":"first","14":"instock","15":"taxable","16":"shipping-taxable","17":"purchasable","18":"product-type-simple"},"aioseo_notices":[],"_links":{"self":[{"href":"https:\/\/pwinecastes.com\/es\/wp-json\/wp\/v2\/product\/6584","targetHints":{"allow":["GET"]}}],"collection":[{"href":"https:\/\/pwinecastes.com\/es\/wp-json\/wp\/v2\/product"}],"about":[{"href":"https:\/\/pwinecastes.com\/es\/wp-json\/wp\/v2\/types\/product"}],"version-history":[{"count":0,"href":"https:\/\/pwinecastes.com\/es\/wp-json\/wp\/v2\/product\/6584\/revisions"}],"wp:featuredmedia":[{"embeddable":true,"href":"https:\/\/pwinecastes.com\/es\/wp-json\/wp\/v2\/media\/7104"}],"wp:attachment":[{"href":"https:\/\/pwinecastes.com\/es\/wp-json\/wp\/v2\/media?parent=6584"}],"wp:term":[{"taxonomy":"product_brand","embeddable":true,"href":"https:\/\/pwinecastes.com\/es\/wp-json\/wp\/v2\/product_brand?post=6584"},{"taxonomy":"product_cat","embeddable":true,"href":"https:\/\/pwinecastes.com\/es\/wp-json\/wp\/v2\/product_cat?post=6584"},{"taxonomy":"product_tag","embeddable":true,"href":"https:\/\/pwinecastes.com\/es\/wp-json\/wp\/v2\/product_tag?post=6584"}],"curies":[{"name":"wp","href":"https:\/\/api.w.org\/{rel}","templated":true}]}}