{"id":6599,"date":"2024-04-20T16:16:19","date_gmt":"2024-04-20T16:16:19","guid":{"rendered":"https:\/\/luxuryinportugal.com\/pwinecastes\/product\/quinta-das-mestras-grande-reserva-blanco-2020\/"},"modified":"2024-04-20T16:16:19","modified_gmt":"2024-04-20T16:16:19","slug":"quinta-das-mestras-grande-reserva-blanco-2020","status":"publish","type":"product","link":"https:\/\/pwinecastes.com\/es\/product\/quinta-das-mestras-grande-reserva-blanco-2020\/","title":{"rendered":"Quinta das Mestras Grande Reserva Blanco 2020"},"content":{"rendered":"<p>Quinta das Mestras Grande Reserva Blanco 2020<\/p>\n<ul>\n<li><strong>Regi\u00f3n: <\/strong>D\u00e3o.<\/li>\n<li><strong>Capacidad:<\/strong> 75cL<\/li>\n<li><strong>Variedades de uva: <\/strong>Encruzado.<\/li>\n<li><strong>Graduaci\u00f3n alcoh\u00f3lica: <\/strong>13,5% vol.<\/li>\n<li><strong>Nota de cata:<\/strong> Amarillo c\u00edtrico, limpio y transparente. Perfil afrutado intenso, azahar, lima y pomelo. Fresco, buena acidez, elegancia en la silueta y amplitud de sabor. Termina de forma persistente, acentuando la nota general de frescor.<\/li>\n<li><strong>Informaci\u00f3n adicional:<\/strong> Contiene sulfitos.<\/li>\n<\/ul>\n","protected":false},"excerpt":{"rendered":"<p>Quinta das Mestras Grande Reserva Blanco 2020 Regi\u00f3n: D\u00e3o. Capacidad: 75cL Variedades de uva: Encruzado. Graduaci\u00f3n alcoh\u00f3lica: 13,5% vol. Nota de cata: Amarillo c\u00edtrico, limpio y transparente. Perfil afrutado intenso, azahar, lima y pomelo. Fresco, buena acidez, elegancia en la silueta y amplitud de sabor. Termina de forma persistente, acentuando la nota general de frescor. [&hellip;]<\/p>\n","protected":false},"featured_media":6588,"template":"","meta":{"_monsterinsights_skip_tracking":false,"_monsterinsights_sitenote_active":false,"_monsterinsights_sitenote_note":"","_monsterinsights_sitenote_category":0},"product_brand":[],"product_cat":[413],"product_tag":[],"class_list":{"0":"post-6599","1":"product","2":"type-product","3":"status-publish","4":"has-post-thumbnail","6":"product_cat-gourmet-en","8":"first","9":"instock","10":"taxable","11":"shipping-taxable","12":"purchasable","13":"product-type-simple"},"aioseo_notices":[],"_links":{"self":[{"href":"https:\/\/pwinecastes.com\/es\/wp-json\/wp\/v2\/product\/6599","targetHints":{"allow":["GET"]}}],"collection":[{"href":"https:\/\/pwinecastes.com\/es\/wp-json\/wp\/v2\/product"}],"about":[{"href":"https:\/\/pwinecastes.com\/es\/wp-json\/wp\/v2\/types\/product"}],"version-history":[{"count":0,"href":"https:\/\/pwinecastes.com\/es\/wp-json\/wp\/v2\/product\/6599\/revisions"}],"wp:featuredmedia":[{"embeddable":true,"href":"https:\/\/pwinecastes.com\/es\/wp-json\/wp\/v2\/media\/6588"}],"wp:attachment":[{"href":"https:\/\/pwinecastes.com\/es\/wp-json\/wp\/v2\/media?parent=6599"}],"wp:term":[{"taxonomy":"product_brand","embeddable":true,"href":"https:\/\/pwinecastes.com\/es\/wp-json\/wp\/v2\/product_brand?post=6599"},{"taxonomy":"product_cat","embeddable":true,"href":"https:\/\/pwinecastes.com\/es\/wp-json\/wp\/v2\/product_cat?post=6599"},{"taxonomy":"product_tag","embeddable":true,"href":"https:\/\/pwinecastes.com\/es\/wp-json\/wp\/v2\/product_tag?post=6599"}],"curies":[{"name":"wp","href":"https:\/\/api.w.org\/{rel}","templated":true}]}}