{"id":6721,"date":"2024-04-23T11:17:56","date_gmt":"2024-04-23T11:17:56","guid":{"rendered":"https:\/\/luxuryinportugal.com\/pwinecastes\/product\/redoma-rojo-2017\/"},"modified":"2024-10-28T15:50:46","modified_gmt":"2024-10-28T15:50:46","slug":"redoma-rojo-2017","status":"publish","type":"product","link":"https:\/\/pwinecastes.com\/es\/product\/redoma-rojo-2017\/","title":{"rendered":"Redoma Rojo 2019"},"content":{"rendered":"<p>Redoma Rojo 2019<\/p>\n<ul>\n<li><strong>Regi\u00f3n: <\/strong>Douro.<\/li>\n<li><strong>Capacidad:<\/strong> 75 cL<\/li>\n<li><strong>Variedades de uva: <\/strong>Tinta Amarela, Touriga Franca, Rufete, Tinta Roriz y Tinto C\u00e3o.<\/li>\n<li><strong>Graduaci\u00f3n alcoh\u00f3lica: <\/strong>12,5% vol.<\/li>\n<li><strong>Notas de cata:<\/strong> La Redoma tiene un aroma muy fresco y bals\u00e1mico. Profundo, concentrado, muestra el lado austero del Duero, con notas vegetales y algunos tallos. Complejo, multidimensional: por un lado, en boca se siente el terru\u00f1o, el esquisto, el fr\u00edo del invierno; por otro, es picante y tiene notas especiadas que reflejan el calor de los calurosos meses de verano en el Duero. Es vibrante, con taninos ligeramente r\u00fasticos integrados en una acidez refrescante. El final es largo, mineral y extremadamente elegante. Un vino con gran potencial de envejecimiento y mucho car\u00e1cter.<\/li>\n<li><strong>Maridaje: <\/strong>Platos picantes, filete a la pimienta, carne roja, caza. Sugerencias vegetarianas: platos picantes, por ejemplo con setas.<\/li>\n<li><strong>Informaci\u00f3n adicional:<\/strong> Contiene sulfitos.<\/li>\n<\/ul>\n","protected":false},"excerpt":{"rendered":"<p>Redoma Rojo 2019 Regi\u00f3n: Douro. Capacidad: 75 cL Variedades de uva: Tinta Amarela, Touriga Franca, Rufete, Tinta Roriz y Tinto C\u00e3o. Graduaci\u00f3n alcoh\u00f3lica: 12,5% vol. Notas de cata: La Redoma tiene un aroma muy fresco y bals\u00e1mico. Profundo, concentrado, muestra el lado austero del Duero, con notas vegetales y algunos tallos. Complejo, multidimensional: por un [&hellip;]<\/p>\n","protected":false},"featured_media":15040,"template":"","meta":{"_monsterinsights_skip_tracking":false,"_monsterinsights_sitenote_active":false,"_monsterinsights_sitenote_note":"","_monsterinsights_sitenote_category":0},"product_brand":[],"product_cat":[217,209,212,213,262,102],"product_tag":[],"class_list":{"0":"post-6721","1":"product","2":"type-product","3":"status-publish","4":"has-post-thumbnail","6":"product_cat-douro-es","7":"product_cat-pais-es-2","8":"product_cat-portugal-es-2","9":"product_cat-region-es","10":"product_cat-tinto-es-5","11":"product_cat-vinos","13":"first","14":"instock","15":"taxable","16":"shipping-taxable","17":"purchasable","18":"product-type-simple"},"aioseo_notices":[],"_links":{"self":[{"href":"https:\/\/pwinecastes.com\/es\/wp-json\/wp\/v2\/product\/6721","targetHints":{"allow":["GET"]}}],"collection":[{"href":"https:\/\/pwinecastes.com\/es\/wp-json\/wp\/v2\/product"}],"about":[{"href":"https:\/\/pwinecastes.com\/es\/wp-json\/wp\/v2\/types\/product"}],"version-history":[{"count":0,"href":"https:\/\/pwinecastes.com\/es\/wp-json\/wp\/v2\/product\/6721\/revisions"}],"wp:featuredmedia":[{"embeddable":true,"href":"https:\/\/pwinecastes.com\/es\/wp-json\/wp\/v2\/media\/15040"}],"wp:attachment":[{"href":"https:\/\/pwinecastes.com\/es\/wp-json\/wp\/v2\/media?parent=6721"}],"wp:term":[{"taxonomy":"product_brand","embeddable":true,"href":"https:\/\/pwinecastes.com\/es\/wp-json\/wp\/v2\/product_brand?post=6721"},{"taxonomy":"product_cat","embeddable":true,"href":"https:\/\/pwinecastes.com\/es\/wp-json\/wp\/v2\/product_cat?post=6721"},{"taxonomy":"product_tag","embeddable":true,"href":"https:\/\/pwinecastes.com\/es\/wp-json\/wp\/v2\/product_tag?post=6721"}],"curies":[{"name":"wp","href":"https:\/\/api.w.org\/{rel}","templated":true}]}}