{"id":6786,"date":"2024-04-23T14:03:33","date_gmt":"2024-04-23T14:03:33","guid":{"rendered":"https:\/\/luxuryinportugal.com\/pwinecastes\/product\/ribeiro-santo-pinot-noir-2017\/"},"modified":"2024-05-25T16:35:05","modified_gmt":"2024-05-25T16:35:05","slug":"ribeiro-santo-pinot-noir-2017","status":"publish","type":"product","link":"https:\/\/pwinecastes.com\/es\/product\/ribeiro-santo-pinot-noir-2017\/","title":{"rendered":"Ribeiro Santo Pinot Noir 2017"},"content":{"rendered":"<p>Ribeiro Santo Pinot Noir 2017<\/p>\n<ul>\n<li><strong>Regi\u00f3n:<\/strong> D\u00e3o.<\/li>\n<li><strong>Capacidad:<\/strong> 75cL<\/li>\n<li><strong>Variedades:<\/strong> Pinot Noir.<\/li>\n<li><strong>Graduaci\u00f3n alcoh\u00f3lica: <\/strong>13,5% vol.<\/li>\n<li><strong>Nota de cata:<\/strong> Color rub\u00ed suave, aroma de frutos rojos como frambuesas y fresas silvestres. En boca es muy redondo y fresco, con notas de especias dulces y un final largo y elegante.<\/li>\n<li><strong>Informaci\u00f3n adicional:<\/strong> Contiene sulfitos.<\/li>\n<\/ul>\n","protected":false},"excerpt":{"rendered":"<p>Ribeiro Santo Pinot Noir 2017 Regi\u00f3n: D\u00e3o. Capacidad: 75cL Variedades: Pinot Noir. Graduaci\u00f3n alcoh\u00f3lica: 13,5% vol. Nota de cata: Color rub\u00ed suave, aroma de frutos rojos como frambuesas y fresas silvestres. En boca es muy redondo y fresco, con notas de especias dulces y un final largo y elegante. Informaci\u00f3n adicional: Contiene sulfitos.<\/p>\n","protected":false},"featured_media":7154,"template":"","meta":{"_monsterinsights_skip_tracking":false,"_monsterinsights_sitenote_active":false,"_monsterinsights_sitenote_note":"","_monsterinsights_sitenote_category":0},"product_brand":[],"product_cat":[216,209,212,213,249,102],"product_tag":[],"class_list":{"0":"post-6786","1":"product","2":"type-product","3":"status-publish","4":"has-post-thumbnail","6":"product_cat-dao-es","7":"product_cat-pais-es-2","8":"product_cat-portugal-es-2","9":"product_cat-region-es","10":"product_cat-tinto-es-4","11":"product_cat-vinos","13":"first","14":"instock","15":"taxable","16":"shipping-taxable","17":"purchasable","18":"product-type-simple"},"aioseo_notices":[],"_links":{"self":[{"href":"https:\/\/pwinecastes.com\/es\/wp-json\/wp\/v2\/product\/6786","targetHints":{"allow":["GET"]}}],"collection":[{"href":"https:\/\/pwinecastes.com\/es\/wp-json\/wp\/v2\/product"}],"about":[{"href":"https:\/\/pwinecastes.com\/es\/wp-json\/wp\/v2\/types\/product"}],"version-history":[{"count":0,"href":"https:\/\/pwinecastes.com\/es\/wp-json\/wp\/v2\/product\/6786\/revisions"}],"wp:featuredmedia":[{"embeddable":true,"href":"https:\/\/pwinecastes.com\/es\/wp-json\/wp\/v2\/media\/7154"}],"wp:attachment":[{"href":"https:\/\/pwinecastes.com\/es\/wp-json\/wp\/v2\/media?parent=6786"}],"wp:term":[{"taxonomy":"product_brand","embeddable":true,"href":"https:\/\/pwinecastes.com\/es\/wp-json\/wp\/v2\/product_brand?post=6786"},{"taxonomy":"product_cat","embeddable":true,"href":"https:\/\/pwinecastes.com\/es\/wp-json\/wp\/v2\/product_cat?post=6786"},{"taxonomy":"product_tag","embeddable":true,"href":"https:\/\/pwinecastes.com\/es\/wp-json\/wp\/v2\/product_tag?post=6786"}],"curies":[{"name":"wp","href":"https:\/\/api.w.org\/{rel}","templated":true}]}}