{"id":6808,"date":"2024-04-23T14:17:49","date_gmt":"2024-04-23T14:17:49","guid":{"rendered":"https:\/\/luxuryinportugal.com\/pwinecastes\/product\/ribeiro-santo-touriga-nacional-tinto-2015\/"},"modified":"2025-09-10T11:12:20","modified_gmt":"2025-09-10T11:12:20","slug":"ribeiro-santo-touriga-nacional-tinto-2015","status":"publish","type":"product","link":"https:\/\/pwinecastes.com\/es\/product\/ribeiro-santo-touriga-nacional-tinto-2015\/","title":{"rendered":"Ribeiro Santo Touriga Nacional Tinto 2020"},"content":{"rendered":"<p>Ribeiro Santo Touriga Nacional Tinto 2020<\/p>\n<ul>\n<li><strong>Regi\u00f3n: <\/strong>D\u00e3o.<\/li>\n<li><strong>Capacidad:<\/strong> 75 cL<\/li>\n<li><strong>Variedades de uva: <\/strong>Touriga Nacional.<\/li>\n<li><strong>Graduaci\u00f3n alcoh\u00f3lica: <\/strong>13,5% vol.<\/li>\n<li><strong>Nota de cata: <\/strong>Concentrado, color rub\u00ed con toques de violeta. Aroma expresivo con moras y guindas, flores del campo y notas especiadas. De cuerpo medio, mineral, con buena acidez para aportar frescura, taninos finos y un final firme y especiado.<\/li>\n<li><strong>Informaci\u00f3n adicional:<\/strong> Contiene sulfitos.<\/li>\n<\/ul>\n","protected":false},"excerpt":{"rendered":"<p>Ribeiro Santo Touriga Nacional Tinto 2020 Regi\u00f3n: D\u00e3o. Capacidad: 75 cL Variedades de uva: Touriga Nacional. Graduaci\u00f3n alcoh\u00f3lica: 13,5% vol. Nota de cata: Concentrado, color rub\u00ed con toques de violeta. Aroma expresivo con moras y guindas, flores del campo y notas especiadas. De cuerpo medio, mineral, con buena acidez para aportar frescura, taninos finos y [&hellip;]<\/p>\n","protected":false},"featured_media":7216,"template":"","meta":{"_monsterinsights_skip_tracking":false,"_monsterinsights_sitenote_active":false,"_monsterinsights_sitenote_note":"","_monsterinsights_sitenote_category":0},"product_brand":[],"product_cat":[216,209,212,213,249,102],"product_tag":[],"class_list":{"0":"post-6808","1":"product","2":"type-product","3":"status-publish","4":"has-post-thumbnail","6":"product_cat-dao-es","7":"product_cat-pais-es-2","8":"product_cat-portugal-es-2","9":"product_cat-region-es","10":"product_cat-tinto-es-4","11":"product_cat-vinos","13":"first","14":"instock","15":"taxable","16":"shipping-taxable","17":"purchasable","18":"product-type-simple"},"aioseo_notices":[],"_links":{"self":[{"href":"https:\/\/pwinecastes.com\/es\/wp-json\/wp\/v2\/product\/6808","targetHints":{"allow":["GET"]}}],"collection":[{"href":"https:\/\/pwinecastes.com\/es\/wp-json\/wp\/v2\/product"}],"about":[{"href":"https:\/\/pwinecastes.com\/es\/wp-json\/wp\/v2\/types\/product"}],"version-history":[{"count":0,"href":"https:\/\/pwinecastes.com\/es\/wp-json\/wp\/v2\/product\/6808\/revisions"}],"wp:featuredmedia":[{"embeddable":true,"href":"https:\/\/pwinecastes.com\/es\/wp-json\/wp\/v2\/media\/7216"}],"wp:attachment":[{"href":"https:\/\/pwinecastes.com\/es\/wp-json\/wp\/v2\/media?parent=6808"}],"wp:term":[{"taxonomy":"product_brand","embeddable":true,"href":"https:\/\/pwinecastes.com\/es\/wp-json\/wp\/v2\/product_brand?post=6808"},{"taxonomy":"product_cat","embeddable":true,"href":"https:\/\/pwinecastes.com\/es\/wp-json\/wp\/v2\/product_cat?post=6808"},{"taxonomy":"product_tag","embeddable":true,"href":"https:\/\/pwinecastes.com\/es\/wp-json\/wp\/v2\/product_tag?post=6808"}],"curies":[{"name":"wp","href":"https:\/\/api.w.org\/{rel}","templated":true}]}}