{"id":7018,"date":"2024-04-24T09:59:31","date_gmt":"2024-04-24T09:59:31","guid":{"rendered":"https:\/\/luxuryinportugal.com\/pwinecastes\/product\/soalheiro-alvarinho-2023\/"},"modified":"2025-08-11T09:57:00","modified_gmt":"2025-08-11T09:57:00","slug":"soalheiro-alvarinho-2023","status":"publish","type":"product","link":"https:\/\/pwinecastes.com\/es\/product\/soalheiro-alvarinho-2023\/","title":{"rendered":"Soalheiro Alvarinho 2024"},"content":{"rendered":"<p>Soalheiro Alvarinho 2024<\/p>\n<ul>\n<li><strong>Regi\u00f3n: <\/strong>Mon\u00e7\u00e3o y Melga\u00e7o.<\/li>\n<li><strong>Capacidad:<\/strong> 75 cL<\/li>\n<li><strong>Variedades de uva:<\/strong> Alvarinho.<\/li>\n<li><strong>Graduaci\u00f3n alcoh\u00f3lica: <\/strong>12,5% vol.<\/li>\n<li><strong>Nota de cata:<\/strong> Color amarillo c\u00edtrico, aroma con el perfil del Alvarinho Soalheiro Cl\u00e1ssico, intenso y tropical con notas minerales.<\/li>\n<li><strong>Maridaje: <\/strong>Ideal como aperitivo o para acompa\u00f1ar platos de marisco, pescado o aves.<\/li>\n<li><strong>Informaci\u00f3n adicional:<\/strong> Contiene sulfitos.<\/li>\n<\/ul>\n","protected":false},"excerpt":{"rendered":"<p>Soalheiro Alvarinho 2024 Regi\u00f3n: Mon\u00e7\u00e3o y Melga\u00e7o. Capacidad: 75 cL Variedades de uva: Alvarinho. Graduaci\u00f3n alcoh\u00f3lica: 12,5% vol. Nota de cata: Color amarillo c\u00edtrico, aroma con el perfil del Alvarinho Soalheiro Cl\u00e1ssico, intenso y tropical con notas minerales. Maridaje: Ideal como aperitivo o para acompa\u00f1ar platos de marisco, pescado o aves. Informaci\u00f3n adicional: Contiene sulfitos.<\/p>\n","protected":false},"featured_media":18691,"template":"","meta":{"_monsterinsights_skip_tracking":false,"_monsterinsights_sitenote_active":false,"_monsterinsights_sitenote_note":"","_monsterinsights_sitenote_category":0},"product_brand":[],"product_cat":[209,212,213,219,102],"product_tag":[],"class_list":{"0":"post-7018","1":"product","2":"type-product","3":"status-publish","4":"has-post-thumbnail","6":"product_cat-pais-es-2","7":"product_cat-portugal-es-2","8":"product_cat-region-es","9":"product_cat-vinho-verde-es","10":"product_cat-vinos","12":"first","13":"instock","14":"taxable","15":"shipping-taxable","16":"purchasable","17":"product-type-simple"},"aioseo_notices":[],"_links":{"self":[{"href":"https:\/\/pwinecastes.com\/es\/wp-json\/wp\/v2\/product\/7018","targetHints":{"allow":["GET"]}}],"collection":[{"href":"https:\/\/pwinecastes.com\/es\/wp-json\/wp\/v2\/product"}],"about":[{"href":"https:\/\/pwinecastes.com\/es\/wp-json\/wp\/v2\/types\/product"}],"version-history":[{"count":0,"href":"https:\/\/pwinecastes.com\/es\/wp-json\/wp\/v2\/product\/7018\/revisions"}],"wp:featuredmedia":[{"embeddable":true,"href":"https:\/\/pwinecastes.com\/es\/wp-json\/wp\/v2\/media\/18691"}],"wp:attachment":[{"href":"https:\/\/pwinecastes.com\/es\/wp-json\/wp\/v2\/media?parent=7018"}],"wp:term":[{"taxonomy":"product_brand","embeddable":true,"href":"https:\/\/pwinecastes.com\/es\/wp-json\/wp\/v2\/product_brand?post=7018"},{"taxonomy":"product_cat","embeddable":true,"href":"https:\/\/pwinecastes.com\/es\/wp-json\/wp\/v2\/product_cat?post=7018"},{"taxonomy":"product_tag","embeddable":true,"href":"https:\/\/pwinecastes.com\/es\/wp-json\/wp\/v2\/product_tag?post=7018"}],"curies":[{"name":"wp","href":"https:\/\/api.w.org\/{rel}","templated":true}]}}