{"id":7045,"date":"2024-04-24T10:53:14","date_gmt":"2024-04-24T10:53:14","guid":{"rendered":"https:\/\/luxuryinportugal.com\/pwinecastes\/product\/sou-quinta-de-santiago-e-mira-do-o\/"},"modified":"2024-05-25T16:26:08","modified_gmt":"2024-05-25T16:26:08","slug":"sou-quinta-de-santiago-e-mira-do-o","status":"publish","type":"product","link":"https:\/\/pwinecastes.com\/es\/product\/sou-quinta-de-santiago-e-mira-do-o\/","title":{"rendered":"SOU Quinta de Santiago e Mira do \u00d3"},"content":{"rendered":"<p>SOU Quinta de Santiago e Mira do \u00d3<\/p>\n<ul>\n<li><strong>Regi\u00f3n: <\/strong>Mon\u00e7\u00e3o.<\/li>\n<li><strong>Capacidad:<\/strong> 75cL<\/li>\n<li><strong>Variedades de uva: <\/strong>Alvarinho.<\/li>\n<li><strong>Graduaci\u00f3n alcoh\u00f3lica: <\/strong>12,5% vol.<\/li>\n<li><strong>Nota de cata<\/strong>: Nariz compleja que se muestra a medida que se airea en la copa, con notas de albaricoque, hoja de lim\u00f3n, especias, flores silvestres y piedra h\u00fameda. En boca muestra una gran textura, frescura y persistencia. La acidez est\u00e1 en gran armon\u00eda con el volumen y modera las notas arom\u00e1ticas en un final muy largo, tenso y delicioso.<\/li>\n<li><strong>Maridaje: <\/strong>Combina bien con marisco, pescado a la parrilla y carnes asadas.<\/li>\n<li><strong>Informaci\u00f3n adicional:<\/strong> Contiene sulfitos.<\/li>\n<\/ul>\n","protected":false},"excerpt":{"rendered":"<p>SOU Quinta de Santiago e Mira do \u00d3 Regi\u00f3n: Mon\u00e7\u00e3o. Capacidad: 75cL Variedades de uva: Alvarinho. Graduaci\u00f3n alcoh\u00f3lica: 12,5% vol. Nota de cata: Nariz compleja que se muestra a medida que se airea en la copa, con notas de albaricoque, hoja de lim\u00f3n, especias, flores silvestres y piedra h\u00fameda. En boca muestra una gran textura, [&hellip;]<\/p>\n","protected":false},"featured_media":7319,"template":"","meta":{"_monsterinsights_skip_tracking":false,"_monsterinsights_sitenote_active":false,"_monsterinsights_sitenote_note":"","_monsterinsights_sitenote_category":0},"product_brand":[],"product_cat":[288,209,212,213,219,102],"product_tag":[],"class_list":{"0":"post-7045","1":"product","2":"type-product","3":"status-publish","4":"has-post-thumbnail","6":"product_cat-blanco-es-7","7":"product_cat-pais-es-2","8":"product_cat-portugal-es-2","9":"product_cat-region-es","10":"product_cat-vinho-verde-es","11":"product_cat-vinos","13":"first","14":"outofstock","15":"taxable","16":"shipping-taxable","17":"purchasable","18":"product-type-simple"},"aioseo_notices":[],"_links":{"self":[{"href":"https:\/\/pwinecastes.com\/es\/wp-json\/wp\/v2\/product\/7045","targetHints":{"allow":["GET"]}}],"collection":[{"href":"https:\/\/pwinecastes.com\/es\/wp-json\/wp\/v2\/product"}],"about":[{"href":"https:\/\/pwinecastes.com\/es\/wp-json\/wp\/v2\/types\/product"}],"version-history":[{"count":0,"href":"https:\/\/pwinecastes.com\/es\/wp-json\/wp\/v2\/product\/7045\/revisions"}],"wp:featuredmedia":[{"embeddable":true,"href":"https:\/\/pwinecastes.com\/es\/wp-json\/wp\/v2\/media\/7319"}],"wp:attachment":[{"href":"https:\/\/pwinecastes.com\/es\/wp-json\/wp\/v2\/media?parent=7045"}],"wp:term":[{"taxonomy":"product_brand","embeddable":true,"href":"https:\/\/pwinecastes.com\/es\/wp-json\/wp\/v2\/product_brand?post=7045"},{"taxonomy":"product_cat","embeddable":true,"href":"https:\/\/pwinecastes.com\/es\/wp-json\/wp\/v2\/product_cat?post=7045"},{"taxonomy":"product_tag","embeddable":true,"href":"https:\/\/pwinecastes.com\/es\/wp-json\/wp\/v2\/product_tag?post=7045"}],"curies":[{"name":"wp","href":"https:\/\/api.w.org\/{rel}","templated":true}]}}