{"id":7049,"date":"2024-04-24T10:58:41","date_gmt":"2024-04-24T10:58:41","guid":{"rendered":"https:\/\/luxuryinportugal.com\/pwinecastes\/product\/taboadella-grande-villae-blanco-2019\/"},"modified":"2024-05-25T16:07:07","modified_gmt":"2024-05-25T16:07:07","slug":"taboadella-grande-villae-blanco-2019","status":"publish","type":"product","link":"https:\/\/pwinecastes.com\/es\/product\/taboadella-grande-villae-blanco-2019\/","title":{"rendered":"Taboadella Grande Villae Blanco 2019"},"content":{"rendered":"<p>Taboadella Grande Villae Blanco 2019<\/p>\n<ul>\n<li><strong>Regi\u00f3n:<\/strong> D\u00e3o.<\/li>\n<li><strong>Capacidad:<\/strong> 75cL<\/li>\n<li><strong>Variedades de uva: <\/strong>Encruzado, Bical y Vi\u00f1as viejas.<\/li>\n<li><strong>Graduaci\u00f3n alcoh\u00f3lica: <\/strong>14% vol.<\/li>\n<li><strong>Nota de cata:<\/strong> Un vino cl\u00e1sico del territorio, del lugar, que expresa el brillante terru\u00f1o de Taboadella, sin filtrar, tal y como lo hemos idealizado desde que llegamos. Con una complejidad arom\u00e1tica casi indescriptible, es un gran blanco firme, de textura sedosa y fina linealidad. Con una gran concentraci\u00f3n, es un vino magn\u00edfico con una acidez vibrante que s\u00f3lo el D\u00e3o puede ofrecer, que termina largo, persistente y muy preciso.<\/li>\n<li><strong>Informaci\u00f3n adicional:<\/strong> Contiene sulfitos.<\/li>\n<\/ul>\n","protected":false},"excerpt":{"rendered":"<p>Taboadella Grande Villae Blanco 2019 Regi\u00f3n: D\u00e3o. Capacidad: 75cL Variedades de uva: Encruzado, Bical y Vi\u00f1as viejas. Graduaci\u00f3n alcoh\u00f3lica: 14% vol. Nota de cata: Un vino cl\u00e1sico del territorio, del lugar, que expresa el brillante terru\u00f1o de Taboadella, sin filtrar, tal y como lo hemos idealizado desde que llegamos. Con una complejidad arom\u00e1tica casi indescriptible, [&hellip;]<\/p>\n","protected":false},"featured_media":7328,"template":"","meta":{"_monsterinsights_skip_tracking":false,"_monsterinsights_sitenote_active":false,"_monsterinsights_sitenote_note":"","_monsterinsights_sitenote_category":0},"product_brand":[],"product_cat":[250,216,209,212,213,102],"product_tag":[],"class_list":{"0":"post-7049","1":"product","2":"type-product","3":"status-publish","4":"has-post-thumbnail","6":"product_cat-blanco-es-3","7":"product_cat-dao-es","8":"product_cat-pais-es-2","9":"product_cat-portugal-es-2","10":"product_cat-region-es","11":"product_cat-vinos","13":"first","14":"instock","15":"taxable","16":"shipping-taxable","17":"purchasable","18":"product-type-simple"},"aioseo_notices":[],"_links":{"self":[{"href":"https:\/\/pwinecastes.com\/es\/wp-json\/wp\/v2\/product\/7049","targetHints":{"allow":["GET"]}}],"collection":[{"href":"https:\/\/pwinecastes.com\/es\/wp-json\/wp\/v2\/product"}],"about":[{"href":"https:\/\/pwinecastes.com\/es\/wp-json\/wp\/v2\/types\/product"}],"version-history":[{"count":0,"href":"https:\/\/pwinecastes.com\/es\/wp-json\/wp\/v2\/product\/7049\/revisions"}],"wp:featuredmedia":[{"embeddable":true,"href":"https:\/\/pwinecastes.com\/es\/wp-json\/wp\/v2\/media\/7328"}],"wp:attachment":[{"href":"https:\/\/pwinecastes.com\/es\/wp-json\/wp\/v2\/media?parent=7049"}],"wp:term":[{"taxonomy":"product_brand","embeddable":true,"href":"https:\/\/pwinecastes.com\/es\/wp-json\/wp\/v2\/product_brand?post=7049"},{"taxonomy":"product_cat","embeddable":true,"href":"https:\/\/pwinecastes.com\/es\/wp-json\/wp\/v2\/product_cat?post=7049"},{"taxonomy":"product_tag","embeddable":true,"href":"https:\/\/pwinecastes.com\/es\/wp-json\/wp\/v2\/product_tag?post=7049"}],"curies":[{"name":"wp","href":"https:\/\/api.w.org\/{rel}","templated":true}]}}