{"id":7147,"date":"2024-04-24T15:17:03","date_gmt":"2024-04-24T15:17:03","guid":{"rendered":"https:\/\/luxuryinportugal.com\/pwinecastes\/product\/taboadella-grande-villae-tinto-2018\/"},"modified":"2024-05-25T16:06:47","modified_gmt":"2024-05-25T16:06:47","slug":"taboadella-grande-villae-tinto-2018","status":"publish","type":"product","link":"https:\/\/pwinecastes.com\/es\/product\/taboadella-grande-villae-tinto-2018\/","title":{"rendered":"Taboadella Grande Villae Tinto 2018"},"content":{"rendered":"<p>Taboadella Grande Villae Tinto 2018<\/p>\n<ul>\n<li><strong>Regi\u00f3n:<\/strong> D\u00e3o.<\/li>\n<li><strong>Capacidad:<\/strong> 75cL<\/li>\n<li><strong>Variedades de uva: <\/strong>Alfrocheiro, Touriga Nacional y Tinta Roriz.<\/li>\n<li><strong>Graduaci\u00f3n alcoh\u00f3lica: <\/strong>14% vol.<\/li>\n<li><strong>Nota de cata:<\/strong> El tinto Grande Villae es un vino de herencia, con una personalidad fuerte y generosa, que nos habla del vi\u00f1edo de Taboadella, que siempre ha producido tintos con una intensidad compleja y una estructura muy elegante. Pero tambi\u00e9n es un vino para el futuro que sorprende por su energ\u00eda, amplificada por la mineralidad que est\u00e1 muy presente y donde en cada cata encontramos el grito del territorio, la expresi\u00f3n pura del granito, la sutil elegancia de las variedades de uva cultivadas en altura y con persistencia, \u00a1respeta la memoria de su lugar!<\/li>\n<li><strong>Maridaje: <\/strong>Combina bien con platos fuertes de carne y embutidos o, preferiblemente, al final de una comida con un buen queso serrano.<\/li>\n<li><strong>Informaci\u00f3n adicional:<\/strong> Contiene sulfitos.<\/li>\n<\/ul>\n","protected":false},"excerpt":{"rendered":"<p>Taboadella Grande Villae Tinto 2018 Regi\u00f3n: D\u00e3o. Capacidad: 75cL Variedades de uva: Alfrocheiro, Touriga Nacional y Tinta Roriz. Graduaci\u00f3n alcoh\u00f3lica: 14% vol. Nota de cata: El tinto Grande Villae es un vino de herencia, con una personalidad fuerte y generosa, que nos habla del vi\u00f1edo de Taboadella, que siempre ha producido tintos con una intensidad [&hellip;]<\/p>\n","protected":false},"featured_media":7343,"template":"","meta":{"_monsterinsights_skip_tracking":false,"_monsterinsights_sitenote_active":false,"_monsterinsights_sitenote_note":"","_monsterinsights_sitenote_category":0},"product_brand":[],"product_cat":[216,209,212,213,249,102],"product_tag":[],"class_list":{"0":"post-7147","1":"product","2":"type-product","3":"status-publish","4":"has-post-thumbnail","6":"product_cat-dao-es","7":"product_cat-pais-es-2","8":"product_cat-portugal-es-2","9":"product_cat-region-es","10":"product_cat-tinto-es-4","11":"product_cat-vinos","13":"first","14":"instock","15":"taxable","16":"shipping-taxable","17":"purchasable","18":"product-type-simple"},"aioseo_notices":[],"_links":{"self":[{"href":"https:\/\/pwinecastes.com\/es\/wp-json\/wp\/v2\/product\/7147","targetHints":{"allow":["GET"]}}],"collection":[{"href":"https:\/\/pwinecastes.com\/es\/wp-json\/wp\/v2\/product"}],"about":[{"href":"https:\/\/pwinecastes.com\/es\/wp-json\/wp\/v2\/types\/product"}],"version-history":[{"count":0,"href":"https:\/\/pwinecastes.com\/es\/wp-json\/wp\/v2\/product\/7147\/revisions"}],"wp:featuredmedia":[{"embeddable":true,"href":"https:\/\/pwinecastes.com\/es\/wp-json\/wp\/v2\/media\/7343"}],"wp:attachment":[{"href":"https:\/\/pwinecastes.com\/es\/wp-json\/wp\/v2\/media?parent=7147"}],"wp:term":[{"taxonomy":"product_brand","embeddable":true,"href":"https:\/\/pwinecastes.com\/es\/wp-json\/wp\/v2\/product_brand?post=7147"},{"taxonomy":"product_cat","embeddable":true,"href":"https:\/\/pwinecastes.com\/es\/wp-json\/wp\/v2\/product_cat?post=7147"},{"taxonomy":"product_tag","embeddable":true,"href":"https:\/\/pwinecastes.com\/es\/wp-json\/wp\/v2\/product_tag?post=7147"}],"curies":[{"name":"wp","href":"https:\/\/api.w.org\/{rel}","templated":true}]}}