{"id":7187,"date":"2024-04-24T16:43:39","date_gmt":"2024-04-24T16:43:39","guid":{"rendered":"https:\/\/luxuryinportugal.com\/pwinecastes\/product\/taboadella-villae-rojo-2021\/"},"modified":"2024-05-25T15:55:53","modified_gmt":"2024-05-25T15:55:53","slug":"taboadella-villae-rojo-2021","status":"publish","type":"product","link":"https:\/\/pwinecastes.com\/es\/product\/taboadella-villae-rojo-2021\/","title":{"rendered":"Taboadella Villae Rojo 2021"},"content":{"rendered":"<p>Taboadella Villae Rojo 2021<\/p>\n<ul>\n<li><strong>Regi\u00f3n:<\/strong> D\u00e3o.<\/li>\n<li><strong>Capacidad:<\/strong> 75cL<\/li>\n<li><strong>Variedades de uva: <\/strong>Tinta Roriz, Ja\u00e9n, Alfrocheiro y Tinta Pinheira.<\/li>\n<li><strong>Graduaci\u00f3n alcoh\u00f3lica: <\/strong>13,5% vol.<\/li>\n<li><strong>Nota de cata: <\/strong>La tinta roriz aporta estructura y m\u00fasculo, la jienense resalta su agarre natural, el alfrocheiro aporta mineralidad y la tinta pinheira muestra aromas de bosque y arbolado.<\/li>\n<li><strong>Informaci\u00f3n adicional:<\/strong> Contiene sulfitos.<\/li>\n<\/ul>\n","protected":false},"excerpt":{"rendered":"<p>Taboadella Villae Rojo 2021 Regi\u00f3n: D\u00e3o. Capacidad: 75cL Variedades de uva: Tinta Roriz, Ja\u00e9n, Alfrocheiro y Tinta Pinheira. Graduaci\u00f3n alcoh\u00f3lica: 13,5% vol. Nota de cata: La tinta roriz aporta estructura y m\u00fasculo, la jienense resalta su agarre natural, el alfrocheiro aporta mineralidad y la tinta pinheira muestra aromas de bosque y arbolado. Informaci\u00f3n adicional: Contiene [&hellip;]<\/p>\n","protected":false},"featured_media":7382,"template":"","meta":{"_monsterinsights_skip_tracking":false,"_monsterinsights_sitenote_active":false,"_monsterinsights_sitenote_note":"","_monsterinsights_sitenote_category":0},"product_brand":[],"product_cat":[216,209,212,249,102],"product_tag":[],"class_list":{"0":"post-7187","1":"product","2":"type-product","3":"status-publish","4":"has-post-thumbnail","6":"product_cat-dao-es","7":"product_cat-pais-es-2","8":"product_cat-portugal-es-2","9":"product_cat-tinto-es-4","10":"product_cat-vinos","12":"first","13":"instock","14":"taxable","15":"shipping-taxable","16":"purchasable","17":"product-type-simple"},"aioseo_notices":[],"_links":{"self":[{"href":"https:\/\/pwinecastes.com\/es\/wp-json\/wp\/v2\/product\/7187","targetHints":{"allow":["GET"]}}],"collection":[{"href":"https:\/\/pwinecastes.com\/es\/wp-json\/wp\/v2\/product"}],"about":[{"href":"https:\/\/pwinecastes.com\/es\/wp-json\/wp\/v2\/types\/product"}],"version-history":[{"count":0,"href":"https:\/\/pwinecastes.com\/es\/wp-json\/wp\/v2\/product\/7187\/revisions"}],"wp:featuredmedia":[{"embeddable":true,"href":"https:\/\/pwinecastes.com\/es\/wp-json\/wp\/v2\/media\/7382"}],"wp:attachment":[{"href":"https:\/\/pwinecastes.com\/es\/wp-json\/wp\/v2\/media?parent=7187"}],"wp:term":[{"taxonomy":"product_brand","embeddable":true,"href":"https:\/\/pwinecastes.com\/es\/wp-json\/wp\/v2\/product_brand?post=7187"},{"taxonomy":"product_cat","embeddable":true,"href":"https:\/\/pwinecastes.com\/es\/wp-json\/wp\/v2\/product_cat?post=7187"},{"taxonomy":"product_tag","embeddable":true,"href":"https:\/\/pwinecastes.com\/es\/wp-json\/wp\/v2\/product_tag?post=7187"}],"curies":[{"name":"wp","href":"https:\/\/api.w.org\/{rel}","templated":true}]}}