{"id":7191,"date":"2024-04-24T17:03:06","date_gmt":"2024-04-24T17:03:06","guid":{"rendered":"https:\/\/luxuryinportugal.com\/pwinecastes\/?post_type=product&#038;p=7191"},"modified":"2025-03-05T18:22:32","modified_gmt":"2025-03-05T18:22:32","slug":"terras-do-grifo-vinhas-velhas-tinto-2017","status":"publish","type":"product","link":"https:\/\/pwinecastes.com\/es\/product\/terras-do-grifo-vinhas-velhas-tinto-2017\/","title":{"rendered":"Terras do Grifo Vinhas Velhas Tinto 2017"},"content":{"rendered":"<p>Terras do Grifo Vinhas Velhas Tinto 2017<\/p>\n<ul>\n<li><strong>Regi\u00e3o:\u00a0<\/strong>Douro<\/li>\n<li><strong>Capacidade:<\/strong>\u00a075cL<\/li>\n<li><strong>Castas: <\/strong>Touriga Nacional, Touriga Franca, Sous\u00e3o<\/li>\n<li><strong>Teor Alco\u00f3lico:\u00a0<\/strong>15%<\/li>\n<li><strong>Notas de prova:<\/strong> Cor rubi fechada. Mostra uma complexidade arom\u00e1tica rica, onde as notas de fruta compotada exibem bem o car\u00e1ter do Douro Superior. Os taninos presentes s\u00e3o macios e polidos, num conjunto de grande equil\u00edbrio, eleg\u00e2ncia, maturidade e potencial de guarda.<\/li>\n<li><strong>Harmoniza\u00e7\u00e3o: <\/strong>Ideal para acompanhar pratos ricos e elaborados.<\/li>\n<li><strong>Outras Informa\u00e7\u00f5es:<\/strong>\u00a0Cont\u00e9m sulfitos.<\/li>\n<\/ul>\n","protected":false},"excerpt":{"rendered":"<p>Terras do Grifo Vinhas Velhas Tinto 2017 Regi\u00e3o:\u00a0Douro Capacidade:\u00a075cL Castas: Touriga Nacional, Touriga Franca, Sous\u00e3o Teor Alco\u00f3lico:\u00a015% Notas de prova: Cor rubi fechada. Mostra uma complexidade arom\u00e1tica rica, onde as notas de fruta compotada exibem bem o car\u00e1ter do Douro Superior. Os taninos presentes s\u00e3o macios e polidos, num conjunto de grande equil\u00edbrio, eleg\u00e2ncia, maturidade [&hellip;]<\/p>\n","protected":false},"featured_media":7404,"template":"","meta":{"_monsterinsights_skip_tracking":false,"_monsterinsights_sitenote_active":false,"_monsterinsights_sitenote_note":"","_monsterinsights_sitenote_category":0},"product_brand":[],"product_cat":[122,104,128,103,256,100],"product_tag":[],"class_list":{"0":"post-7191","1":"product","2":"type-product","3":"status-publish","4":"has-post-thumbnail","6":"product_cat-douro","7":"product_cat-pais","8":"product_cat-portugal","9":"product_cat-regiao","10":"product_cat-tinto-5","11":"product_cat-vinhos","13":"first","14":"instock","15":"featured","16":"taxable","17":"shipping-taxable","18":"purchasable","19":"product-type-simple"},"aioseo_notices":[],"_links":{"self":[{"href":"https:\/\/pwinecastes.com\/es\/wp-json\/wp\/v2\/product\/7191","targetHints":{"allow":["GET"]}}],"collection":[{"href":"https:\/\/pwinecastes.com\/es\/wp-json\/wp\/v2\/product"}],"about":[{"href":"https:\/\/pwinecastes.com\/es\/wp-json\/wp\/v2\/types\/product"}],"version-history":[{"count":0,"href":"https:\/\/pwinecastes.com\/es\/wp-json\/wp\/v2\/product\/7191\/revisions"}],"wp:featuredmedia":[{"embeddable":true,"href":"https:\/\/pwinecastes.com\/es\/wp-json\/wp\/v2\/media\/7404"}],"wp:attachment":[{"href":"https:\/\/pwinecastes.com\/es\/wp-json\/wp\/v2\/media?parent=7191"}],"wp:term":[{"taxonomy":"product_brand","embeddable":true,"href":"https:\/\/pwinecastes.com\/es\/wp-json\/wp\/v2\/product_brand?post=7191"},{"taxonomy":"product_cat","embeddable":true,"href":"https:\/\/pwinecastes.com\/es\/wp-json\/wp\/v2\/product_cat?post=7191"},{"taxonomy":"product_tag","embeddable":true,"href":"https:\/\/pwinecastes.com\/es\/wp-json\/wp\/v2\/product_tag?post=7191"}],"curies":[{"name":"wp","href":"https:\/\/api.w.org\/{rel}","templated":true}]}}