{"id":7196,"date":"2024-04-24T17:10:16","date_gmt":"2024-04-24T17:10:16","guid":{"rendered":"https:\/\/luxuryinportugal.com\/pwinecastes\/product\/tiara-blanca-niepoort-2020\/"},"modified":"2024-05-25T15:49:01","modified_gmt":"2024-05-25T15:49:01","slug":"tiara-blanca-niepoort-2020","status":"publish","type":"product","link":"https:\/\/pwinecastes.com\/es\/product\/tiara-blanca-niepoort-2020\/","title":{"rendered":"Tiara Blanca Niepoort 2020"},"content":{"rendered":"<p>Tiara Blanca Niepoort 2020<\/p>\n<ul>\n<li><strong>Regi\u00f3n: <\/strong>Douro.<\/li>\n<li><strong>Capacidad:<\/strong> 75cL<\/li>\n<li><strong>Variedades de uva: <\/strong>C\u00f3dega do Larinho, Rabigato, Donzelinho, Cercial y otras.<\/li>\n<li><strong>Graduaci\u00f3n alcoh\u00f3lica: <\/strong>12,5% vol.<\/li>\n<li><strong>Nota de cata:<\/strong> La nariz es discreta, con notas florales caracter\u00edsticas de la variedad de uva C\u00f3dega do Larinho, con un fondo de c\u00edtricos y frutas de huerta y un toque de miel. En boca tiene volumen y estructura. \u00a1El regusto es casi picante, persistente y prolongado por una excelente acidez! Este Tiara es un vino vers\u00e1til que puede empezar y terminar una comida, que se abrir\u00e1 joven pero que sin duda tendr\u00e1 una larga vida en botella.<\/li>\n<li><strong>Maridaje: <\/strong>Platos de pescado a la parrilla. Marisco y carne blanca. Sugerencias vegetarianas: verduras salteadas y ensaladas.<\/li>\n<li><strong>Informaci\u00f3n adicional:<\/strong> Contiene sulfitos.<\/li>\n<\/ul>\n","protected":false},"excerpt":{"rendered":"<p>Tiara Blanca Niepoort 2020 Regi\u00f3n: Douro. Capacidad: 75cL Variedades de uva: C\u00f3dega do Larinho, Rabigato, Donzelinho, Cercial y otras. Graduaci\u00f3n alcoh\u00f3lica: 12,5% vol. Nota de cata: La nariz es discreta, con notas florales caracter\u00edsticas de la variedad de uva C\u00f3dega do Larinho, con un fondo de c\u00edtricos y frutas de huerta y un toque de [&hellip;]<\/p>\n","protected":false},"featured_media":7415,"template":"","meta":{"_monsterinsights_skip_tracking":false,"_monsterinsights_sitenote_active":false,"_monsterinsights_sitenote_note":"","_monsterinsights_sitenote_category":0},"product_brand":[],"product_cat":[261,217,209,212,213,102],"product_tag":[],"class_list":{"0":"post-7196","1":"product","2":"type-product","3":"status-publish","4":"has-post-thumbnail","6":"product_cat-blanco-es-4","7":"product_cat-douro-es","8":"product_cat-pais-es-2","9":"product_cat-portugal-es-2","10":"product_cat-region-es","11":"product_cat-vinos","13":"first","14":"outofstock","15":"taxable","16":"shipping-taxable","17":"purchasable","18":"product-type-simple"},"aioseo_notices":[],"_links":{"self":[{"href":"https:\/\/pwinecastes.com\/es\/wp-json\/wp\/v2\/product\/7196","targetHints":{"allow":["GET"]}}],"collection":[{"href":"https:\/\/pwinecastes.com\/es\/wp-json\/wp\/v2\/product"}],"about":[{"href":"https:\/\/pwinecastes.com\/es\/wp-json\/wp\/v2\/types\/product"}],"version-history":[{"count":0,"href":"https:\/\/pwinecastes.com\/es\/wp-json\/wp\/v2\/product\/7196\/revisions"}],"wp:featuredmedia":[{"embeddable":true,"href":"https:\/\/pwinecastes.com\/es\/wp-json\/wp\/v2\/media\/7415"}],"wp:attachment":[{"href":"https:\/\/pwinecastes.com\/es\/wp-json\/wp\/v2\/media?parent=7196"}],"wp:term":[{"taxonomy":"product_brand","embeddable":true,"href":"https:\/\/pwinecastes.com\/es\/wp-json\/wp\/v2\/product_brand?post=7196"},{"taxonomy":"product_cat","embeddable":true,"href":"https:\/\/pwinecastes.com\/es\/wp-json\/wp\/v2\/product_cat?post=7196"},{"taxonomy":"product_tag","embeddable":true,"href":"https:\/\/pwinecastes.com\/es\/wp-json\/wp\/v2\/product_tag?post=7196"}],"curies":[{"name":"wp","href":"https:\/\/api.w.org\/{rel}","templated":true}]}}